{"id":16,"date":"2021-07-25T12:14:11","date_gmt":"2021-07-25T12:14:11","guid":{"rendered":"https:\/\/faduwart.hu\/honlap\/?page_id=16"},"modified":"2021-07-27T19:46:28","modified_gmt":"2021-07-27T19:46:28","slug":"szoftverek","status":"publish","type":"page","link":"https:\/\/www.faduwart.hu\/honlap\/szoftverek\/","title":{"rendered":"Szoftverek"},"content":{"rendered":"\n<p>A mikro-, kis- \u00e9s k\u00f6z\u00e9pv\u00e1llalkoz\u00e1sok, valamint az oktat\u00e1si int\u00e9zm\u00e9nyek sz\u00e1m\u00e1ra hasznos szoftvereket gy\u0171jt\u00f6tt\u00fcnk itt egybe. T\u00f6bbnek elk\u00e9sz\u00edtett\u00fck a magyar nyelv\u0171 v\u00e1ltozat\u00e1t is. (Sajnos, az els\u0151 nagyszer\u0171 szoftver, amit magyarr\u00e1 var\u00e1zsoltunk, a NeoBook m\u00e1r nem l\u00e9tezik, de helyette van a VisualNeo for MS Windows, de ennek m\u00e9g nincs magyar verzi\u00f3ja&#8230;)<\/p>\n\n\n\n<div id=\"accordions-277\" class=\"accordions-277 accordions\">\r\n                <div id=\"accordions-lazy-277\" class=\"accordions-lazy\">\r\n                    <\/div>\r\n        <script>\r\n            (function($) {\r\n                $(window).on(\"load\",function(){\r\n                    $('#accordions-lazy-277').fadeOut();\r\n                    $('#accordions-277 .items').fadeIn();\r\n                })\r\n        })(jQuery);\r\n        <\/script>        <div id=\"expand-collapse-277\" class=\"expand-collapse\" accordion-id=\"277\">\r\n            <span class=\"expand\"><i class=\"fas fa-expand\"><\/i> \u00d6sszeset megnyitja<\/span><span class=\"collapse\"><i class=\"fas fa-compress\"><\/i> \u00d6sszeset bez\u00e1rja<\/span>\r\n        <\/div>\r\n        <script>\r\n            jQuery(document).ready(function($){\r\n                $(\"#accordions-277 .expand-collapse\").click(function() {\r\n                    if( $(this).hasClass(\"active\") ) $(this).removeClass(\"active\");\r\n                    else $(this).addClass(\"active\");\r\n                    accordion_id = $(this).attr(\"accordion-id\");\r\n                    $(\"#accordions-\"+accordion_id+\" .ui-accordion-header:not(.ui-state-active)\").next().slideToggle();\r\n                });\r\n            })\r\n        <\/script>\r\n        <style type=\"text\/css\">\r\n            .accordions-277 .expand-collapse{\r\n                background-color: #dd8d16 !important;\r\n            }\r\n        <\/style>\r\n                <div id=\"search-input-277\" class=\"search-input-wrap\" >\r\n            <input class=\"search-input\" placeholder=\"Keres\u00e9s...\" value=\"\">\r\n        <\/div>\r\n        <script>\r\n            jQuery(document).ready(function($){\r\n                jQuery(document).on('keyup', '#search-input-277 input.search-input', function(){\r\n                    keyword = jQuery(this).val().toLowerCase();\r\n                    content_head = [];\r\n                    content_body = [];\r\n                    $('#accordions-277 .items  .accordions-head-title').each(function( index ) {\r\n                        content = $( this ).text().toLowerCase();\r\n                        content_head[index] = content;\r\n                        $( this ).parent().removeClass(\"accordion-header-active\");\r\n                        $( this ).parent().removeClass(\"ui-state-active\");\r\n                    });\r\n                    $('#accordions-277 .items  .accordion-content').each(function( index ) {\r\n                        $( this ).hide();\r\n                        content = $( this ).text().toLowerCase();\r\n                        content_body[index] = content + ' ' + content_head[index];\r\n                        n = content_body[index].indexOf(keyword);\r\n                        if(n<0){\r\n                            $( this ).prev().hide();\r\n                        }else{\r\n                            $( this ).prev().show();\r\n                        }\r\n                    });\r\n                })\r\n            })\r\n        <\/script>\r\n        <style type='text\/css'>\r\n        @media only screen and (min-width: 1024px) {\r\n            #accordions-277 {\r\n                width: 100%;\r\n                            }\r\n        }\r\n        @media only screen and (min-width: 768px) and (max-width: 1023px) {\r\n            #accordions-277 {\r\n                width: 100%;\r\n                            }\r\n        }\r\n        @media only screen and (min-width: 0px) and (max-width: 767px) {\r\n            #accordions-277 {\r\n                width: 100%;\r\n                            }\r\n        }\r\n        #accordions-277 .items {\r\n            display: none;\r\n        }\r\n\r\n        #accordions-277 .accordions-lazy {\r\n            text-align: center;\r\n            position: absolute;\r\n            top: 50%;\r\n            left: 50%;\r\n            transform: translate(-50%, -50%);\r\n        }\r\n\r\n        #accordions-277 {\r\n            text-align: left;\r\n            background: #ffffff url() repeat scroll 0 0;\r\n            position: relative;\r\n        }\r\n\r\n        #accordions-277 .accordions-head {\r\n            background: #dda552 none repeat scroll 0 0;\r\n            \r\n                        outline: none;\r\n        }\r\n\r\n        #accordions-277 .accordions-head-title {\r\n            font-family: Oswald;\r\n            color: #565656;\r\n            font-size: 20px;\r\n                    }\r\n\r\n        #accordions-277 .accordions-head-title-toggle {\r\n            color: #565656;\r\n            font-size: 20px;\r\n                    }\r\n\r\n        #accordions-277 .accordions-head:hover .accordions-head-title {\r\n            color: #ffffff;\r\n                    }\r\n\r\n        #accordions-277 .ui-state-active {\r\n            background: #ddc699;\r\n            border: none;\r\n        }\r\n\r\n        #accordions-277 .accordion-content {\r\n            background: #ededad none repeat scroll 0 0;\r\n            color: #191919;\r\n            border: none;\r\n        }\r\n\r\n        #accordions-277 .accordion-icons {\r\n            font-size: 20;\r\n                    }\r\n\r\n        #accordions-277 .accordions-head:hover .accordion-icons span {\r\n                    }\r\n\r\n            <\/style>\r\n<div class=\"items\">\r\n                        <div post_id=\"277\" itemcount=\"0\" header_id=\"header-1627413017058\" id=\"header-1627413017058\" style=\"\" class=\"accordions-head head1627413017058 border-none\" toggle-text=\"\" main-text=\"E-book k\u00e9sz\u00edt\u0151, szerkeszt\u0151, olvas\u00f3, kezel\u0151\">\r\n                                            <span id=\"accordion-icons-1627413017058\" class=\"accordion-icons\">\r\n                            <span class=\"accordion-icon-active accordion-plus\"><i class=\"fas fa-chevron-up\"><\/i><\/span>\r\n                            <span class=\"accordion-icon-inactive accordion-minus\"><i class=\"fas fa-chevron-right\"><\/i><\/span>\r\n                        <\/span>\r\n                        <span id=\"header-text-1627413017058\" class=\"accordions-head-title\">E-book k\u00e9sz\u00edt\u0151, szerkeszt\u0151, olvas\u00f3, kezel\u0151<\/span>\r\n                                    <\/div>\r\n                <div class=\"accordion-content content1627413017058 \">\r\n                    <p><img class=\"alignnone size-medium wp-image-147\" src=\"https:\/\/faduwart.hu\/honlap\/wp-content\/uploads\/2021\/07\/logo-kotobee-author-2000x477-2-300x72.png\" alt=\"\" width=\"300\" height=\"72\" \/><\/p>\n<p><strong>Kotobee Author<\/strong><br \/>\n<strong>eBook szerkeszt\u0151<\/strong>, amivel interakt\u00edv e-k\u00f6nyveket k\u00e9sz\u00edthet\u00fcnk, majd export\u00e1lhatjuk webre, sz\u00e1m\u00edt\u00f3g\u00e9pre \u00e9s mobil eszk\u00f6z\u00f6kre.\u00a0<a class=\"\" href=\"https:\/\/faduwart.hu\/honlap\/kotobee-author-e-book-keszito-es-szerkeszto-szoftver\/\">R\u00e9szletek\u2026<\/a><\/p>\n<p><img class=\"alignnone size-medium wp-image-157\" src=\"https:\/\/faduwart.hu\/honlap\/wp-content\/uploads\/2021\/07\/logo-kotobee-reader-2000x477-2-300x72.png\" alt=\"\" width=\"300\" height=\"72\" \/><\/p>\n<p><strong>Kotobee Reader<\/strong><br \/>\n<strong>Interakt\u00edv eBook olvas\u00f3<\/strong>. \u00d6n\u00e1ll\u00f3an futtathat\u00f3, olvas\u00f3ba \u00e1gyazott kiadv\u00e1ny, illetve k\u00fcl\u00f6n\u00e1ll\u00f3 olvas\u00f3, amiben meg lehet nyitni az eBookot.\u00a0<a class=\"\" href=\"https:\/\/faduwart.hu\/honlap\/szoftverek\/kotobee-reader-e-book-olvaso-szoftver\/\">R\u00e9szletek\u2026<\/a><\/p>\n                <\/div>\r\n                        <div post_id=\"277\" itemcount=\"1\" header_id=\"header-1627413221470\" id=\"header-1627413221470\" style=\"\" class=\"accordions-head head1627413221470 border-none\" toggle-text=\"\" main-text=\"Applik\u00e1ci\u00f3- \u00e9s alkalmaz\u00e1sk\u00e9sz\u00edt\u0151k webre, mobilra, Windows-ra\">\r\n                                            <span id=\"accordion-icons-1627413221470\" class=\"accordion-icons\">\r\n                            <span class=\"accordion-icon-active accordion-plus\"><i class=\"fas fa-chevron-up\"><\/i><\/span>\r\n                            <span class=\"accordion-icon-inactive accordion-minus\"><i class=\"fas fa-chevron-right\"><\/i><\/span>\r\n                        <\/span>\r\n                        <span id=\"header-text-1627413221470\" class=\"accordions-head-title\">Applik\u00e1ci\u00f3- \u00e9s alkalmaz\u00e1sk\u00e9sz\u00edt\u0151k webre, mobilra, Windows-ra<\/span>\r\n                                    <\/div>\r\n                <div class=\"accordion-content content1627413221470 \">\r\n                    <p><img class=\"alignnone size-medium wp-image-99\" src=\"https:\/\/faduwart.hu\/honlap\/wp-content\/uploads\/2021\/07\/visualNEO-web-2-300x67.png\" alt=\"\" width=\"300\" height=\"67\" \/><\/p>\n<p><strong>VisualNeo Web<\/strong><br \/>\nEzzel a Windows szoftverrel WebApp-okat, Progressz\u00edv Web App-okat (PWA-t), NW.js sz\u00e1m\u00edt\u00f3g\u00e9pes (Windows, Linux \u00e9s Mac OS X) appokat \u00e9s PhoneGap appokat lehet l\u00e9trehozni, sz\u00f3val applik\u00e1ci\u00f3kat a webre, a sz\u00e1m\u00edt\u00f3g\u00e9pre \u00e9s a mobil eszk\u00f6z\u00f6kre. <a href=\"https:\/\/faduwart.hu\/honlap\/szoftverek\/visualneo-web\/\">R\u00e9szletek...<\/a><\/p>\n<p><img class=\"alignnone size-medium wp-image-100\" src=\"https:\/\/faduwart.hu\/honlap\/wp-content\/uploads\/2021\/07\/visualNEO-win-2-300x65.png\" alt=\"\" width=\"300\" height=\"65\" \/><\/p>\n<p><strong>VisualNeo Win<\/strong><br \/>\nEzzel a Windows szoftverrel Windows alatt futtathat\u00f3 exe alkalmaz\u00e1sokat lehet k\u00e9sz\u00edteni.<br \/>\nK\u00f6nnyen haszn\u00e1lhat\u00f3 saj\u00e1t programnyelve van, aminek haszn\u00e1lat\u00e1hoz interakt\u00edv beviteli eszk\u00f6z ny\u00fajt seg\u00edts\u00e9get, de programoz\u00e1s n\u00e9lk\u00fcl is k\u00e9sz\u00edthet\u0151 vele alkalmaz\u00e1s. Sz\u00e1mtalan ingyenes \u00e9s fizet\u0151s bedolgoz\u00f3 tartozik, ami tov\u00e1bb n\u00f6veli a k\u00e9pess\u00e9geit.<\/p>\n                <\/div>\r\n                        <div post_id=\"277\" itemcount=\"2\" header_id=\"header-1627414051687\" id=\"header-1627414051687\" style=\"\" class=\"accordions-head head1627414051687 border-none\" toggle-text=\"\" main-text=\"Menedzsment szoftverek\">\r\n                                            <span id=\"accordion-icons-1627414051687\" class=\"accordion-icons\">\r\n                            <span class=\"accordion-icon-active accordion-plus\"><i class=\"fas fa-chevron-up\"><\/i><\/span>\r\n                            <span class=\"accordion-icon-inactive accordion-minus\"><i class=\"fas fa-chevron-right\"><\/i><\/span>\r\n                        <\/span>\r\n                        <span id=\"header-text-1627414051687\" class=\"accordions-head-title\">Menedzsment szoftverek<\/span>\r\n                                    <\/div>\r\n                <div class=\"accordion-content content1627414051687 \">\r\n                    <p><img src=\"https:\/\/www.faduwart.hu\/honlap\/wp-content\/uploads\/2022\/02\/logo.png\" \/><\/p>\n<p><strong>Net Control 2<\/strong><br \/>\n<strong>Oszt\u00e1lyterem-kezel\u0151 <\/strong>szoftvercsal\u00e1d az egy oszt\u00e1lytermes kis oktatat\u00f3c\u00e9gt\u0151l eg\u00e9szen a t\u00f6bb ezer sz\u00e1m\u00edt\u00f3g\u00e9ppel rendelkez\u0151 int\u00e9zm\u00e9nyek sz\u00e1m\u00e1ra k\u00fcl\u00f6nb\u00f6z\u0151 megold\u00e1st k\u00edn\u00e1l Classroom, SmallClass \u00e9s PRO verzi\u00f3ban. <a href=\"https:\/\/www.faduwart.hu\/honlap\/szoftverek\/net-control-2\/\">R\u00e9szletek...<\/a><\/p>\n<p><img class=\"alignnone size-medium wp-image-125\" src=\"https:\/\/faduwart.hu\/honlap\/wp-content\/uploads\/2021\/07\/logo-rationalplansingle-2000x477-1-300x72.png\" alt=\"\" width=\"300\" height=\"72\" \/><\/p>\n<p><strong>RationalPlan SingleProject<\/strong><br \/>\n<strong>Projekttervez\u0151 \u00e9s kezel\u0151<\/strong> k\u00fcl\u00f6n\u00e1ll\u00f3 projektekhez. Seg\u00edts\u00e9get ny\u00fajt k\u00f6vetkezetes projektterv k\u00e9sz\u00edt\u00e9s\u00e9ben, er\u0151forr\u00e1s-eloszt\u00e1sban, munkaterhel\u00e9s-elemz\u00e9sben, munkafolyamatok nyomk\u00f6vet\u00e9s\u00e9ben, projektk\u00f6lts\u00e9gek becsl\u00e9s\u00e9ben, k\u00f6lts\u00e9gvet\u00e9s kezel\u00e9sben. <a href=\"https:\/\/faduwart.hu\/honlap\/szoftverek\/rationalplan-projektterv-keszito-szoftver\/\">R\u00e9szletek...<\/a><\/p>\n<p><img class=\"alignnone size-medium wp-image-120\" src=\"https:\/\/faduwart.hu\/honlap\/wp-content\/uploads\/2021\/07\/logo-rationalplanmulti-2000x477-1-300x72.png\" alt=\"rationalplanmulti\" width=\"300\" height=\"72\" \/><\/p>\n<p><strong>RationalPlan MultiProject<br \/>\nProjekttervez\u0151 \u00e9s kezel\u0151\u00a0<\/strong>\u00f6sszef\u00fcgg\u0151 projektekhez. Seg\u00edts\u00e9get ny\u00fajt k\u00f6vetkezetes projektterv k\u00e9sz\u00edt\u00e9s\u00e9ben, er\u0151forr\u00e1s-eloszt\u00e1sban, munkaterhel\u00e9s-elemz\u00e9sben, munkafolyamatok nyomk\u00f6vet\u00e9s\u00e9ben, projektk\u00f6lts\u00e9gek becsl\u00e9s\u00e9ben, k\u00f6lts\u00e9gvet\u00e9s kezel\u00e9sben. <a href=\"https:\/\/faduwart.hu\/honlap\/szoftverek\/rationalplan-projektterv-keszito-szoftver\/\">R\u00e9szletek...<\/a><\/p>\n<p><img class=\"alignnone size-medium wp-image-127\" src=\"https:\/\/faduwart.hu\/honlap\/wp-content\/uploads\/2021\/07\/logo-rationalplanviewer-2000x477-1-300x72.png\" alt=\"rationalplanviewer\" width=\"300\" height=\"72\" \/><\/p>\n<p><strong>RationalPlan ProjectViewer<\/strong><br \/>\nEz egy ingyenes, a projekteket dinamikusan mutat\u00f3 szoftver. Folyamat\u00e1ban lehet beletekinteni a projektbe, azt l\u00e1tja a felhaszn\u00e1l\u00f3ja, amit a projektmenedzser, de m\u00f3dos\u00edt\u00e1sokat eszk\u00f6z\u00f6lni nem lehet vele. A projektet megrendel\u0151k \u00e9s a tev\u00e9kenys\u00e9geket v\u00e9grehajt\u00f3k haszn\u00e1lj\u00e1k. <a href=\"https:\/\/faduwart.hu\/honlap\/szoftverek\/rationalplan-projektterv-keszito-szoftver\/\">R\u00e9szletek...<\/a><\/p>\n<p><img class=\"alignnone size-medium wp-image-122\" src=\"https:\/\/faduwart.hu\/honlap\/wp-content\/uploads\/2021\/07\/logo-rationalplanserver-2000x477-1-300x72.png\" alt=\"rationalplanserver\" width=\"300\" height=\"72\" \/><\/p>\n<p><strong>RationalPlan ProjectServer<\/strong><br \/>\nA RationalPlan MultiProjecthez kapcsolhat\u00f3, amivel a projekt szerepl\u0151it is be lehet kapcsolni a terv folyamat\u00e1nak kezel\u00e9s\u00e9be. Az egyes szerepl\u0151knek k\u00fcl\u00f6nb\u00f6z\u0151 jogosults\u00e1guk van (tervez\u0151, \u00fcgyf\u00e9l, er\u0151forr\u00e1s, adminisztr\u00e1tor). Az interneten kereszt\u00fcl \u00e9rhet\u0151 el a projektf\u00e1jl, teh\u00e1t egy v\u00e1llalati szerver is sz\u00fcks\u00e9ges az \u00fczemeltet\u00e9s\u00e9hez. <a href=\"https:\/\/faduwart.hu\/honlap\/szoftverek\/rationalplan-projektterv-keszito-szoftver\/\">R\u00e9szletek...<\/a><\/p>\n<p><img class=\"alignnone wp-image-129 size-medium\" src=\"https:\/\/faduwart.hu\/honlap\/wp-content\/uploads\/2021\/07\/logo-simul8-2000x477-1-300x72.png\" alt=\"simul8 log\u00f3\" width=\"300\" height=\"72\" \/><br \/>\n<strong>Simul8 Standard, Simul8 Pro<br \/>\n<\/strong><strong>Szimul\u00e1ci\u00f3s, modellez\u0151 \u00e9s optimaliz\u00e1l\u00f3. <\/strong>V\u00e1llalati folyamatok (pl. gy\u00e1rt\u00e1si folyamat, call center bej\u00f6v\u0151 h\u00edv\u00e1sok, ell\u00e1t\u00e1si l\u00e1nc, kapacit\u00e1s tervez\u00e9s, k\u00f3rh\u00e1zi beteg\u00fat tervez\u00e9se ) szimul\u00e1ci\u00f3ja, modellez\u00e9se \u00e9s optimaliz\u00e1l\u00e1sa hajthat\u00f3 v\u00e9gre.<\/p>\n                <\/div>\r\n            <\/div>\r\n    <script>\r\n   (function($) {\r\n\r\n $( document ).ready( function() {\r\n            accordions_active_index_277 = [];\r\n                })})(jQuery);\r\n    <\/script>    <script>\r\n        (function($) {\r\n $( document ).ready( function() {\r\n            accordion_277 = $(\"#accordions-277 .items\").accordion({\r\n                event: \"click\",\r\n                collapsible: true,\r\n                heightStyle: \"content\",\r\n                animate: (\"linear\", 1000),\r\n                navigation: true,\r\n                active: 999,\r\n                                    beforeActivate: function(event, ui) {\r\n                        if (ui.newHeader[0]) {\r\n                            var currHeader = ui.newHeader;\r\n                            var currContent = currHeader.next(\".ui-accordion-content\");\r\n                        } else {\r\n                            var currHeader = ui.oldHeader;\r\n                            var currContent = currHeader.next(\".ui-accordion-content\");\r\n                        }\r\n                        var isPanelSelected = currHeader.attr(\"aria-selected\") == \"true\";\r\n                        currHeader.toggleClass(\"ui-corner-all\", isPanelSelected).toggleClass(\"accordion-header-active ui-state-active ui-corner-top\", !isPanelSelected).attr(\"aria-selected\", ((!isPanelSelected).toString()));\r\n                        currHeader.children(\".ui-icon\").toggleClass(\"ui-icon-triangle-1-e\", isPanelSelected).toggleClass(\"ui-icon-triangle-1-s\", !isPanelSelected);\r\n                        currContent.toggleClass(\"accordion-content-active\", !isPanelSelected)\r\n                        if (isPanelSelected) {\r\n                            currContent.slideUp();\r\n                        } else {\r\n                            currContent.slideDown();\r\n                        }\r\n                        return false;\r\n                    },\r\n                            });\r\n        })})(jQuery);\r\n    <\/script>\r\n        <script>\r\n        jQuery(document).ready(function($){\r\n            $( \"#accordions-277 .items\" ).on( \"accordionactivate\", function( event, ui ) {\r\n                            } );\r\n            if(typeof accordions_active_index_277 != 'undefined'){\r\n                for(var k in accordions_active_index_277) {\r\n                    console.log(accordions_active_index_277[k]);\r\n                    index = accordions_active_index_277[k];\r\n                    $(\"#accordions-277 .items\").accordion(\"option\", \"active\", index);\r\n                }\r\n            }\r\n                            $(\"#accordions-277 .accordions-head\").click(function () {\r\n                    header_id = $(this).attr('header_id');\r\n                    post_id = $(this).attr('post_id');\r\n                    $.ajax({\r\n                        type: 'POST',\r\n                        context: this,\r\n                        url:accordions_ajax.accordions_ajaxurl,\r\n                        data: {\r\n                            \"action\" \t: \"accordions_ajax_track_header\",\r\n                            \"header_id\" : header_id,\r\n                            \"post_id\" : post_id,\r\n                        },\r\n                        success: function( data ) {\r\n                            \/\/console.log(data);\r\n                        }\r\n                    });\r\n                });\r\n                                            })\r\n    <\/script>\r\n                <\/div>\n\n\n\n<p><\/p>\n","protected":false},"excerpt":{"rendered":"<p>A mikro-, kis- \u00e9s k\u00f6z\u00e9pv\u00e1llalkoz\u00e1sok, valamint az oktat\u00e1si int\u00e9zm\u00e9nyek sz\u00e1m\u00e1ra hasznos szoftvereket gy\u0171jt\u00f6tt\u00fcnk itt egybe. T\u00f6bbnek elk\u00e9sz\u00edtett\u00fck a magyar nyelv\u0171 v\u00e1ltozat\u00e1t is. (Sajnos, az els\u0151 nagyszer\u0171 szoftver, amit magyarr\u00e1 var\u00e1zsoltunk, a NeoBook m\u00e1r nem l\u00e9tezik, de helyette van a VisualNeo for MS Windows, de ennek m\u00e9g nincs magyar verzi\u00f3ja&#8230;)<\/p>\n","protected":false},"author":2,"featured_media":39,"parent":0,"menu_order":0,"comment_status":"closed","ping_status":"closed","template":"plus-templates\/template-portfolio.php","meta":[],"_links":{"self":[{"href":"https:\/\/www.faduwart.hu\/honlap\/wp-json\/wp\/v2\/pages\/16"}],"collection":[{"href":"https:\/\/www.faduwart.hu\/honlap\/wp-json\/wp\/v2\/pages"}],"about":[{"href":"https:\/\/www.faduwart.hu\/honlap\/wp-json\/wp\/v2\/types\/page"}],"author":[{"embeddable":true,"href":"https:\/\/www.faduwart.hu\/honlap\/wp-json\/wp\/v2\/users\/2"}],"replies":[{"embeddable":true,"href":"https:\/\/www.faduwart.hu\/honlap\/wp-json\/wp\/v2\/comments?post=16"}],"version-history":[{"count":16,"href":"https:\/\/www.faduwart.hu\/honlap\/wp-json\/wp\/v2\/pages\/16\/revisions"}],"predecessor-version":[{"id":281,"href":"https:\/\/www.faduwart.hu\/honlap\/wp-json\/wp\/v2\/pages\/16\/revisions\/281"}],"wp:featuredmedia":[{"embeddable":true,"href":"https:\/\/www.faduwart.hu\/honlap\/wp-json\/wp\/v2\/media\/39"}],"wp:attachment":[{"href":"https:\/\/www.faduwart.hu\/honlap\/wp-json\/wp\/v2\/media?parent=16"}],"curies":[{"name":"wp","href":"https:\/\/api.w.org\/{rel}","templated":true}]}}