{"id":243,"date":"2021-07-27T15:55:39","date_gmt":"2021-07-27T15:55:39","guid":{"rendered":"https:\/\/faduwart.hu\/honlap\/?page_id=243"},"modified":"2021-08-11T18:39:25","modified_gmt":"2021-08-11T18:39:25","slug":"magunkrol","status":"publish","type":"page","link":"https:\/\/www.faduwart.hu\/honlap\/magunkrol\/","title":{"rendered":"Magunkr\u00f3l"},"content":{"rendered":"\n<p>A FaduwArt Bt. 2001-ben alakult csal\u00e1di v\u00e1llalkoz\u00e1s. Jelenleg kiadv\u00e1nyok t\u00f6bbf\u00e9le form\u00e1ban t\u00f6rt\u00e9n\u0151 kivitelez\u00e9s\u00e9vel, oktat\u00e1si anyagok k\u00e9sz\u00edt\u00e9s\u00e9vel \u00e9s szoftverek honos\u00edt\u00e1s\u00e1val, \u00e9rt\u00e9kes\u00edt\u00e9s\u00e9vel foglalkozunk. Ezenk\u00edv\u00fcl az e-book web\u00e1ruh\u00e1zban e-k\u00f6nyvek, e-tank\u00f6nyvek, e-egyetemi jegyzetek forgalmaz\u00e1s\u00e1t is v\u00e1llaljuk. Mivel nincs nyomdai k\u00f6lts\u00e9g, \u00edgy igen kis r\u00e1ford\u00edt\u00e1ssal lehet mag\u00e1nkiad\u00e1s\u00fa k\u00f6nyveket megjelentetni. K\u00fcl\u00f6n\u00f6sen tan\u00e1rok, oktat\u00f3k, oktat\u00e1si int\u00e9zm\u00e9nyek sz\u00e1m\u00e1ra el\u0151ny\u00f6s megold\u00e1s!<\/p>\n\n\n\n<p>C\u00e9g\u00fcnk kezdetben sz\u00e1m\u00edt\u00f3g\u00e9pes grafik\u00e1val \u00e9s nyomdai el\u0151k\u00e9sz\u00edt\u00e9ssel foglalkozott, f\u0151k\u00e9nt m\u0171szaki t\u00e1rgy\u00fa k\u00f6nyvekhez k\u00e9sz\u00edtett illusztr\u00e1ci\u00f3kat, de ak\u00e1r teljes k\u00f6nyvet is nyomdak\u00e9ssz\u00e9 tudtunk var\u00e1zsolni k\u00e9zirat alapj\u00e1n, mint p\u00e9ld\u00e1ul a&nbsp;<strong>Fizika kult\u00fart\u00f6rt\u00e9net\u00e9<\/strong>t.<\/p>\n\n\n\n<p>K\u00e9s\u0151bb a&nbsp;<strong>NeoBook<\/strong>&nbsp;program seg\u00edts\u00e9g\u00e9vel multim\u00e9di\u00e1s kiadv\u00e1nyokkal eg\u00e9sz\u00edtett\u00fck ki tev\u00e9kenys\u00e9g\u00fcnket. Mivel a magyar piacon hi\u00e1nyzott a j\u00f3 min\u0151s\u00e9g\u0171, de megfizethet\u0151 elektronikuskiadv\u00e1ny-k\u00e9sz\u00edt\u0151 program, elv\u00e1llaltuk a magyarorsz\u00e1gi terjeszt\u00e9s\u00e9t. Ekkor mer\u00fclt fel az \u00f6tlet, hogy tov\u00e1bbi, hasonl\u00f3 param\u00e9terekkel rendelkez\u0151 szoftverek \u00e9rt\u00e9kes\u00edt\u00e9s\u00e9vel is foglalkozzunk, \u00edgy fokozatosan b\u0151v\u00edtett\u00fck term\u00e9kpalett\u00e1nkat.<\/p>\n\n\n\n<p>A&nbsp;<strong>NeoBook<\/strong>&nbsp;honos\u00edt\u00e1sa nagy siker volt, a hazai piacon szinte csak a magyar verzi\u00f3t v\u00e1s\u00e1rolt\u00e1k. Ez arra sarkallt benn\u00fcnket, hogy a mindennap haszn\u00e1latos, n\u00e9pszer\u0171 szoftvereinket leford\u00edtsuk magyarra. Ma m\u00e1r magyar nyelv\u0171 kezel\u0151fel\u00fclete van\/lehet a&nbsp;<strong>Fast-Help<\/strong>nek, az Atomic&nbsp;<strong>Email Hunter<\/strong>nek, az&nbsp;<strong>Atomic Mail Sender<\/strong>nek az&nbsp;<strong>Atomic Email Studio<\/strong>nak \u00e9s a t\u00f6bbi Atomic szoftvernek is. M\u00e1r magyar kezel\u0151fel\u00fclete \u00e9s s\u00fag\u00f3ja van a RationalPlan projekttervez\u0151 \u00e9s -kezel\u0151 \u00e9s a Kotobee e-book szerkeszt\u0151 \u00e9s k\u00e9sz\u00edt\u0151 szoftvereknek is.<\/p>\n\n\n\n<p><\/p>\n\n\n\n<p><strong>EU ad\u00f3sz\u00e1mmal<\/strong>&nbsp;rendelkez\u00fcnk, \u00edgy az Eur\u00f3pai Uni\u00f3 ter\u00fclet\u00e9re is tudunk sz\u00e1ll\u00edtani, szolg\u00e1ltatni \u00e1famentesen, ha a k\u00fclf\u00f6ldi Megrendel\u0151nek is van EU ad\u00f3sz\u00e1ma.<\/p>\n\n\n\n<figure class=\"wp-block-table is-style-regular\"><table><tbody><tr><td>Lev\u00e9lc\u00edm:&nbsp;&nbsp;<\/td><td>FaduwArt Bt., 1281 Budapest, Pf. 53.<\/td><\/tr><tr><td>Telefon:<\/td><td>+3613916863 (\u00dczenetr\u00f6gz\u00edt\u0151)<\/td><\/tr><tr><td>e-mail:<\/td><td>info@faduwart.hu<\/td><\/tr><tr><td>EU-s ad\u00f3sz\u00e1m:&nbsp;&nbsp;<\/td><td>HU 20959865<\/td><\/tr><tr><td>Banksz\u00e1mlasz\u00e1m:&nbsp;&nbsp;<\/td><td>CIB Bank, 10700718-47602308-51100005<\/td><\/tr><tr><td>Sz\u00e9khely:&nbsp;&nbsp;<\/td><td>1029 Budapest, Zs\u00edroshegyi u. 129. (nincs \u00fcgyf\u00e9lfogad\u00e1s)<\/td><\/tr><tr><td>T\u00e1rhelyszolg\u00e1ltat\u00f3:&nbsp;&nbsp;<\/td><td>T\u00e1rhely.eu<\/td><\/tr><\/tbody><\/table><\/figure>\n\n\n\n<h6>Tagja vagyunk a k\u00f6vetkez\u0151 szervezeteknek:<\/h6>\n\n\n\n<ul><li>Budapesti Kereskedelmi \u00e9s Iparkamara,<\/li><li class=\"\">Magyar Kereskedelmi \u00e9s Iparkamara Magyar\u2013K\u00ednai Tagozata,<\/li><li class=\"\">Magyar Kereskedelmi \u00e9s Iparkamara Magyar\u2013Arab Tagozata<\/li><\/ul>\n","protected":false},"excerpt":{"rendered":"<p>A FaduwArt Bt. 2001-ben alakult csal\u00e1di v\u00e1llalkoz\u00e1s. Jelenleg kiadv\u00e1nyok t\u00f6bbf\u00e9le form\u00e1ban t\u00f6rt\u00e9n\u0151 kivitelez\u00e9s\u00e9vel, oktat\u00e1si anyagok k\u00e9sz\u00edt\u00e9s\u00e9vel \u00e9s szoftverek honos\u00edt\u00e1s\u00e1val, \u00e9rt\u00e9kes\u00edt\u00e9s\u00e9vel foglalkozunk. Ezenk\u00edv\u00fcl az e-book web\u00e1ruh\u00e1zban e-k\u00f6nyvek, e-tank\u00f6nyvek, e-egyetemi jegyzetek forgalmaz\u00e1s\u00e1t is v\u00e1llaljuk. Mivel nincs nyomdai k\u00f6lts\u00e9g, \u00edgy igen kis r\u00e1ford\u00edt\u00e1ssal lehet mag\u00e1nkiad\u00e1s\u00fa k\u00f6nyveket megjelentetni. K\u00fcl\u00f6n\u00f6sen tan\u00e1rok, oktat\u00f3k, oktat\u00e1si int\u00e9zm\u00e9nyek sz\u00e1m\u00e1ra &hellip;<\/p>\n","protected":false},"author":2,"featured_media":0,"parent":0,"menu_order":0,"comment_status":"closed","ping_status":"closed","template":"plus-templates\/template-about.php","meta":[],"_links":{"self":[{"href":"https:\/\/www.faduwart.hu\/honlap\/wp-json\/wp\/v2\/pages\/243"}],"collection":[{"href":"https:\/\/www.faduwart.hu\/honlap\/wp-json\/wp\/v2\/pages"}],"about":[{"href":"https:\/\/www.faduwart.hu\/honlap\/wp-json\/wp\/v2\/types\/page"}],"author":[{"embeddable":true,"href":"https:\/\/www.faduwart.hu\/honlap\/wp-json\/wp\/v2\/users\/2"}],"replies":[{"embeddable":true,"href":"https:\/\/www.faduwart.hu\/honlap\/wp-json\/wp\/v2\/comments?post=243"}],"version-history":[{"count":3,"href":"https:\/\/www.faduwart.hu\/honlap\/wp-json\/wp\/v2\/pages\/243\/revisions"}],"predecessor-version":[{"id":342,"href":"https:\/\/www.faduwart.hu\/honlap\/wp-json\/wp\/v2\/pages\/243\/revisions\/342"}],"wp:attachment":[{"href":"https:\/\/www.faduwart.hu\/honlap\/wp-json\/wp\/v2\/media?parent=243"}],"curies":[{"name":"wp","href":"https:\/\/api.w.org\/{rel}","templated":true}]}}