{"id":282,"date":"2021-07-28T18:07:07","date_gmt":"2021-07-28T18:07:07","guid":{"rendered":"https:\/\/faduwart.hu\/honlap\/?page_id=282"},"modified":"2021-08-16T15:57:36","modified_gmt":"2021-08-16T15:57:36","slug":"lapozhato-e-kiadvany","status":"publish","type":"page","link":"https:\/\/www.faduwart.hu\/honlap\/szolgaltatasok\/lapozhato-e-kiadvany\/","title":{"rendered":"Lapozhat\u00f3 e-kiadv\u00e1ny"},"content":{"rendered":"\n<div class=\"wp-block-group\"><div class=\"wp-block-group__inner-container\">\n<figure class=\"wp-block-pullquote\"><blockquote><p>F\u00e9nyk\u00e9palbum? Magazin? Katal\u00f3gus?<\/p><p><em>Van egy k\u00f6rnyezetbar\u00e1t megold\u00e1sunk:<\/em><\/p><p>e-album! e-magazin! e-katal\u00f3gus!<\/p><\/blockquote><\/figure>\n\n\n\n<div class=\"wp-block-group\"><div class=\"wp-block-group__inner-container\">\n<h2><strong>Lapozhat\u00f3 e-kiadv\u00e1ny<\/strong> a honlapon<\/h2>\n\n\n\n<div class=\"wp-block-media-text alignwide is-stacked-on-mobile\" style=\"grid-template-columns:26% auto\"><figure class=\"wp-block-media-text__media\"><a href=\"http:\/\/bb-press.hu\/\"><img loading=\"lazy\" width=\"178\" height=\"252\" src=\"https:\/\/faduwart.hu\/honlap\/wp-content\/uploads\/2021\/07\/muanyag-2021s.png\" alt=\"\" class=\"wp-image-290 size-full\"\/><\/a><\/figure><div class=\"wp-block-media-text__content\">\n<p>L\u00e1tv\u00e1nyos, k\u00f6nnyen kezelhet\u0151, mobilk\u00e9sz\u00fcl\u00e9keken is j\u00f3l olvashat\u00f3 megold\u00e1s (\u00fagynevezett reszponz\u00edv, azaz a haszn\u00e1lt eszk\u00f6zt\u0151l f\u00fcgg\u0151en v\u00e1ltozik a k\u00fclalakja).<\/p>\n\n\n\n<p>Kiv\u00e1l\u00f3 alternat\u00edv\u00e1ja a let\u00f6lthet\u0151 statikus pdf-nek. <\/p>\n\n\n\n<p class=\"has-larger-font-size\"><sub><em>PDF dokumentum\u00e1b\u00f3l elk\u00e9sz\u00edtj\u00fck lapozhat\u00f3 e-katal\u00f3gus\u00e1t, bros\u00far\u00e1j\u00e1t, k\u00f6nyv\u00e9t!&nbsp;<br><strong>M\u00e1r 7400 Ft+\u00e1f\u00e1t\u00f3l!<\/strong><\/em><\/sub><\/p>\n\n\n\n<p>Ha m\u00e9g nem rendelkezik (pdf form\u00e1tum\u00fa) kiadv\u00e1nnyal, megtervezz\u00fck, elk\u00e9sz\u00edtj\u00fck!<\/p>\n\n\n\n<p>Az elk\u00e9sz\u00fclt kiadv\u00e1nyt honlapon lehet megjelen\u00edteni, de lehet\u0151s\u00e9g van Windows platformon futtathat\u00f3 exe vagy andoidos applik\u00e1ci\u00f3 elk\u00e9sz\u00edt\u00e9s\u00e9re is, ha pl. adathordoz\u00f3n szeretn\u00e9 terjeszteni.<\/p>\n<\/div><\/div>\n<\/div><\/div>\n<\/div><\/div>\n\n\n\n<h2><strong>Anim\u00e1ci\u00f3k, amikkel m\u00e9g l\u00e1tv\u00e1nyosabb\u00e1 tehet\u0151 a kiadv\u00e1ny<\/strong><\/h2>\n\n\n\n<div class=\"wp-block-media-text alignwide is-stacked-on-mobile\" style=\"grid-template-columns:28% auto\"><figure class=\"wp-block-media-text__media\"><a href=\"http:\/\/flippingbooks.e-publishinghouse.com\/books\/smvb\/#p=B1\"><img loading=\"lazy\" width=\"320\" height=\"240\" src=\"https:\/\/faduwart.hu\/honlap\/wp-content\/uploads\/2021\/07\/lapozo-animacio.gif\" alt=\"\" class=\"wp-image-294 size-full\"\/><\/a><\/figure><div class=\"wp-block-media-text__content\">\n<p>Figyelemfelkelt\u0151 anim\u00e1ci\u00f3, ami pl. kiemel fontosabb hirdet\u00e9seket. N\u00e9h\u00e1ny ezek k\u00f6z\u00fcl: <\/p>\n\n\n\n<ul><li>\u00e1tt\u0171n\u00e9s egy k\u00e9p f\u00f6l\u00f6tt,<\/li><li>\u201eugr\u00e1l\u00f3\u201d, forg\u00f3, \u201erezg\u0151\u201d, villog\u00f3, billeg\u0151, n\u00f6vekv\u0151-cs\u00f6kken\u0151 stb. k\u00e9p, alakzat,<\/li><li>az oldalon \u00e1thalad\u00f3 k\u00e9p, alakzat.<\/li><\/ul>\n\n\n\n<p>Pl. a <a href=\"http:\/\/www.bb-press.hu\/muanyag2021\/index.html#p=I\" data-type=\"URL\" data-id=\"http:\/\/www.bb-press.hu\/muanyag2021\/index.html#p=I\" target=\"_blank\" rel=\"noreferrer noopener\">M\u0171anyag- \u00e9s Gumiipari \u00c9vk\u00f6nyvben<\/a> tal\u00e1lhat\u00f3 ilyen.<\/p>\n<\/div><\/div>\n\n\n\n<div class=\"wp-block-group\"><div class=\"wp-block-group__inner-container\">\n<h2><strong>Vide\u00f3, hang, weboldal k\u00e9pgal\u00e9ria be\u00e1gyaz\u00e1sa<\/strong><\/h2>\n\n\n\n<div class=\"wp-block-media-text alignwide is-stacked-on-mobile\" style=\"grid-template-columns:28% auto\"><figure class=\"wp-block-media-text__media\"><a href=\"http:\/\/flippingbooks.e-publishinghouse.com\/books\/dbjx\/\"><img loading=\"lazy\" width=\"320\" height=\"240\" src=\"https:\/\/faduwart.hu\/honlap\/wp-content\/uploads\/2021\/07\/lapozos-video-bemutato.gif\" alt=\"lapozhat\u00f3s vide\u00f3 bemutat\u00f3\" class=\"wp-image-302 size-full\"\/><\/a><\/figure><div class=\"wp-block-media-text__content\">\n<p>Lehet\u0151s\u00e9g van arra, hogy a kiadv\u00e1ny adott hely\u00e9n vide\u00f3, egy megl\u00e9v\u0151 weboldal vagy k\u00e9pgal\u00e9ria jelenjen meg, vagy hangf\u00e1jl sz\u00f3laljon meg. A k\u00e9pgal\u00e9ria k\u00fcl\u00f6nb\u00f6z\u0151 st\u00edlus\u00fa lehet.<\/p>\n<\/div><\/div>\n<\/div><\/div>\n\n\n\n<h2>Interaktivit\u00e1s<\/h2>\n\n\n\n<div class=\"wp-block-media-text alignwide is-stacked-on-mobile\" style=\"grid-template-columns:28% auto\"><figure class=\"wp-block-media-text__media\"><a href=\"http:\/\/flippingbooks.e-publishinghouse.com\/books\/lygd\/#p=43\"><img loading=\"lazy\" width=\"320\" height=\"240\" src=\"https:\/\/faduwart.hu\/honlap\/wp-content\/uploads\/2021\/07\/lapozos-nyomogombok.gif\" alt=\"lapoz\u00f3s nyom\u00f3gomb lehet\u0151s\u00e9gek\" class=\"wp-image-310 size-full\"\/><\/a><\/figure><div class=\"wp-block-media-text__content\">\n<p>Nyom\u00f3gombbal (ami ak\u00e1r lehet teljesen \u00e1tl\u00e1tsz\u00f3 is) interakt\u00edvv\u00e1 tehetj\u00fck a kiadv\u00e1nyt: p\u00e1rbesz\u00e9dablakot, inform\u00e1ci\u00f3s ablakot k\u00e9ppel, hanggal, sz\u00f6veggel jelen\u00edthet meg, vide\u00f3t, k\u00e9pgal\u00e9ri\u00e1t, hangf\u00e1jlt ind\u00edthat el, m\u00e1sik oldalra ir\u00e1ny\u00edthatja az olvas\u00f3t, megnyithat egy weboldalt, levelez\u0151programot nyithat meg egy megadott c\u00edmzettel, az oldalon egy m\u00e1sik elemet m\u0171veletet (pl. forgat\u00e1st, villogtat\u00e1st, mozgat\u00e1st stb.) hajthat v\u00e9gre.<\/p>\n<\/div><\/div>\n\n\n\n<div class=\"wp-block-group alignwide\"><div class=\"wp-block-group__inner-container\">\n<h2>Kezel\u0151fel\u00fclet \u00e9s a h\u00e1tt\u00e9r st\u00edlusa, egy\u00e9b eszk\u00f6z\u00f6k<\/h2>\n\n\n\n<div class=\"wp-block-media-text alignwide is-stacked-on-mobile\" style=\"grid-template-columns:28% auto\"><figure class=\"wp-block-media-text__media\"><a href=\"http:\/\/flippingbooks.e-publishinghouse.com\/books\/rlko\/\"><img loading=\"lazy\" width=\"320\" height=\"240\" src=\"https:\/\/faduwart.hu\/honlap\/wp-content\/uploads\/2021\/07\/lapozos-hatter.gif\" alt=\"lapoz\u00f3s h\u00e1tt\u00e9r\" class=\"wp-image-315 size-full\"\/><\/a><\/figure><div class=\"wp-block-media-text__content\">\n<ul><li>A h\u00e1tter\u00e9nek megadhatunk b\u00e1rmilyen sz\u00ednt, k\u00e9pet, vagy v\u00e1laszthatunk dinamikus (anim\u00e1lt) h\u00e1tteret is a kiadv\u00e1ny st\u00edlus\u00e1nak megfelel\u0151en.<\/li><li>K\u00fcl\u00f6nb\u00f6z\u0151 st\u00edlus\u00fa kezel\u0151fel\u00fcletek k\u00f6z\u00fcl v\u00e1laszthatunk.<\/li><li>A kezel\u0151fel\u00fcleten megjelen\u00edthet\u0151 a c\u00e9g log\u00f3ja.<\/li><li>Kieg\u00e9sz\u00edt\u0151 elemek: tartalomjegyz\u00e9k, oldalak miniat\u0171rjeinek megjelen\u00edt\u00e9se, k\u00f6nyvjelz\u0151, QR-k\u00f3d, jegyzetel\u00e9si lehet\u0151s\u00e9g, megoszt\u00e1s a k\u00f6z\u00f6ss\u00e9gi m\u00e9di\u00e1ban, keres\u00e9s, kiadv\u00e1ny let\u00f6lt\u00e9se (csak a pdf-et!), hirdet\u00e9sek megjelen\u00edt\u00e9se, Google Analytics k\u00f3d megad\u00e1sa, kiadv\u00e1ny v\u00e9delme adott oldalt\u00f3l egyetlen jelsz\u00f3val vagy felhaszn\u00e1l\u00f3n\u00e9v\/jelsz\u00f3 lista megad\u00e1s\u00e1val.<\/li><\/ul>\n\n\n\n<p><\/p>\n<\/div><\/div>\n<\/div><\/div>\n\n\n\n<div class=\"wp-block-group alignwide\"><div class=\"wp-block-group__inner-container\">\n<h2>Kiadv\u00e1ny a felh\u0151ben, e-k\u00f6nyvespolc<\/h2>\n\n\n\n<div class=\"wp-block-media-text alignwide is-stacked-on-mobile\" style=\"grid-template-columns:28% auto\"><figure class=\"wp-block-media-text__media\"><a href=\"http:\/\/flippingbooks.e-publishinghouse.com\"><img loading=\"lazy\" width=\"1024\" height=\"880\" src=\"https:\/\/faduwart.hu\/honlap\/wp-content\/uploads\/2021\/07\/Snapshot_8-1024x880.png\" alt=\"lapozhat\u00f3s e-k\u00f6nyvespolc\" class=\"wp-image-314 size-full\" srcset=\"https:\/\/www.faduwart.hu\/honlap\/wp-content\/uploads\/2021\/07\/Snapshot_8-1024x880.png 1024w, https:\/\/www.faduwart.hu\/honlap\/wp-content\/uploads\/2021\/07\/Snapshot_8-300x258.png 300w, https:\/\/www.faduwart.hu\/honlap\/wp-content\/uploads\/2021\/07\/Snapshot_8-768x660.png 768w, https:\/\/www.faduwart.hu\/honlap\/wp-content\/uploads\/2021\/07\/Snapshot_8-349x300.png 349w, https:\/\/www.faduwart.hu\/honlap\/wp-content\/uploads\/2021\/07\/Snapshot_8.png 1215w\" sizes=\"(max-width: 1024px) 100vw, 1024px\" \/><\/a><\/figure><div class=\"wp-block-media-text__content\">\n<ul><li>A kiadv\u00e1ny elhelyezhet\u0151 a <a rel=\"noreferrer noopener\" href=\"http:\/\/flippingbooks.e-publishinghouse.com\" data-type=\"URL\" data-id=\"http:\/\/flippingbooks.e-publishinghouse.com\" target=\"_blank\">FaduwArt Bt. t\u00e1rhely\u00e9n (felh\u0151j\u00e9ben)<\/a> is \u2013 b\u00e9rleti d\u00edj fej\u00e9ben \u2013, \u00e9s megadjuk annak el\u00e9rhet\u0151s\u00e9g\u00e9t, illetve a be\u00e1gyaz\u00e1shoz sz\u00fcks\u00e9ges k\u00f3dot.<\/li><li>Sok kiadv\u00e1ny eset\u00e9n k\u00fcl\u00f6n e-k\u00f6nyvespolcot tudunk biztos\u00edtani. Ilyen pl. a <a href=\"http:\/\/flippingbooks.e-publishinghouse.com\/bookcase\/lsvnx\" data-type=\"URL\" data-id=\"http:\/\/flippingbooks.e-publishinghouse.com\/bookcase\/lsvnx\">BGE-OBIC k\u00f6nyvespolca<\/a>.<\/li><\/ul>\n\n\n\n<p><\/p>\n<\/div><\/div>\n<\/div><\/div>\n\n\n\n<p>Egy sz\u00f3 mint sz\u00e1z: a lehet\u0151s\u00e9gek t\u00e1ra szinte v\u00e9gtelen! A lista\u00e1rakat <a href=\"http:\/\/wp-content\/uploads\/2021\/08\/Lapozhato-kiadvany-keszitesenek-listaarai2020.pdf\" data-type=\"URL\" data-id=\"wp-content\/uploads\/2021\/08\/Lapozhato-kiadvany-keszitesenek-listaarai2020.pdf\">itt tudja megtekinteni pdf form\u00e1tumban<\/a>. <\/p>\n\n\n\n<p>A 4-10 oldalas kiadv\u00e1ny alapverzi\u00f3ban (alapbe\u00e1ll\u00edt\u00e1s, m\u00f3dos\u00edt\u00e1s n\u00e9lk\u00fcl) 7400 Ft+\u00e1fa!<\/p>\n","protected":false},"excerpt":{"rendered":"<p>Anim\u00e1ci\u00f3k, amikkel m\u00e9g l\u00e1tv\u00e1nyosabb\u00e1 tehet\u0151 a kiadv\u00e1ny Figyelemfelkelt\u0151 anim\u00e1ci\u00f3, ami pl. kiemel fontosabb hirdet\u00e9seket. N\u00e9h\u00e1ny ezek k\u00f6z\u00fcl: \u00e1tt\u0171n\u00e9s egy k\u00e9p f\u00f6l\u00f6tt, \u201eugr\u00e1l\u00f3\u201d, forg\u00f3, \u201erezg\u0151\u201d, villog\u00f3, billeg\u0151, n\u00f6vekv\u0151-cs\u00f6kken\u0151 stb. k\u00e9p, alakzat, az oldalon \u00e1thalad\u00f3 k\u00e9p, alakzat. Pl. a M\u0171anyag- \u00e9s Gumiipari \u00c9vk\u00f6nyvben tal\u00e1lhat\u00f3 ilyen. Interaktivit\u00e1s Nyom\u00f3gombbal (ami ak\u00e1r lehet teljesen \u00e1tl\u00e1tsz\u00f3 &hellip;<\/p>\n","protected":false},"author":2,"featured_media":102,"parent":62,"menu_order":0,"comment_status":"closed","ping_status":"closed","template":"","meta":[],"_links":{"self":[{"href":"https:\/\/www.faduwart.hu\/honlap\/wp-json\/wp\/v2\/pages\/282"}],"collection":[{"href":"https:\/\/www.faduwart.hu\/honlap\/wp-json\/wp\/v2\/pages"}],"about":[{"href":"https:\/\/www.faduwart.hu\/honlap\/wp-json\/wp\/v2\/types\/page"}],"author":[{"embeddable":true,"href":"https:\/\/www.faduwart.hu\/honlap\/wp-json\/wp\/v2\/users\/2"}],"replies":[{"embeddable":true,"href":"https:\/\/www.faduwart.hu\/honlap\/wp-json\/wp\/v2\/comments?post=282"}],"version-history":[{"count":27,"href":"https:\/\/www.faduwart.hu\/honlap\/wp-json\/wp\/v2\/pages\/282\/revisions"}],"predecessor-version":[{"id":870,"href":"https:\/\/www.faduwart.hu\/honlap\/wp-json\/wp\/v2\/pages\/282\/revisions\/870"}],"up":[{"embeddable":true,"href":"https:\/\/www.faduwart.hu\/honlap\/wp-json\/wp\/v2\/pages\/62"}],"wp:featuredmedia":[{"embeddable":true,"href":"https:\/\/www.faduwart.hu\/honlap\/wp-json\/wp\/v2\/media\/102"}],"wp:attachment":[{"href":"https:\/\/www.faduwart.hu\/honlap\/wp-json\/wp\/v2\/media?parent=282"}],"curies":[{"name":"wp","href":"https:\/\/api.w.org\/{rel}","templated":true}]}}