{"id":345,"date":"2021-08-16T14:43:56","date_gmt":"2021-08-16T14:43:56","guid":{"rendered":"https:\/\/faduwart.hu\/honlap\/?page_id=345"},"modified":"2022-02-26T21:21:53","modified_gmt":"2022-02-26T20:21:53","slug":"kotobee-author-e-book-keszito-es-szerkeszto-szoftver","status":"publish","type":"page","link":"https:\/\/www.faduwart.hu\/honlap\/szoftverek\/kotobee-author-e-book-keszito-es-szerkeszto-szoftver\/","title":{"rendered":"Kotobee Author e-book k\u00e9sz\u00edt\u0151 \u00e9s szerkeszt\u0151 szoftver"},"content":{"rendered":"\n<div class=\"wp-block-group\"><div class=\"wp-block-group__inner-container\">\n<div class=\"wp-block-group\"><div class=\"wp-block-group__inner-container\">\n<p>A Kotobee Author egy eBook k\u00e9sz\u00edt\u0151 \u00e9s EPUB szerkeszt\u0151 szoftver, amellyel interakt\u00edv elemeket tartalmaz\u00f3 k\u00f6nyvet lehet l\u00e9trehozni. A k\u00e9sz eBook-ot nemcsak a&nbsp;<a href=\"http:\/\/www.faduwart.hu\/kotobee\/reader.html\">Kotobee Reader<\/a>rel lehet megnyitni, hanem b\u00e1rmely szabv\u00e1nyos EPUB&nbsp;3 olvas\u00f3val. Az Authorral egy PDF-et EPUB-b\u00e1 tud alak\u00edtani, majd m\u00f3dos\u00edthatja annak tartalm\u00e1t, hozz\u00e1adhat interakt\u00edv elemeket, megtekintheti, hogy hogyan fog kin\u00e9zni a k\u00fcl\u00f6nb\u00f6z\u0151 platformokon \u00e9s eszk\u00f6z\u00f6k\u00f6n. V\u00e9g\u00fcl export\u00e1lhatja a legalkalmasabb form\u00e1tum(ok)ba, hogy k\u00fcls\u0151 eBook olvas\u00f3val vagy b\u00f6ng\u00e9sz\u0151vel lehessen megtekinteni, de egy \u00f6n\u00e1ll\u00f3an futtathat\u00f3 programm\u00e1, illetve nat\u00edv mobil alkalmaz\u00e1ss\u00e1 is alak\u00edthatja. Az interakt\u00edv eBookot integr\u00e1lhatja a megl\u00e9v\u0151 tanul\u00e1skezel\u0151 (LMS) rendszer\u00e9be is. A szoftvernek magyar nyelv\u0171 kezel\u0151fel\u00fclete is van. Windows \u00e9s Mac verzi\u00f3 is el\u00e9rhet\u0151.<\/p>\n\n\n\n<div class=\"wp-block-media-text alignwide is-stacked-on-mobile\" style=\"grid-template-columns:46% auto\"><figure class=\"wp-block-media-text__media\"><a href=\"https:\/\/faduwart.hu\/honlap\/wp-content\/uploads\/2021\/08\/edit.jpg\"><img loading=\"lazy\" width=\"650\" height=\"389\" src=\"https:\/\/faduwart.hu\/honlap\/wp-content\/uploads\/2021\/08\/edit.jpg\" alt=\"\" class=\"wp-image-347 size-full\" srcset=\"https:\/\/www.faduwart.hu\/honlap\/wp-content\/uploads\/2021\/08\/edit.jpg 650w, https:\/\/www.faduwart.hu\/honlap\/wp-content\/uploads\/2021\/08\/edit-300x180.jpg 300w, https:\/\/www.faduwart.hu\/honlap\/wp-content\/uploads\/2021\/08\/edit-501x300.jpg 501w\" sizes=\"(max-width: 650px) 100vw, 650px\" \/><\/a><\/figure><div class=\"wp-block-media-text__content\">\n<h2>Sz\u00f6vegszerkeszt\u0151<\/h2>\n\n\n\n<p>Mindennel felszerelt sz\u00f6vegszerkeszt\u0151 \u00e1ll a rendelkez\u00e9sre a kiadv\u00e1ny elk\u00e9sz\u00edt\u00e9s\u00e9hez, amivel a PDF \u00e9s a Word f\u00e1jlok is tov\u00e1bbszerkeszthet\u0151k, p\u00e9ld\u00e1ul \u00fajabb fejezetek adhat\u00f3k hozz\u00e1, amelyek a val\u00f3s\u00e1gnak megfelel\u0151en tekinthet\u0151k meg. Ha ismeri a HTML k\u00f3dokat, akkor a HTML szerkeszt\u0151t is haszn\u00e1lhatja.<\/p>\n<\/div><\/div>\n<\/div><\/div>\n<\/div><\/div>\n\n\n\n<div class=\"wp-block-media-text alignwide has-media-on-the-right is-stacked-on-mobile\" style=\"grid-template-columns:auto 54%\"><figure class=\"wp-block-media-text__media\"><a href=\"https:\/\/faduwart.hu\/honlap\/wp-content\/uploads\/2021\/08\/interactiveScreen.jpg\"><img loading=\"lazy\" width=\"650\" height=\"389\" src=\"https:\/\/faduwart.hu\/honlap\/wp-content\/uploads\/2021\/08\/interactiveScreen.jpg\" alt=\"\" class=\"wp-image-349 size-full\" srcset=\"https:\/\/www.faduwart.hu\/honlap\/wp-content\/uploads\/2021\/08\/interactiveScreen.jpg 650w, https:\/\/www.faduwart.hu\/honlap\/wp-content\/uploads\/2021\/08\/interactiveScreen-300x180.jpg 300w, https:\/\/www.faduwart.hu\/honlap\/wp-content\/uploads\/2021\/08\/interactiveScreen-501x300.jpg 501w\" sizes=\"(max-width: 650px) 100vw, 650px\" \/><\/a><\/figure><div class=\"wp-block-media-text__content\">\n<h2>Interakt\u00edv elemek<\/h2>\n\n\n\n<p>Interakt\u00edv elemekkel gazdag\u00edthatjuk a kiadv\u00e1nyokat, mint a vide\u00f3, hang, k\u00e9pgal\u00e9ria, 3D modell vagy a HTML5 vez\u00e9rl\u0151k, ak\u00e1r a PDF-b\u0151l val\u00f3 konvert\u00e1l\u00e1s ut\u00e1n. Az elemek b\u00e1rmilyen EPUB kompatibilis olvas\u00f3val futtathat\u00f3k.<\/p>\n<\/div><\/div>\n\n\n\n<div class=\"wp-block-media-text alignwide is-stacked-on-mobile\" style=\"grid-template-columns:45% auto\"><figure class=\"wp-block-media-text__media\"><a href=\"https:\/\/faduwart.hu\/honlap\/wp-content\/uploads\/2021\/08\/questionsScreen.jpg\"><img loading=\"lazy\" width=\"650\" height=\"389\" src=\"https:\/\/faduwart.hu\/honlap\/wp-content\/uploads\/2021\/08\/questionsScreen.jpg\" alt=\"\" class=\"wp-image-351 size-full\" srcset=\"https:\/\/www.faduwart.hu\/honlap\/wp-content\/uploads\/2021\/08\/questionsScreen.jpg 650w, https:\/\/www.faduwart.hu\/honlap\/wp-content\/uploads\/2021\/08\/questionsScreen-300x180.jpg 300w, https:\/\/www.faduwart.hu\/honlap\/wp-content\/uploads\/2021\/08\/questionsScreen-501x300.jpg 501w\" sizes=\"(max-width: 650px) 100vw, 650px\" \/><\/a><\/figure><div class=\"wp-block-media-text__content\">\n<h2>K\u00e9rd\u00e9sek \u00e9s vizsgatesztek<\/h2>\n\n\n\n<p>K\u00f6nnyed\u00e9n k\u00e9sz\u00edthet\u00fcnk tesztet k\u00e9rd\u00e9ssel \u00e9s v\u00e1laszokkal, majd kiv\u00e1laszthatjuk, hogy az eredm\u00e9nyt azonnal megtekinthesse a kit\u00f6lt\u0151, vagy a rendszer elk\u00fcldje a tan\u00e1rnak.<\/p>\n<\/div><\/div>\n\n\n\n<div class=\"wp-block-media-text alignwide has-media-on-the-right is-stacked-on-mobile\" style=\"grid-template-columns:auto 55%\"><figure class=\"wp-block-media-text__media\"><a href=\"https:\/\/faduwart.hu\/honlap\/wp-content\/uploads\/2021\/08\/customize.jpg\"><img loading=\"lazy\" width=\"650\" height=\"389\" src=\"https:\/\/faduwart.hu\/honlap\/wp-content\/uploads\/2021\/08\/customize.jpg\" alt=\"\" class=\"wp-image-352 size-full\" srcset=\"https:\/\/www.faduwart.hu\/honlap\/wp-content\/uploads\/2021\/08\/customize.jpg 650w, https:\/\/www.faduwart.hu\/honlap\/wp-content\/uploads\/2021\/08\/customize-300x180.jpg 300w, https:\/\/www.faduwart.hu\/honlap\/wp-content\/uploads\/2021\/08\/customize-501x300.jpg 501w\" sizes=\"(max-width: 650px) 100vw, 650px\" \/><\/a><\/figure><div class=\"wp-block-media-text__content\">\n<h2>Testreszab\u00e1s, el\u0151n\u00e9zet<\/h2>\n\n\n\n<p>Be\u00e1ll\u00edthatjuk a kiadv\u00e1ny k\u00fclalakj\u00e1t, elhelyezhetj\u00fck a saj\u00e1t log\u00f3nkat, megadhatjuk a param\u00e9tereit. A jobb tervezhet\u0151s\u00e9g \u00e9rdek\u00e9ben a kiadv\u00e1nyt emul\u00e1lhatjuk k\u00fcl\u00f6nb\u00f6z\u0151 eszk\u00f6z\u00f6k\u00f6n, mint pl. a Samsung Galaxy S4, iPad, iPad Mini, iPhone 6, Nokia Lumia 920 stb., \u00edgy megn\u00e9zhetj\u00fck, hogy ezeken az eszk\u00f6z\u00f6k\u00f6n hogyan n\u00e9z ki majd a kiadv\u00e1ny.<\/p>\n<\/div><\/div>\n\n\n\n<div class=\"wp-block-media-text alignwide is-stacked-on-mobile\" style=\"grid-template-columns:45% auto\"><figure class=\"wp-block-media-text__media\"><a href=\"https:\/\/faduwart.hu\/honlap\/wp-content\/uploads\/2021\/08\/export.jpg\"><img loading=\"lazy\" width=\"650\" height=\"389\" src=\"https:\/\/faduwart.hu\/honlap\/wp-content\/uploads\/2021\/08\/export.jpg\" alt=\"\" class=\"wp-image-353 size-full\" srcset=\"https:\/\/www.faduwart.hu\/honlap\/wp-content\/uploads\/2021\/08\/export.jpg 650w, https:\/\/www.faduwart.hu\/honlap\/wp-content\/uploads\/2021\/08\/export-300x180.jpg 300w, https:\/\/www.faduwart.hu\/honlap\/wp-content\/uploads\/2021\/08\/export-501x300.jpg 501w\" sizes=\"(max-width: 650px) 100vw, 650px\" \/><\/a><\/figure><div class=\"wp-block-media-text__content\">\n<h2>Export\u00e1l\u00e1s<\/h2>\n\n\n\n<p>T\u00f6bb mint 14 k\u00fcl\u00f6nb\u00f6z\u0151 eBook form\u00e1tumba lehet export\u00e1lni a kiadv\u00e1nyt, bele\u00e9rtve az EPUB-ot \u00e9s a nat\u00edv mobil alkalmaz\u00e1sokat is. Bizony\u00e1ra megtal\u00e1lja mindenki a sz\u00e1m\u00e1ra megfelel\u0151t: epub, mobi (Amazon Kindle), pdf, Word, Kotobee Reader, Kotobee Cloud.<\/p>\n<\/div><\/div>\n\n\n\n<div class=\"wp-block-media-text alignwide has-media-on-the-right is-stacked-on-mobile\" style=\"grid-template-columns:auto 55%\"><figure class=\"wp-block-media-text__media\"><a href=\"https:\/\/faduwart.hu\/honlap\/wp-content\/uploads\/2021\/08\/manage.jpg\"><img loading=\"lazy\" width=\"650\" height=\"389\" src=\"https:\/\/faduwart.hu\/honlap\/wp-content\/uploads\/2021\/08\/manage.jpg\" alt=\"\" class=\"wp-image-357 size-full\" srcset=\"https:\/\/www.faduwart.hu\/honlap\/wp-content\/uploads\/2021\/08\/manage.jpg 650w, https:\/\/www.faduwart.hu\/honlap\/wp-content\/uploads\/2021\/08\/manage-300x180.jpg 300w, https:\/\/www.faduwart.hu\/honlap\/wp-content\/uploads\/2021\/08\/manage-501x300.jpg 501w\" sizes=\"(max-width: 650px) 100vw, 650px\" \/><\/a><\/figure><div class=\"wp-block-media-text__content\">\n<h2>Kezel\u00e9s<\/h2>\n\n\n\n<p>A Kotobee Clouddal nyomon k\u00f6vethetj\u00fck \u00e9s menedzselhetj\u00fck a nat\u00edv alkalmaz\u00e1sokat, be\u00e1ll\u00edthatjuk a jogosults\u00e1gokat. Kateg\u00f3ri\u00e1kat is l\u00e9trehozhatunk a k\u00f6nyveknek, hozz\u00e1rendelhet\u00fcnk felhaszn\u00e1l\u00f3kat, adminisztr\u00e1torokat stb.<\/p>\n<\/div><\/div>\n\n\n\n<div class=\"wp-block-media-text alignwide is-stacked-on-mobile\" style=\"grid-template-columns:45% auto\"><figure class=\"wp-block-media-text__media\"><a href=\"https:\/\/faduwart.hu\/honlap\/wp-content\/uploads\/2021\/08\/brandingScreen.jpg\"><img loading=\"lazy\" width=\"650\" height=\"389\" src=\"https:\/\/faduwart.hu\/honlap\/wp-content\/uploads\/2021\/08\/brandingScreen.jpg\" alt=\"\" class=\"wp-image-354 size-full\" srcset=\"https:\/\/www.faduwart.hu\/honlap\/wp-content\/uploads\/2021\/08\/brandingScreen.jpg 650w, https:\/\/www.faduwart.hu\/honlap\/wp-content\/uploads\/2021\/08\/brandingScreen-300x180.jpg 300w, https:\/\/www.faduwart.hu\/honlap\/wp-content\/uploads\/2021\/08\/brandingScreen-501x300.jpg 501w\" sizes=\"(max-width: 650px) 100vw, 650px\" \/><\/a><\/figure><div class=\"wp-block-media-text__content\">\n<h2>Egy\u00e9b lehet\u0151s\u00e9gek<\/h2>\n\n\n\n<ul><li>t\u00f6bb, mint 16 nyelv,<\/li><li>fel\u00fcletv\u00e1laszt\u00e1s,<\/li><li>saj\u00e1t m\u00e1rka (brand) haszn\u00e1lata,<\/li><li>DRM (digit\u00e1lis v\u00e9delem) a Kotobee Clouddal.<\/li><\/ul>\n<\/div><\/div>\n","protected":false},"excerpt":{"rendered":"<p>Interakt\u00edv elemek Interakt\u00edv elemekkel gazdag\u00edthatjuk a kiadv\u00e1nyokat, mint a vide\u00f3, hang, k\u00e9pgal\u00e9ria, 3D modell vagy a HTML5 vez\u00e9rl\u0151k, ak\u00e1r a PDF-b\u0151l val\u00f3 konvert\u00e1l\u00e1s ut\u00e1n. Az elemek b\u00e1rmilyen EPUB kompatibilis olvas\u00f3val futtathat\u00f3k. K\u00e9rd\u00e9sek \u00e9s vizsgatesztek K\u00f6nnyed\u00e9n k\u00e9sz\u00edthet\u00fcnk tesztet k\u00e9rd\u00e9ssel \u00e9s v\u00e1laszokkal, majd kiv\u00e1laszthatjuk, hogy az eredm\u00e9nyt azonnal megtekinthesse a kit\u00f6lt\u0151, vagy &hellip;<\/p>\n","protected":false},"author":2,"featured_media":421,"parent":16,"menu_order":0,"comment_status":"closed","ping_status":"closed","template":"","meta":[],"_links":{"self":[{"href":"https:\/\/www.faduwart.hu\/honlap\/wp-json\/wp\/v2\/pages\/345"}],"collection":[{"href":"https:\/\/www.faduwart.hu\/honlap\/wp-json\/wp\/v2\/pages"}],"about":[{"href":"https:\/\/www.faduwart.hu\/honlap\/wp-json\/wp\/v2\/types\/page"}],"author":[{"embeddable":true,"href":"https:\/\/www.faduwart.hu\/honlap\/wp-json\/wp\/v2\/users\/2"}],"replies":[{"embeddable":true,"href":"https:\/\/www.faduwart.hu\/honlap\/wp-json\/wp\/v2\/comments?post=345"}],"version-history":[{"count":12,"href":"https:\/\/www.faduwart.hu\/honlap\/wp-json\/wp\/v2\/pages\/345\/revisions"}],"predecessor-version":[{"id":584,"href":"https:\/\/www.faduwart.hu\/honlap\/wp-json\/wp\/v2\/pages\/345\/revisions\/584"}],"up":[{"embeddable":true,"href":"https:\/\/www.faduwart.hu\/honlap\/wp-json\/wp\/v2\/pages\/16"}],"wp:featuredmedia":[{"embeddable":true,"href":"https:\/\/www.faduwart.hu\/honlap\/wp-json\/wp\/v2\/media\/421"}],"wp:attachment":[{"href":"https:\/\/www.faduwart.hu\/honlap\/wp-json\/wp\/v2\/media?parent=345"}],"curies":[{"name":"wp","href":"https:\/\/api.w.org\/{rel}","templated":true}]}}