{"id":363,"date":"2021-08-16T15:55:35","date_gmt":"2021-08-16T15:55:35","guid":{"rendered":"https:\/\/faduwart.hu\/honlap\/?page_id=363"},"modified":"2022-02-26T21:22:52","modified_gmt":"2022-02-26T20:22:52","slug":"kotobee-reader-e-book-olvaso-szoftver","status":"publish","type":"page","link":"https:\/\/www.faduwart.hu\/honlap\/szoftverek\/kotobee-reader-e-book-olvaso-szoftver\/","title":{"rendered":"Kotobee Reader e-book olvas\u00f3 szoftver"},"content":{"rendered":"\n<div class=\"wp-block-group\"><div class=\"wp-block-group__inner-container\">\n<div class=\"wp-block-group\"><div class=\"wp-block-group__inner-container\">\n<p>A Kotobee Reader az egyik EPUB (szabv\u00e1nnyal kompatibilis), dinamikus elrendez\u00e9st kezel\u0151 e-k\u00f6nyv olvas\u00f3 eszk\u00f6z. A Kotobee Reader a legkorszer\u0171bb HTML5 technol\u00f3gi\u00e1val k\u00e9sz\u00fclt, a felhaszn\u00e1l\u00f3i tapasztalatokat messzemen\u0151en figyelembev\u00e9tel\u00e9vel. A k\u00f6nyv tartalma \u00e1trendez\u0151d\u0151, \u00e9s b\u0151v\u00edtheti kedve szerint. Ezzel a m\u00f3dszerrel az olvas\u00f3 be\u00e1ll\u00edthatja a bet\u0171m\u00e9retet, \u00e9s ez \u00e1tt\u00f6rdeli a tartalmat \u00fagy, hogy az a k\u00e9perny\u0151h\u00f6z igazodjon, \u00e9s k\u00f6nnyen g\u00f6rd\u00edthet\u0151 legyen. Nem kell t\u00f6bb\u00e9 nagy\u00edtani \u00e9s kicsiny\u00edteni!<\/p>\n\n\n\n<p>A Kotobee Reader alkalmaz\u00e1ssal interakt\u00edv e-k\u00f6nyveket \u00e9s EPUB f\u00e1jlokat olvashatunk, hozz\u00e1f\u00e9r\u00e9st biztos\u00edt a Kotobee ingyenes megosztott k\u00f6nyvt\u00e1r\u00e1hoz. A Kotobee Reader kiv\u00e9teles kompatibilit\u00e1st ny\u00fajt a Kotobee Authorral k\u00e9sz\u00edtett eBookokkal, valamint az EPUB 3.0 szabv\u00e1ny\u00fa k\u00f6nyvekkel. A Kotobee Reader el\u00e9rhet\u0151 sz\u00e1m\u00edt\u00f3g\u00e9pes alkalmaz\u00e1sk\u00e9nt \u00e9s mobil appk\u00e9nt egyar\u00e1nt.<\/p>\n\n\n\n<div class=\"wp-block-media-text alignwide is-stacked-on-mobile\" style=\"grid-template-columns:46% auto\"><figure class=\"wp-block-media-text__media\"><a href=\"https:\/\/faduwart.hu\/honlap\/wp-content\/uploads\/2021\/08\/readerBundle.png\"><img loading=\"lazy\" width=\"326\" height=\"279\" src=\"https:\/\/faduwart.hu\/honlap\/wp-content\/uploads\/2021\/08\/readerBundle.png\" alt=\"\" class=\"wp-image-364 size-full\" srcset=\"https:\/\/www.faduwart.hu\/honlap\/wp-content\/uploads\/2021\/08\/readerBundle.png 326w, https:\/\/www.faduwart.hu\/honlap\/wp-content\/uploads\/2021\/08\/readerBundle-300x257.png 300w\" sizes=\"(max-width: 326px) 100vw, 326px\" \/><\/a><\/figure><div class=\"wp-block-media-text__content\">\n<h2>Nincs t\u00f6bb\u00e9 fejf\u00e1j\u00e1s. Egyetlen f\u00e1jl el\u00e9g!<\/h2>\n\n\n\n<p>Az eBook eljuttat\u00e1sakor mindig frusztr\u00e1l\u00f3, hogy a felhaszn\u00e1l\u00f3t m\u00e9g meg kell k\u00e9rni egy bizonyos olvas\u00f3 let\u00f6lt\u00e9s\u00e9re is a f\u00e1jl megnyit\u00e1s\u00e1hoz. Mostant\u00f3l ez nem sz\u00fcks\u00e9ges. A Kotobee Author seg\u00edts\u00e9g\u00e9vel az EPUB k\u00f6nyvet \u201e\u00f6sszeforraszthatja\u201d a Kotobee Readerrel, ami egy \u00f6n\u00e1ll\u00f3an futtathat\u00f3 alkalmaz\u00e1s lesz, \u00e9s ami azonnal futtatja is az e-k\u00f6nyvet. Ez lehet egy webes alkalmaz\u00e1s, egy Windows\/Mac alkalmaz\u00e1s vagy egy nat\u00edv mobilalkalmaz\u00e1s (Android, iPhone, iPad vagy Windows Phone). Ak\u00e1r bele is integr\u00e1lhatja az LMS rendszer\u00e9be!&nbsp;<\/p>\n<\/div><\/div>\n<\/div><\/div>\n<\/div><\/div>\n\n\n\n<div class=\"wp-block-media-text alignwide has-media-on-the-right is-stacked-on-mobile\" style=\"grid-template-columns:auto 45%\"><figure class=\"wp-block-media-text__media\"><a href=\"https:\/\/faduwart.hu\/honlap\/wp-content\/uploads\/2021\/08\/reader-ui.jpg\"><img loading=\"lazy\" width=\"844\" height=\"544\" src=\"https:\/\/faduwart.hu\/honlap\/wp-content\/uploads\/2021\/08\/reader-ui.jpg\" alt=\"reader-ui\" class=\"wp-image-365 size-full\" srcset=\"https:\/\/www.faduwart.hu\/honlap\/wp-content\/uploads\/2021\/08\/reader-ui.jpg 844w, https:\/\/www.faduwart.hu\/honlap\/wp-content\/uploads\/2021\/08\/reader-ui-300x193.jpg 300w, https:\/\/www.faduwart.hu\/honlap\/wp-content\/uploads\/2021\/08\/reader-ui-768x495.jpg 768w, https:\/\/www.faduwart.hu\/honlap\/wp-content\/uploads\/2021\/08\/reader-ui-465x300.jpg 465w\" sizes=\"(max-width: 844px) 100vw, 844px\" \/><\/a><\/figure><div class=\"wp-block-media-text__content\">\n<h2>Felhaszn\u00e1l\u00f3i eszk\u00f6z\u00f6k<\/h2>\n\n\n\n<ul><li><strong><span class=\"has-inline-color has-accent-1-color\">Jegyzetel\u00e9s<\/span><\/strong>: Jegyzeteket f\u0171zhet szavakhoz, bekezd\u00e9sekhez, amelyeket k\u00e9s\u0151bb visszan\u00e9zhet<\/li><li><strong><span class=\"has-inline-color has-accent-1-color\">Kiemel\u00e9s<\/span><\/strong>: A fontosabb sz\u00f6vegr\u00e9szeket sz\u00ednes sz\u00f6vegkiemel\u0151vel jelezheti<\/li><li><strong><span class=\"has-inline-color has-accent-1-color\">K\u00f6nyvjelz\u0151<\/span><\/strong>: A l\u00e9nyegesebb oldalakhoz k\u00f6nyvjelz\u0151t iktathat be<\/li><li><strong><span class=\"has-inline-color has-accent-1-color\">Jegyzetek \u00f6sszegy\u0171jt\u00e9se<\/span><\/strong>: A jegyzeteket, kiemel\u00e9seket, k\u00f6nyvjelz\u0151ket egy PDF dokumentumba gy\u0171jtheti ki<\/li><li><strong><span class=\"has-inline-color has-accent-1-color\">Keres\u00e9s<\/span><\/strong>: Kereshet a fejezetben vagy a teljes k\u00f6nyvben<\/li><li><strong><span class=\"has-inline-color has-accent-1-color\">Nyelvbe\u00e1ll\u00edt\u00e1s<\/span><\/strong>: T\u00f6bb mint t\u00edzf\u00e9le nyelvb\u0151l v\u00e1laszthat<\/li><li><strong><span class=\"has-inline-color has-accent-1-color\">M\u00e1sol\u00e1s v\u00e1g\u00f3lapra<\/span><\/strong>: A kijel\u00f6lt sz\u00f6veget a v\u00e1g\u00f3lapra m\u00e1solhatja, hogy m\u00e1s alkalmaz\u00e1sokba m\u00e1solja \u00e1t<\/li><li><strong><span class=\"has-inline-color has-accent-1-color\">Sz\u00f6vegfelolvas\u00f3<\/span><\/strong>: A kiv\u00e1lasztott sz\u00f6veget a Reader felolvassa<\/li><li><strong><span class=\"has-inline-color has-accent-1-color\">Google keres\u00e9s<\/span><\/strong>: Defin\u00edci\u00f3k, magyar\u00e1zatok keres\u00e9se k\u00f6zvetlen\u00fcl, egy kattint\u00e1ssal<\/li><\/ul>\n<\/div><\/div>\n\n\n\n<div class=\"wp-block-media-text alignwide is-stacked-on-mobile\" style=\"grid-template-columns:45% auto\"><figure class=\"wp-block-media-text__media\"><a href=\"https:\/\/faduwart.hu\/honlap\/wp-content\/uploads\/2021\/08\/multiplatform.jpg\"><img loading=\"lazy\" width=\"977\" height=\"469\" src=\"https:\/\/faduwart.hu\/honlap\/wp-content\/uploads\/2021\/08\/multiplatform.jpg\" alt=\"\" class=\"wp-image-373 size-full\" srcset=\"https:\/\/www.faduwart.hu\/honlap\/wp-content\/uploads\/2021\/08\/multiplatform.jpg 977w, https:\/\/www.faduwart.hu\/honlap\/wp-content\/uploads\/2021\/08\/multiplatform-300x144.jpg 300w, https:\/\/www.faduwart.hu\/honlap\/wp-content\/uploads\/2021\/08\/multiplatform-768x369.jpg 768w, https:\/\/www.faduwart.hu\/honlap\/wp-content\/uploads\/2021\/08\/multiplatform-611x293.jpg 611w\" sizes=\"(max-width: 977px) 100vw, 977px\" \/><\/a><\/figure><div class=\"wp-block-media-text__content\">\n<h2>Multiplatformos t\u00e1mogat\u00e1s<\/h2>\n\n\n\n<p>A Kotobee Readert a Kotobee Authorral k\u00e9sz\u00edtett interakt\u00edv elemeket tartalmaz\u00f3 kiadv\u00e1nyokra optimaliz\u00e1lt\u00e1k. Ez garant\u00e1lja, hogy z\u00f6kken\u0151mentesen fusson minden platformon:&nbsp; weben, sz\u00e1m\u00edt\u00f3g\u00e9pen, iPadon, iPhone-on, Androidon stb. Az eBook \u00e1tm\u00e9retez\u0151d\u0151, \u00e9s alkalmazkodik a k\u00fcl\u00f6nb\u00f6z\u0151 k\u00e9perny\u0151m\u00e9rethez \u00e9s t\u00e1jol\u00e1shoz.<\/p>\n<\/div><\/div>\n","protected":false},"excerpt":{"rendered":"<p>Felhaszn\u00e1l\u00f3i eszk\u00f6z\u00f6k Jegyzetel\u00e9s: Jegyzeteket f\u0171zhet szavakhoz, bekezd\u00e9sekhez, amelyeket k\u00e9s\u0151bb visszan\u00e9zhet Kiemel\u00e9s: A fontosabb sz\u00f6vegr\u00e9szeket sz\u00ednes sz\u00f6vegkiemel\u0151vel jelezheti K\u00f6nyvjelz\u0151: A l\u00e9nyegesebb oldalakhoz k\u00f6nyvjelz\u0151t iktathat be Jegyzetek \u00f6sszegy\u0171jt\u00e9se: A jegyzeteket, kiemel\u00e9seket, k\u00f6nyvjelz\u0151ket egy PDF dokumentumba gy\u0171jtheti ki Keres\u00e9s: Kereshet a fejezetben vagy a teljes k\u00f6nyvben Nyelvbe\u00e1ll\u00edt\u00e1s: T\u00f6bb mint t\u00edzf\u00e9le nyelvb\u0151l v\u00e1laszthat M\u00e1sol\u00e1s &hellip;<\/p>\n","protected":false},"author":2,"featured_media":423,"parent":16,"menu_order":0,"comment_status":"closed","ping_status":"closed","template":"","meta":[],"_links":{"self":[{"href":"https:\/\/www.faduwart.hu\/honlap\/wp-json\/wp\/v2\/pages\/363"}],"collection":[{"href":"https:\/\/www.faduwart.hu\/honlap\/wp-json\/wp\/v2\/pages"}],"about":[{"href":"https:\/\/www.faduwart.hu\/honlap\/wp-json\/wp\/v2\/types\/page"}],"author":[{"embeddable":true,"href":"https:\/\/www.faduwart.hu\/honlap\/wp-json\/wp\/v2\/users\/2"}],"replies":[{"embeddable":true,"href":"https:\/\/www.faduwart.hu\/honlap\/wp-json\/wp\/v2\/comments?post=363"}],"version-history":[{"count":9,"href":"https:\/\/www.faduwart.hu\/honlap\/wp-json\/wp\/v2\/pages\/363\/revisions"}],"predecessor-version":[{"id":586,"href":"https:\/\/www.faduwart.hu\/honlap\/wp-json\/wp\/v2\/pages\/363\/revisions\/586"}],"up":[{"embeddable":true,"href":"https:\/\/www.faduwart.hu\/honlap\/wp-json\/wp\/v2\/pages\/16"}],"wp:featuredmedia":[{"embeddable":true,"href":"https:\/\/www.faduwart.hu\/honlap\/wp-json\/wp\/v2\/media\/423"}],"wp:attachment":[{"href":"https:\/\/www.faduwart.hu\/honlap\/wp-json\/wp\/v2\/media?parent=363"}],"curies":[{"name":"wp","href":"https:\/\/api.w.org\/{rel}","templated":true}]}}