{"id":385,"date":"2021-08-17T09:40:32","date_gmt":"2021-08-17T09:40:32","guid":{"rendered":"https:\/\/faduwart.hu\/honlap\/?page_id=385"},"modified":"2025-03-07T12:20:39","modified_gmt":"2025-03-07T11:20:39","slug":"visualneo-web","status":"publish","type":"page","link":"https:\/\/www.faduwart.hu\/honlap\/szoftverek\/visualneo-web\/","title":{"rendered":"VisualNEO Web alkalmaz\u00e1sfejleszt\u0151 szoftver"},"content":{"rendered":"\n<div class=\"wp-block-group\"><div class=\"wp-block-group__inner-container\">\n<div class=\"wp-block-group\"><div class=\"wp-block-group__inner-container\">\n<p>A VisualNEO Web egy Windows alatt futtathat\u00f3 szoftver, amellyel webes appokat, progressz\u00edv webes appokat (PWA), NW.js asztali alkalmaz\u00e1st \u00e9s PhoneGap appokat lehet l\u00e9trehozni. <\/p>\n\n\n\n<ul><li>A progressz\u00edv webes appot egy honlapon lehet megjelen\u00edteni vagy a <a rel=\"noreferrer noopener\" href=\"https:\/\/www.pwabuilder.com\" data-type=\"URL\" data-id=\"https:\/\/www.pwabuilder.com\" target=\"_blank\">pwabuilder.com<\/a> seg\u00edts\u00e9g\u00e9vel az App Store-okban lehet megjelentetni. A VisualNEO Web PWA-ra alkalmas appokat tud l\u00e9trehozni. <\/li><li>Az <a rel=\"noreferrer noopener\" href=\"https:\/\/nwjs.io\/\" data-type=\"URL\" data-id=\"https:\/\/nwjs.io\/\" target=\"_blank\">NW.js keretrendszerrel<\/a> t\u00f6bbplatformos (Windows, Linux \u00e9s Max OS X) asztali alkalmaz\u00e1s hozhat\u00f3 l\u00e9tre, mivel a VisualNEO Web NW.js-re alkalmas alkalmaz\u00e1sokat tud l\u00e9trehozni.<\/li><li>A <a rel=\"noreferrer noopener\" href=\"https:\/\/volt.build\/\" data-type=\"URL\" data-id=\"https:\/\/volt.build\/\" target=\"_blank\">Volt Builder<\/a> online szolg\u00e1ltat\u00e1son kereszt\u00fcl mobil appokat gener\u00e1lhatunk, vagy haszn\u00e1lhatjuk az <a rel=\"noreferrer noopener\" href=\"https:\/\/cordova.apache.org\/\" data-type=\"URL\" data-id=\"https:\/\/cordova.apache.org\/\" target=\"_blank\">Apache Cordova<\/a> eszk\u00f6zt a sz\u00e1m\u00edt\u00f3g\u00e9p\u00fcnk\u00f6n. Ezeket \u00e9rt\u00e9kes\u00edthetj\u00fck a Google Play vagy az Apple App Store \u00e1ruh\u00e1zakban. A VisualNEO Web Volt Builder-re alkalmas appokat tud l\u00e9trehozni.<\/li><\/ul>\n\n\n\n<p>Gyorsan l\u00e9trehozhatunk sz\u00f6veg, k\u00e9p, hang, vide\u00f3, HTML tartalom, internetes link, speci\u00e1lis effektusok \u00e9s egy\u00e9b elemek \u00f6sszerendez\u00e9s\u00e9vel interakt\u00edv, professzion\u00e1lis webes \u00e9s mobil applik\u00e1ci\u00f3kat. A FaduwArt Bt. v\u00e1llal k\u00fcl\u00f6nb\u00f6z\u0151 alkalmaz\u00e1sok elk\u00e9sz\u00edt\u00e9s\u00e9t a VisualNEO-val.<\/p>\n\n\n\n<div class=\"wp-block-media-text alignwide is-stacked-on-mobile\" style=\"grid-template-columns:46% auto\"><figure class=\"wp-block-media-text__media\"><a href=\"https:\/\/faduwart.hu\/honlap\/wp-content\/uploads\/2021\/08\/visualneo-web-screenshot2.jpg\"><img loading=\"lazy\" width=\"700\" height=\"423\" src=\"https:\/\/faduwart.hu\/honlap\/wp-content\/uploads\/2021\/08\/visualneo-web-screenshot2.jpg\" alt=\"Kezd\u0151knek \u00e9s halad\u00f3knak\" class=\"wp-image-388 size-full\" srcset=\"https:\/\/www.faduwart.hu\/honlap\/wp-content\/uploads\/2021\/08\/visualneo-web-screenshot2.jpg 700w, https:\/\/www.faduwart.hu\/honlap\/wp-content\/uploads\/2021\/08\/visualneo-web-screenshot2-300x181.jpg 300w, https:\/\/www.faduwart.hu\/honlap\/wp-content\/uploads\/2021\/08\/visualneo-web-screenshot2-496x300.jpg 496w\" sizes=\"(max-width: 700px) 100vw, 700px\" \/><\/a><\/figure><div class=\"wp-block-media-text__content\">\n<h2>Kezd\u0151knek \u00e9s halad\u00f3knak<\/h2>\n\n\n\n<p>M\u00e9g ha nem is ismeri az olyan modern technol\u00f3gi\u00e1kat, mint a HTML5, CSS3, JavaScript vagy a JQuery, akkor is remek alkalmaz\u00e1sokat k\u00e9sz\u00edthet a h\u00fazd-\u00e9s-dobd vizu\u00e1lis fel\u00fcletnek \u00e9s a NeoScript programnyelv var\u00e1zsl\u00f3j\u00e1nak k\u00f6sz\u00f6nhet\u0151en. Ide\u00e1lis tanul\u00f3k \u00e9s diz\u00e1jnerek sz\u00e1m\u00e1ra is! Folyamatosan megtekinthet\u0151 a l\u00e9trehozott alkalmaz\u00e1s a VisualNEO Web-en bel\u00fcl. <\/p>\n\n\n\n<p>Halad\u00f3k sz\u00e1m\u00e1ra: ha m\u00e1r egy hozz\u00e1\u00e9rt\u0151 webfejleszt\u0151, akkor a VisualNEO Web szoftverben \u00e9rdekes lehet\u0151s\u00e9geket tal\u00e1lhat, hogy professzion\u00e1lis appokat vagy m\u00e1s webes fel\u00fcleteket fejlesszen ki j\u00f3val gyorsabban.<\/p>\n\n\n\n<ul><li>NeoScriptet \u00e9s JavaScriptet is lehet haszn\u00e1lni,<\/li><li>AngularJS, BootStrap \u00e9s JQuery-n alapul,<\/li><li>adatb\u00e1zis-kezel\u0151 eszk\u00f6z\u00f6k a MySQL \u00e9s a SQLite-hoz,<\/li><li>PHP szervert tartalmaz,<\/li><li>2D \u00e9s 3D vektorrajzol\u00f3 parancsok,<\/li><li>komplex anim\u00e1ci\u00f3k,<\/li><li>API rajzol\u00e1s,<\/li><li>SVG k\u00e9p manipul\u00e1l\u00e1sa,<\/li><li>bedolgoz\u00f3-gener\u00e1tor.<\/li><\/ul>\n<\/div><\/div>\n<\/div><\/div>\n<\/div><\/div>\n\n\n\n<div class=\"wp-block-media-text alignwide has-media-on-the-right is-stacked-on-mobile\" style=\"grid-template-columns:auto 51%\"><figure class=\"wp-block-media-text__media\"><a href=\"https:\/\/faduwart.hu\/honlap\/wp-content\/uploads\/2021\/08\/VisualNEO-Web-6.png\"><img loading=\"lazy\" width=\"700\" height=\"436\" src=\"https:\/\/faduwart.hu\/honlap\/wp-content\/uploads\/2021\/08\/VisualNEO-Web-6.png\" alt=\"Gyors alkalmaz\u00e1sfejleszt\u00e9s\" class=\"wp-image-393 size-full\" srcset=\"https:\/\/www.faduwart.hu\/honlap\/wp-content\/uploads\/2021\/08\/VisualNEO-Web-6.png 700w, https:\/\/www.faduwart.hu\/honlap\/wp-content\/uploads\/2021\/08\/VisualNEO-Web-6-300x187.png 300w, https:\/\/www.faduwart.hu\/honlap\/wp-content\/uploads\/2021\/08\/VisualNEO-Web-6-482x300.png 482w\" sizes=\"(max-width: 700px) 100vw, 700px\" \/><\/a><\/figure><div class=\"wp-block-media-text__content\">\n<h2>Gyors alkalmaz\u00e1sfejleszt\u00e9s<\/h2>\n\n\n\n<p>A VisualNEO-t k\u00f6nny\u0171 haszn\u00e1lni: az \u00fasz\u00f3 eszk\u00f6zpaletta \u00e9s a var\u00e1zsl\u00f3k seg\u00edtenek a webes alkalmaz\u00e1sok l\u00e9trehoz\u00e1s\u00e1ban a h\u00fazd-\u00e9s-dobd parancsokkal. Egyszer\u0171en adhatunk hozz\u00e1 nyom\u00f3gombokat, sz\u00f6veget, sz\u00f6vegbeviteli mez\u0151t, kijel\u00f6l\u0151n\u00e9gyzetet, list\u00e1kat \u00e9s m\u00e1s interakt\u00edv szab\u00e1lyoz\u00f3kat. N\u00e9h\u00e1ny perc alatt k\u00e9sz\u00edthet\u00fcnk olyan fel\u00fcletet, amelyen a felhaszn\u00e1l\u00f3 k\u00fcl\u00f6nb\u00f6z\u0151 alkalmaz\u00e1s-k\u00e9perny\u0151k\u00f6n kereszt\u00fcl navig\u00e1lhat, be\u00edrhat v\u00e1laszokat, \u00fczeneteket jelen\u00edthet meg, multim\u00e9dia f\u00e1jlokat j\u00e1tszhat le, sz\u00e1mol\u00e1sokat v\u00e9gezhet, adatokat k\u00fcldhet a szervernek, megjelen\u00edthet internetes oldalakat stb. T\u00f6bb mint harminc bedolgoz\u00f3 \u00e9s minta, valamint (egyel\u0151re csak angol nyelv\u0171) oktat\u00f3anyag tal\u00e1lhat\u00f3 a csomagban.<\/p>\n<\/div><\/div>\n\n\n\n<div class=\"wp-block-media-text alignwide is-stacked-on-mobile\" style=\"grid-template-columns:46% auto\"><figure class=\"wp-block-media-text__media\"><a href=\"https:\/\/faduwart.hu\/honlap\/wp-content\/uploads\/2021\/08\/VisualNEO-Web-4.png\"><img loading=\"lazy\" width=\"700\" height=\"434\" src=\"https:\/\/faduwart.hu\/honlap\/wp-content\/uploads\/2021\/08\/VisualNEO-Web-4.png\" alt=\"K\u00f6nnyen tanulhat\u00f3 programnyelv\" class=\"wp-image-396 size-full\" srcset=\"https:\/\/www.faduwart.hu\/honlap\/wp-content\/uploads\/2021\/08\/VisualNEO-Web-4.png 700w, https:\/\/www.faduwart.hu\/honlap\/wp-content\/uploads\/2021\/08\/VisualNEO-Web-4-300x186.png 300w, https:\/\/www.faduwart.hu\/honlap\/wp-content\/uploads\/2021\/08\/VisualNEO-Web-4-484x300.png 484w\" sizes=\"(max-width: 700px) 100vw, 700px\" \/><\/a><\/figure><div class=\"wp-block-media-text__content\">\n<h2>K\u00f6nnyen tanulhat\u00f3 programnyelv<\/h2>\n\n\n\n<p>A NeoScript programnyelv egy be\u00e9p\u00edtett le\u00edr\u00f3nyelv, amely a bedolgoz\u00f3k serege tov\u00e1bb b\u0151v\u00edti a VisualNEO Web lehet\u0151s\u00e9geit.<\/p>\n\n\n\n<p>Tulajdonk\u00e9ppen nincs sz\u00fcks\u00e9g programoz\u00f3i tud\u00e1sra, hogy k\u00fcl\u00f6nb\u00f6z\u0151 web alap\u00fa alkalmaz\u00e1sokat hozzunk l\u00e9tre, de azok, akiknek van valamennyi programoz\u00e1si ismerete, vagy meg akarja tanulni a programoz\u00e1st alapszinten, azok r\u00e9sz\u00e9re rendelkez\u00e9sre \u00e1ll a be\u00e9p\u00edtett NeoScript programnyelv, ami seg\u00edt a m\u00e9g fejlettebb alkalmaz\u00e1sok l\u00e9trehoz\u00e1s\u00e1ban.<\/p>\n\n\n\n<p>Ha valaki rendelkezik HTML, CSS \u00e9s JavaScript ismeretekkel, tov\u00e1bbi lehet\u0151s\u00e9gek \u00e1llnak az alkalmaz\u00e1s kialak\u00edt\u00e1s\u00e1hoz.<\/p>\n\n\n\n<p>M\u00e9g saj\u00e1t bedolgoz\u00f3t is k\u00e9sz\u00edthet a NeoScript programnyelv lehet\u0151s\u00e9geinek b\u0151v\u00edt\u00e9s\u00e9hez a hozz\u00e1\u00e9rt\u0151, \u00edgy nem sz\u00fcks\u00e9ges bonyolult k\u00f6nyvt\u00e1rak memoriz\u00e1l\u00e1sa. S\u0151t, a bedolgoz\u00f3t ak\u00e1r \u00e9rt\u00e9kes\u00edtheti a fejleszt\u0151k web\u00e1ruh\u00e1z\u00e1ban!  <\/p>\n<\/div><\/div>\n\n\n\n<div class=\"wp-block-media-text alignwide has-media-on-the-right is-stacked-on-mobile\" style=\"grid-template-columns:auto 54%\"><figure class=\"wp-block-media-text__media\"><a href=\"https:\/\/faduwart.hu\/honlap\/wp-content\/uploads\/2021\/08\/VisualNEO-Web-7.png\"><img loading=\"lazy\" width=\"700\" height=\"434\" src=\"https:\/\/faduwart.hu\/honlap\/wp-content\/uploads\/2021\/08\/VisualNEO-Web-7.png\" alt=\"Web alap\u00fa appok k\u00e9sz\u00edt\u00e9se\" class=\"wp-image-400 size-full\" srcset=\"https:\/\/www.faduwart.hu\/honlap\/wp-content\/uploads\/2021\/08\/VisualNEO-Web-7.png 700w, https:\/\/www.faduwart.hu\/honlap\/wp-content\/uploads\/2021\/08\/VisualNEO-Web-7-300x186.png 300w, https:\/\/www.faduwart.hu\/honlap\/wp-content\/uploads\/2021\/08\/VisualNEO-Web-7-484x300.png 484w\" sizes=\"(max-width: 700px) 100vw, 700px\" \/><\/a><\/figure><div class=\"wp-block-media-text__content\">\n<h2>Web-alap\u00fa appok k\u00e9sz\u00edt\u00e9se<\/h2>\n\n\n\n<p>Egy teljes VisualNEO projektet lehet b\u00f6ng\u00e9sz\u0151-kompatibilis form\u00e1tumba konvert\u00e1lni. Csak meg kell nyitni a b\u00f6ng\u00e9sz\u0151ben a l\u00e9trehozott index.html f\u00e1jlt, \u00e9s m\u00e1ris fut az alkalmaz\u00e1s. Term\u00e9szetesen egy internetes t\u00e1rhelyre felt\u00f6ltve egy honlapba is bele lehet integr\u00e1lni. Egy interakt\u00edv oktat\u00f3anyag minta tal\u00e1lhat\u00f3 a <a href=\"http:\/\/www.e-studymaterials.com\/hu\/kozvetlen-koltsegek\" target=\"_blank\" rel=\"noreferrer noopener\">www.e-studymaterials.com\/hu\/kozvetlen-koltsegek<\/a> \u00e9s a <a href=\"http:\/\/www.e-studymaterials.com\/hu\/kmh-elemzes\" data-type=\"URL\" data-id=\"http:\/\/www.e-studymaterials.com\/hu\/kmh-elemzes\" target=\"_blank\" rel=\"noreferrer noopener\">www.e-studymaterials.com\/hu\/kmh-elemzes<\/a> linken.<\/p>\n<\/div><\/div>\n\n\n\n<div class=\"wp-block-media-text alignwide is-stacked-on-mobile\" style=\"grid-template-columns:46% auto\"><figure class=\"wp-block-media-text__media\"><a href=\"https:\/\/faduwart.hu\/honlap\/wp-content\/uploads\/2021\/08\/VisualNEO-Web-5.png\"><img loading=\"lazy\" width=\"700\" height=\"435\" src=\"https:\/\/faduwart.hu\/honlap\/wp-content\/uploads\/2021\/08\/VisualNEO-Web-5.png\" alt=\"Mobil appok k\u00e9sz\u00edt\u00e9se\" class=\"wp-image-401 size-full\" srcset=\"https:\/\/www.faduwart.hu\/honlap\/wp-content\/uploads\/2021\/08\/VisualNEO-Web-5.png 700w, https:\/\/www.faduwart.hu\/honlap\/wp-content\/uploads\/2021\/08\/VisualNEO-Web-5-300x186.png 300w, https:\/\/www.faduwart.hu\/honlap\/wp-content\/uploads\/2021\/08\/VisualNEO-Web-5-483x300.png 483w\" sizes=\"(max-width: 700px) 100vw, 700px\" \/><\/a><\/figure><div class=\"wp-block-media-text__content\">\n<h2>Mobil appok \u00e9s SCORM-csomag l\u00e9trehoz\u00e1sa<\/h2>\n\n\n\n<p>A VisualNEO Web elk\u00e9sz\u00edtheti a projektet olyan form\u00e1tumban, amivel az Adobe PhoneGap Online Service seg\u00edts\u00e9g\u00e9vel m\u0171k\u00f6d\u0151k\u00e9pes mobil alkalmaz\u00e1sokat hozhat l\u00e9tre IOs, Andoid \u00e9s m\u00e1s mobil platformokhoz, illetve tanul\u00e1skezel\u0151 szoftverek, mint p\u00e9ld\u00e1ul a Moodle, SCORM csomaggal be\u00e9p\u00fcl\u0151 modult hozhat l\u00e9tre.<\/p>\n<\/div><\/div>\n","protected":false},"excerpt":{"rendered":"<p>Gyors alkalmaz\u00e1sfejleszt\u00e9s A VisualNEO-t k\u00f6nny\u0171 haszn\u00e1lni: az \u00fasz\u00f3 eszk\u00f6zpaletta \u00e9s a var\u00e1zsl\u00f3k seg\u00edtenek a webes alkalmaz\u00e1sok l\u00e9trehoz\u00e1s\u00e1ban a h\u00fazd-\u00e9s-dobd parancsokkal. Egyszer\u0171en adhatunk hozz\u00e1 nyom\u00f3gombokat, sz\u00f6veget, sz\u00f6vegbeviteli mez\u0151t, kijel\u00f6l\u0151n\u00e9gyzetet, list\u00e1kat \u00e9s m\u00e1s interakt\u00edv szab\u00e1lyoz\u00f3kat. N\u00e9h\u00e1ny perc alatt k\u00e9sz\u00edthet\u00fcnk olyan fel\u00fcletet, amelyen a felhaszn\u00e1l\u00f3 k\u00fcl\u00f6nb\u00f6z\u0151 alkalmaz\u00e1s-k\u00e9perny\u0151k\u00f6n kereszt\u00fcl navig\u00e1lhat, be\u00edrhat v\u00e1laszokat, \u00fczeneteket jelen\u00edthet &hellip;<\/p>\n","protected":false},"author":2,"featured_media":420,"parent":16,"menu_order":0,"comment_status":"closed","ping_status":"closed","template":"","meta":[],"_links":{"self":[{"href":"https:\/\/www.faduwart.hu\/honlap\/wp-json\/wp\/v2\/pages\/385"}],"collection":[{"href":"https:\/\/www.faduwart.hu\/honlap\/wp-json\/wp\/v2\/pages"}],"about":[{"href":"https:\/\/www.faduwart.hu\/honlap\/wp-json\/wp\/v2\/types\/page"}],"author":[{"embeddable":true,"href":"https:\/\/www.faduwart.hu\/honlap\/wp-json\/wp\/v2\/users\/2"}],"replies":[{"embeddable":true,"href":"https:\/\/www.faduwart.hu\/honlap\/wp-json\/wp\/v2\/comments?post=385"}],"version-history":[{"count":11,"href":"https:\/\/www.faduwart.hu\/honlap\/wp-json\/wp\/v2\/pages\/385\/revisions"}],"predecessor-version":[{"id":881,"href":"https:\/\/www.faduwart.hu\/honlap\/wp-json\/wp\/v2\/pages\/385\/revisions\/881"}],"up":[{"embeddable":true,"href":"https:\/\/www.faduwart.hu\/honlap\/wp-json\/wp\/v2\/pages\/16"}],"wp:featuredmedia":[{"embeddable":true,"href":"https:\/\/www.faduwart.hu\/honlap\/wp-json\/wp\/v2\/media\/420"}],"wp:attachment":[{"href":"https:\/\/www.faduwart.hu\/honlap\/wp-json\/wp\/v2\/media?parent=385"}],"curies":[{"name":"wp","href":"https:\/\/api.w.org\/{rel}","templated":true}]}}