{"id":457,"date":"2021-09-12T18:11:11","date_gmt":"2021-09-12T18:11:11","guid":{"rendered":"https:\/\/faduwart.hu\/honlap\/?page_id=457"},"modified":"2021-09-15T13:11:09","modified_gmt":"2021-09-15T13:11:09","slug":"services","status":"publish","type":"page","link":"https:\/\/www.faduwart.hu\/honlap\/about-us\/services\/","title":{"rendered":"Services"},"content":{"rendered":"\n<div class=\"wp-block-group\"><div class=\"wp-block-group__inner-container\">\n<p>On this webpage you can read about our actual services. Flipping publications are getting more popular than static PDFs. They can be appareled with special effects. Our latest service is publishing and selling e-books, which is highly recommended to higher educational institutions to publish teacher&#8217;s subject specific educational material (cheap for students, generates income to teachers). See details on its website: <a href=\"http:\/\/www.e-publishinghouse.com\" data-type=\"URL\" data-id=\"www.e-publishinghouse.com\">www.e-publishinghouse.com<\/a>.<\/p>\n\n\n\n<div class=\"wp-block-group\"><div class=\"wp-block-group__inner-container\">\n<h2>Developing flipping books<\/h2>\n\n\n\n<div class=\"wp-block-media-text alignwide is-stacked-on-mobile\" style=\"grid-template-columns:28% auto\"><figure class=\"wp-block-media-text__media\"><a href=\"http:\/\/flippingbooks.e-publishinghouse.com\/books\/dbjx\/#p=10\"><img loading=\"lazy\" width=\"384\" height=\"288\" src=\"https:\/\/faduwart.hu\/honlap\/wp-content\/uploads\/2021\/07\/katalogus2.gif\" alt=\"lapoz\u00f3s anim\u00e1ci\u00f3\" class=\"wp-image-65 size-full\"\/><\/a><\/figure><div class=\"wp-block-media-text__content\">\n<p>We can create e-catalog, e-brochure, e-book from PDF, which can be published on a website, or can be distributed on CD or other ways (in exe, html, or Android app format). If you need, we can host the publication on our server, and you can provide the link to your clients, or the publication can be embedded on your webpage. More publications can have bookshelf on our special website.<br>We can insert other elements in the publication. They are shapes, embedded Youtube or Vimeo video, embedded website, music, animation, attention-grabbing effects, PayPal link, etc. The background can be any color or animated effect or any image. The book environment can include TOC, ads, QR-code, logo with link, etc. <a href=\"https:\/\/faduwart.hu\/honlap\/about-us\/flipping-books\/\" data-type=\"page\" data-id=\"459\">More&#8230;.<\/a><\/p>\n<\/div><\/div>\n<\/div><\/div>\n<\/div><\/div>\n\n\n\n<h2>Designing and creating publications, desktop publishing<\/h2>\n\n\n\n<div class=\"wp-block-media-text alignwide is-stacked-on-mobile\" style=\"grid-template-columns:28% auto\"><figure class=\"wp-block-media-text__media\"><a href=\"http:\/\/flippingbooks.e-publishinghouse.com\/books\/smvb\/#p=B1\"><img loading=\"lazy\" width=\"1024\" height=\"683\" src=\"https:\/\/faduwart.hu\/honlap\/wp-content\/uploads\/2021\/07\/mbr-1920x1281-1-1024x683.jpeg\" alt=\"handwriting\" class=\"wp-image-68 size-full\" srcset=\"https:\/\/www.faduwart.hu\/honlap\/wp-content\/uploads\/2021\/07\/mbr-1920x1281-1-1024x683.jpeg 1024w, https:\/\/www.faduwart.hu\/honlap\/wp-content\/uploads\/2021\/07\/mbr-1920x1281-1-300x200.jpeg 300w, https:\/\/www.faduwart.hu\/honlap\/wp-content\/uploads\/2021\/07\/mbr-1920x1281-1-768x512.jpeg 768w, https:\/\/www.faduwart.hu\/honlap\/wp-content\/uploads\/2021\/07\/mbr-1920x1281-1-1536x1025.jpeg 1536w, https:\/\/www.faduwart.hu\/honlap\/wp-content\/uploads\/2021\/07\/mbr-1920x1281-1-450x300.jpeg 450w, https:\/\/www.faduwart.hu\/honlap\/wp-content\/uploads\/2021\/07\/mbr-1920x1281-1.jpeg 1920w\" sizes=\"(max-width: 1024px) 100vw, 1024px\" \/><\/a><\/figure><div class=\"wp-block-media-text__content\">\n<p>We can design and publish paper-based book, brochure, newspaper, or leaflet. The input can be a draft, a manuscript, or a document file. If necessary, we can draw the figures, illustrations from scratch or according to a description. The implementation can be done according to your instruction as well. We can provide the finished material in pdf format, or we can arrange the press as well via our partner.<\/p>\n<\/div><\/div>\n\n\n\n<div class=\"wp-block-group\"><div class=\"wp-block-group__inner-container\">\n<h2>Designing and creating e<strong>lectronic publications, inteactive learning material, animation<\/strong><\/h2>\n\n\n\n<div class=\"wp-block-media-text alignwide is-stacked-on-mobile\" style=\"grid-template-columns:28% auto\"><figure class=\"wp-block-media-text__media\"><a href=\"https:\/\/www.e-studymaterials.com\/MasterBudgeting\"><img loading=\"lazy\" width=\"320\" height=\"240\" src=\"https:\/\/faduwart.hu\/honlap\/wp-content\/uploads\/2021\/07\/studymaterial.gif\" alt=\"studymaterial\" class=\"wp-image-86 size-full\"\/><\/a><\/figure><div class=\"wp-block-media-text__content\">\n<p>If you have a paper based book, catalog, newspaper, ppt presentation, we can create its html5 format. The advantage of this format, that it can be interactive, can contain video, voice\/sound\/music, subtitle, questions and checking the answers as well. Distributing is not a problem. You can copy it just as many times as you need. Or you can distribute it via Internet, or display it online, and can be protected by a password.<\/p>\n\n\n\n<p>Explanatory animation is also available in an MP4 format.<\/p>\n\n\n\n<p>Existing studybook can have a CD annex, or a pptx presentation material, containing video, animation, tests, or voice narration, so students can enjoy it without the teacher&#8230;<\/p>\n<\/div><\/div>\n<\/div><\/div>\n\n\n\n<h2>Designing and creating i<strong>nteractive, learning aid<\/strong><\/h2>\n\n\n\n<div class=\"wp-block-media-text alignwide is-stacked-on-mobile\" style=\"grid-template-columns:28% auto\"><figure class=\"wp-block-media-text__media\"><a href=\"http:\/\/www.e-studymaterials.com\/hu\/kmh-elemzes\/#!\/index\"><img loading=\"lazy\" width=\"480\" height=\"320\" src=\"https:\/\/faduwart.hu\/honlap\/wp-content\/uploads\/2021\/07\/e-tananyag.gif\" alt=\"e-tananyag\" class=\"wp-image-81 size-full\"\/><\/a><\/figure><div class=\"wp-block-media-text__content\">\n<p>Getting more popular the electronic learning aids. They can be accessed on the Internet or in the Intranet, or can be distributed on CDs. Interactivity helps selfstudy also. Ideal for distance teaching\/distance learning.<\/p>\n<\/div><\/div>\n\n\n\n<h2>Creating, publishing, selling e-books<\/h2>\n\n\n\n<div class=\"wp-block-media-text alignwide is-stacked-on-mobile\" style=\"grid-template-columns:28% auto\"><figure class=\"wp-block-media-text__media\"><a href=\"https:\/\/www.e-publishinghouse.com\/\"><img loading=\"lazy\" width=\"1024\" height=\"950\" src=\"https:\/\/faduwart.hu\/honlap\/wp-content\/uploads\/2021\/07\/e-publishinghouse-screenshot-1024x950.jpg\" alt=\"e-publishinghouse-screenshot\" class=\"wp-image-96 size-full\" srcset=\"https:\/\/www.faduwart.hu\/honlap\/wp-content\/uploads\/2021\/07\/e-publishinghouse-screenshot-1024x950.jpg 1024w, https:\/\/www.faduwart.hu\/honlap\/wp-content\/uploads\/2021\/07\/e-publishinghouse-screenshot-300x278.jpg 300w, https:\/\/www.faduwart.hu\/honlap\/wp-content\/uploads\/2021\/07\/e-publishinghouse-screenshot-768x713.jpg 768w, https:\/\/www.faduwart.hu\/honlap\/wp-content\/uploads\/2021\/07\/e-publishinghouse-screenshot-323x300.jpg 323w, https:\/\/www.faduwart.hu\/honlap\/wp-content\/uploads\/2021\/07\/e-publishinghouse-screenshot.jpg 1167w\" sizes=\"(max-width: 1024px) 100vw, 1024px\" \/><\/a><\/figure><div class=\"wp-block-media-text__content\">\n<p>We can convert the MS Word, or PDF format publications (books, studybooks, university notebooks, teaching materials) to an e-format (epub, mobi, drmz), can request ISBN number if necessary, then we can sell in our webshop <a href=\"https:\/\/www.e-publishinghouse.com\" data-type=\"URL\" data-id=\"https:\/\/www.e-publishinghouse.com\">e-publishinghouse.com<\/a>. Of course, existing e-book can be sold via our webshop also. It is possible to protect it with DRM, so it can be read only with special reader, cannot be copied to another device. Details in <a href=\"http:\/\/www.e-publishinghouse.com\" data-type=\"URL\" data-id=\"www.e-publishinghouse.com\">e-publishinghouse.com<\/a><\/p>\n<\/div><\/div>\n","protected":false},"excerpt":{"rendered":"<p>Designing and creating publications, desktop publishing We can design and publish paper-based book, brochure, newspaper, or leaflet. The input can be a draft, a manuscript, or a document file. If necessary, we can draw the figures, illustrations from scratch or according to a description. The implementation can be done according &hellip;<\/p>\n","protected":false},"author":2,"featured_media":102,"parent":328,"menu_order":0,"comment_status":"closed","ping_status":"closed","template":"","meta":[],"_links":{"self":[{"href":"https:\/\/www.faduwart.hu\/honlap\/wp-json\/wp\/v2\/pages\/457"}],"collection":[{"href":"https:\/\/www.faduwart.hu\/honlap\/wp-json\/wp\/v2\/pages"}],"about":[{"href":"https:\/\/www.faduwart.hu\/honlap\/wp-json\/wp\/v2\/types\/page"}],"author":[{"embeddable":true,"href":"https:\/\/www.faduwart.hu\/honlap\/wp-json\/wp\/v2\/users\/2"}],"replies":[{"embeddable":true,"href":"https:\/\/www.faduwart.hu\/honlap\/wp-json\/wp\/v2\/comments?post=457"}],"version-history":[{"count":6,"href":"https:\/\/www.faduwart.hu\/honlap\/wp-json\/wp\/v2\/pages\/457\/revisions"}],"predecessor-version":[{"id":484,"href":"https:\/\/www.faduwart.hu\/honlap\/wp-json\/wp\/v2\/pages\/457\/revisions\/484"}],"up":[{"embeddable":true,"href":"https:\/\/www.faduwart.hu\/honlap\/wp-json\/wp\/v2\/pages\/328"}],"wp:featuredmedia":[{"embeddable":true,"href":"https:\/\/www.faduwart.hu\/honlap\/wp-json\/wp\/v2\/media\/102"}],"wp:attachment":[{"href":"https:\/\/www.faduwart.hu\/honlap\/wp-json\/wp\/v2\/media?parent=457"}],"curies":[{"name":"wp","href":"https:\/\/api.w.org\/{rel}","templated":true}]}}