{"id":459,"date":"2021-09-12T18:15:24","date_gmt":"2021-09-12T18:15:24","guid":{"rendered":"https:\/\/faduwart.hu\/honlap\/?page_id=459"},"modified":"2021-09-13T09:59:12","modified_gmt":"2021-09-13T09:59:12","slug":"flipping-books","status":"publish","type":"page","link":"https:\/\/www.faduwart.hu\/honlap\/about-us\/flipping-books\/","title":{"rendered":"Flipping books"},"content":{"rendered":"\n<div class=\"wp-block-group\"><div class=\"wp-block-group__inner-container\">\n<figure class=\"wp-block-pullquote\"><blockquote><p>Photoalbum? Magazine? Catalog?<\/p><p>We have an environfriendly solution<em>:<\/em><\/p><p>e-album! e-magazine! e-catalog! e-book!<\/p><\/blockquote><\/figure>\n\n\n\n<div class=\"wp-block-group\"><div class=\"wp-block-group__inner-container\">\n<h2><strong>Flipping e-publication on a website<\/strong><\/h2>\n\n\n\n<div class=\"wp-block-media-text alignwide is-stacked-on-mobile\" style=\"grid-template-columns:26% auto\"><figure class=\"wp-block-media-text__media\"><a href=\"http:\/\/bb-press.hu\/\"><img loading=\"lazy\" width=\"178\" height=\"252\" src=\"https:\/\/faduwart.hu\/honlap\/wp-content\/uploads\/2021\/07\/muanyag-2021s.png\" alt=\"\" class=\"wp-image-290 size-full\"\/><\/a><\/figure><div class=\"wp-block-media-text__content\">\n<p>Spectacular, user friendly, legible on mobile devices as well (responsive).<\/p>\n\n\n\n<p>Good alternative to downloadable static PDFs. <\/p>\n\n\n\n<p class=\"has-larger-font-size\"><sub><em>We create your flipping e-catalog, e-brochure, e-book from a PDF file!\u00a0<br><strong>From 22 EUR (ex VAT)!<\/strong><\/em><\/sub><\/p>\n\n\n\n<p>If you do not have (pdf) publication, we can design and create it!<\/p>\n\n\n\n<p>The e-publication can be displayed on a webpage, or it is possible to compile it to Windows exe application, or to Android App, if you want to distribute it e.g. on a CD.<\/p>\n<\/div><\/div>\n<\/div><\/div>\n<\/div><\/div>\n\n\n\n<h2><strong>Animations, which can make the publication more attractive<\/strong><\/h2>\n\n\n\n<div class=\"wp-block-media-text alignwide is-stacked-on-mobile\" style=\"grid-template-columns:28% auto\"><figure class=\"wp-block-media-text__media\"><a href=\"http:\/\/flippingbooks.e-publishinghouse.com\/books\/smvb\/#p=B1\"><img loading=\"lazy\" width=\"480\" height=\"320\" src=\"https:\/\/faduwart.hu\/honlap\/wp-content\/uploads\/2021\/09\/flippingbook-animation.gif\" alt=\"\" class=\"wp-image-464 size-full\"\/><\/a><\/figure><div class=\"wp-block-media-text__content\">\n<p>Attention grabbing animation, e.g. which can highlight important advertisements. E.g.<\/p>\n\n\n\n<ul><li>glowing above a text,<\/li><li>flicker, jump, scroll, zoom and rotate, zoom focus,<\/li><li>swing, rotate, zoom, shine inside, etc.<\/li><li>\u201eugr\u00e1l\u00f3\u201d, forg\u00f3, \u201erezg\u0151\u201d, villog\u00f3, billeg\u0151, n\u00f6vekv\u0151-cs\u00f6kken\u0151 stb. k\u00e9p, alakzat,<\/li><li>moving object, picture through the page.<\/li><\/ul>\n\n\n\n<p>Example in  <a rel=\"noreferrer noopener\" href=\"http:\/\/www.bb-press.hu\/muanyag2021\/index.html#p=I\" data-type=\"URL\" data-id=\"http:\/\/www.bb-press.hu\/muanyag2021\/index.html#p=I\" target=\"_blank\">Yearbook fo Plastic and Rubber Industry<\/a>.<\/p>\n<\/div><\/div>\n\n\n\n<div class=\"wp-block-group\"><div class=\"wp-block-group__inner-container\">\n<h2>Embed v<strong>ideo, sound, website, galery<\/strong><\/h2>\n\n\n\n<div class=\"wp-block-media-text alignwide is-stacked-on-mobile\" style=\"grid-template-columns:28% auto\"><figure class=\"wp-block-media-text__media\"><a href=\"http:\/\/flippingbooks.e-publishinghouse.com\/books\/dbjx\/\"><img loading=\"lazy\" width=\"320\" height=\"240\" src=\"https:\/\/faduwart.hu\/honlap\/wp-content\/uploads\/2021\/07\/lapozos-video-bemutato.gif\" alt=\"lapozhat\u00f3s vide\u00f3 bemutat\u00f3\" class=\"wp-image-302 size-full\"\/><\/a><\/figure><div class=\"wp-block-media-text__content\">\n<p>It is possible to insert a video, an existing website or galery, or sound, music at a given place in the publication. There are several styles of the galery.<\/p>\n<\/div><\/div>\n<\/div><\/div>\n\n\n\n<h2>Interactivity<\/h2>\n\n\n\n<div class=\"wp-block-media-text alignwide is-stacked-on-mobile\" style=\"grid-template-columns:28% auto\"><figure class=\"wp-block-media-text__media\"><a href=\"http:\/\/flippingbooks.e-publishinghouse.com\/books\/lygd\/#p=43\"><img loading=\"lazy\" width=\"480\" height=\"320\" src=\"https:\/\/faduwart.hu\/honlap\/wp-content\/uploads\/2021\/09\/flipping-book-push-button-activities.gif\" alt=\"\" class=\"wp-image-466 size-full\"\/><\/a><\/figure><div class=\"wp-block-media-text__content\">\n<p>With a push button (which can be invisible also) we can create an interactive e-book: <\/p>\n\n\n\n<ul><li>open a dialog box, an information window with picture, sound, text, <\/li><li>show an image a galery, a video, <\/li><li>start a voice file, <\/li><li>open a specified page, or website,<\/li><li>open a mail app to send a letter to a specified address,<\/li><li>activate another element on the page (rotate, move, change text, etc.<\/li><\/ul>\n<\/div><\/div>\n\n\n\n<div class=\"wp-block-group alignwide\"><div class=\"wp-block-group__inner-container\">\n<h2>Style of the interface and the background, other tools<\/h2>\n\n\n\n<div class=\"wp-block-media-text alignwide is-stacked-on-mobile\" style=\"grid-template-columns:28% auto\"><figure class=\"wp-block-media-text__media\"><a href=\"http:\/\/flippingbooks.e-publishinghouse.com\/books\/rlko\/\"><img loading=\"lazy\" width=\"320\" height=\"240\" src=\"https:\/\/faduwart.hu\/honlap\/wp-content\/uploads\/2021\/07\/lapozos-hatter.gif\" alt=\"lapoz\u00f3s h\u00e1tt\u00e9r\" class=\"wp-image-315 size-full\"\/><\/a><\/figure><div class=\"wp-block-media-text__content\">\n<ul><li>Any color, image can be as a background, or you can choose a dinamic (animated) background, according to the publication style.<\/li><li>You can choose a specific interface style.<\/li><li>Your logo can be on the interface.<\/li><li>Other tools: TOC, thumbnails, bookmark, QR-code, notes, share button, search button, download the original pdf, display ads, Google Analytics code can be included, the publication can be protected from a specified page by a password or by a list of accounts (username and password).<\/li><\/ul>\n\n\n\n<p><\/p>\n<\/div><\/div>\n<\/div><\/div>\n\n\n\n<div class=\"wp-block-group alignwide\"><div class=\"wp-block-group__inner-container\">\n<h2>Publication in the cloud, e-bookshelf<\/h2>\n\n\n\n<div class=\"wp-block-media-text alignwide is-stacked-on-mobile\" style=\"grid-template-columns:28% auto\"><figure class=\"wp-block-media-text__media\"><a href=\"http:\/\/flippingbooks.e-publishinghouse.com\"><img loading=\"lazy\" width=\"1024\" height=\"880\" src=\"https:\/\/faduwart.hu\/honlap\/wp-content\/uploads\/2021\/07\/Snapshot_8-1024x880.png\" alt=\"lapozhat\u00f3s e-k\u00f6nyvespolc\" class=\"wp-image-314 size-full\" srcset=\"https:\/\/www.faduwart.hu\/honlap\/wp-content\/uploads\/2021\/07\/Snapshot_8-1024x880.png 1024w, https:\/\/www.faduwart.hu\/honlap\/wp-content\/uploads\/2021\/07\/Snapshot_8-300x258.png 300w, https:\/\/www.faduwart.hu\/honlap\/wp-content\/uploads\/2021\/07\/Snapshot_8-768x660.png 768w, https:\/\/www.faduwart.hu\/honlap\/wp-content\/uploads\/2021\/07\/Snapshot_8-349x300.png 349w, https:\/\/www.faduwart.hu\/honlap\/wp-content\/uploads\/2021\/07\/Snapshot_8.png 1215w\" sizes=\"(max-width: 1024px) 100vw, 1024px\" \/><\/a><\/figure><div class=\"wp-block-media-text__content\">\n<ul><li>You can rent host solution for your publication on <a rel=\"noreferrer noopener\" href=\"http:\/\/flippingbooks.e-publishinghouse.com\" data-type=\"URL\" data-id=\"http:\/\/flippingbooks.e-publishinghouse.com\" target=\"_blank\">FaduwArt&#8217;s server (cloud)<\/a> as well. We provide its link, or code for embedding it.<\/li><li>In case of many publications, we can provide e-bookshelf, similar to <a href=\"http:\/\/flippingbooks.e-publishinghouse.com\/bookcase\/lsvnx\" data-type=\"URL\" data-id=\"http:\/\/flippingbooks.e-publishinghouse.com\/bookcase\/lsvnx\">BGE-OBIC bookshelf<\/a>.<\/li><\/ul>\n\n\n\n<p><\/p>\n<\/div><\/div>\n<\/div><\/div>\n\n\n\n<p>The possibilities are endless. Ask a quotation! (info@faduwart.hu)<\/p>\n\n\n\n<p>E.g. a publication with 4-10 pages (default settings without modification) 22 EUR (w\/o VAT)!<\/p>\n","protected":false},"excerpt":{"rendered":"<p>Animations, which can make the publication more attractive Attention grabbing animation, e.g. which can highlight important advertisements. E.g. glowing above a text, flicker, jump, scroll, zoom and rotate, zoom focus, swing, rotate, zoom, shine inside, etc. \u201eugr\u00e1l\u00f3\u201d, forg\u00f3, \u201erezg\u0151\u201d, villog\u00f3, billeg\u0151, n\u00f6vekv\u0151-cs\u00f6kken\u0151 stb. k\u00e9p, alakzat, moving object, picture through the &hellip;<\/p>\n","protected":false},"author":2,"featured_media":102,"parent":328,"menu_order":0,"comment_status":"closed","ping_status":"closed","template":"","meta":[],"_links":{"self":[{"href":"https:\/\/www.faduwart.hu\/honlap\/wp-json\/wp\/v2\/pages\/459"}],"collection":[{"href":"https:\/\/www.faduwart.hu\/honlap\/wp-json\/wp\/v2\/pages"}],"about":[{"href":"https:\/\/www.faduwart.hu\/honlap\/wp-json\/wp\/v2\/types\/page"}],"author":[{"embeddable":true,"href":"https:\/\/www.faduwart.hu\/honlap\/wp-json\/wp\/v2\/users\/2"}],"replies":[{"embeddable":true,"href":"https:\/\/www.faduwart.hu\/honlap\/wp-json\/wp\/v2\/comments?post=459"}],"version-history":[{"count":5,"href":"https:\/\/www.faduwart.hu\/honlap\/wp-json\/wp\/v2\/pages\/459\/revisions"}],"predecessor-version":[{"id":470,"href":"https:\/\/www.faduwart.hu\/honlap\/wp-json\/wp\/v2\/pages\/459\/revisions\/470"}],"up":[{"embeddable":true,"href":"https:\/\/www.faduwart.hu\/honlap\/wp-json\/wp\/v2\/pages\/328"}],"wp:featuredmedia":[{"embeddable":true,"href":"https:\/\/www.faduwart.hu\/honlap\/wp-json\/wp\/v2\/media\/102"}],"wp:attachment":[{"href":"https:\/\/www.faduwart.hu\/honlap\/wp-json\/wp\/v2\/media?parent=459"}],"curies":[{"name":"wp","href":"https:\/\/api.w.org\/{rel}","templated":true}]}}