{"id":596,"date":"2022-02-27T16:32:49","date_gmt":"2022-02-27T15:32:49","guid":{"rendered":"https:\/\/www.faduwart.hu\/honlap\/?page_id=596"},"modified":"2022-03-07T19:36:41","modified_gmt":"2022-03-07T18:36:41","slug":"netcontrol-2-classroom-osztalyterem-kezelo","status":"publish","type":"page","link":"https:\/\/www.faduwart.hu\/honlap\/szoftverek\/net-control-2\/netcontrol-2-classroom-osztalyterem-kezelo\/","title":{"rendered":"NetControl 2 Classroom oszt\u00e1lyterem-kezel\u0151"},"content":{"rendered":"\n<div class=\"wp-block-group\"><div class=\"wp-block-group__inner-container\">\n<div class=\"wp-block-group\"><div class=\"wp-block-group__inner-container\">\n<div class=\"wp-block-media-text alignwide is-stacked-on-mobile\"><figure class=\"wp-block-media-text__media\"><img loading=\"lazy\" width=\"550\" height=\"328\" src=\"https:\/\/www.faduwart.hu\/honlap\/wp-content\/uploads\/2022\/02\/inx-img5-1.jpg\" alt=\"NetControl2 Classroom\" class=\"wp-image-613 size-full\" srcset=\"https:\/\/www.faduwart.hu\/honlap\/wp-content\/uploads\/2022\/02\/inx-img5-1.jpg 550w, https:\/\/www.faduwart.hu\/honlap\/wp-content\/uploads\/2022\/02\/inx-img5-1-300x179.jpg 300w, https:\/\/www.faduwart.hu\/honlap\/wp-content\/uploads\/2022\/02\/inx-img5-1-503x300.jpg 503w\" sizes=\"(max-width: 550px) 100vw, 550px\" \/><\/figure><div class=\"wp-block-media-text__content\">\n<p>A <strong>Net Control 2 Classroom<\/strong>ban t\u00f6bb, mint 150 k\u00fcl\u00f6nb\u00f6z\u0151 oktat\u00e1si, kommunik\u00e1ci\u00f3s, vez\u00e9rl\u0151 \u00e9s fel\u00fcgyeleti funkci\u00f3 van, amit egy felhaszn\u00e1l\u00f3bar\u00e1t fel\u00fcleten kereszt\u00fcl lehet kezelni. <\/p>\n\n\n\n<p>A legrugalmasabb licencel\u00e9st biztos\u00edtja. K\u00fcl\u00f6n v\u00e1s\u00e1rolhat\u00f3k a tan\u00e1ri \u00e9s tanul\u00f3i licencek az ig\u00e9nyek szerint, de v\u00e1laszthat\u00f3 h\u00e1l\u00f3zati korl\u00e1tlan sz\u00e1m\u00fa licenc is. A licencd\u00edj egyszeri, \u00e9s 24 h\u00f3napos friss\u00edt\u00e9st biztos\u00edt (amit sz\u00fcks\u00e9g szerint meg lehet \u00faj\u00edtani). Windows \u00e9s OS X rendszereken futtathat\u00f3, de a szoftver m\u0171k\u00f6dik a NetControl 2 Android \u00e9s iOS mobil klienssel is. <\/p>\n<\/div><\/div>\n\n\n\n<p>A sk\u00e1l\u00e1zhat\u00f3 architekt\u00far\u00e1nak k\u00f6sz\u00f6nhet\u0151en alkalmas kis irodai h\u00e1l\u00f3zatokhoz \u00e9s nagy, t\u00f6bb ezer sz\u00e1m\u00edt\u00f3g\u00e9pet tartalmaz\u00f3 h\u00e1l\u00f3zatokhoz egyar\u00e1nt. A NetControl 2 Classroom nem ig\u00e9nyel sem tartom\u00e1nyt (dom\u00e9nt), sem h\u00e1l\u00f3zati kiszolg\u00e1l\u00f3t (szervert). Ethernet (vezet\u00e9kes) \u00e9s vezet\u00e9k n\u00e9lk\u00fcli h\u00e1l\u00f3zatokon is m\u0171k\u00f6dik. <\/p>\n\n\n\n<h5>F\u0151bb tulajdons\u00e1gok: <\/h5>\n\n\n\n<ul><li>a tan\u00e1r megoszthatja a k\u00e9perny\u0151j\u00e9t a tanul\u00f3kkal, vagy az egyik tanul\u00f3 k\u00e9perny\u0151j\u00e9t k\u00f6zvet\u00edtheti a t\u00f6bbiek sz\u00e1m\u00e1ra;<\/li><li>Sz\u00f6veg, k\u00e9p, k\u00e9perny\u0151k\u00e9p k\u00fcld\u00e9se, kommunik\u00e1l\u00e1s cseveg\u00e9s eszk\u00f6zzel vagy hanggal (besz\u00e9ddel), tanul\u00f3k jutalmaz\u00e1sa \u00e9rmek kioszt\u00e1s\u00e1val, tanul\u00f3i seg\u00edts\u00e9gk\u00e9r\u00e9s fogad\u00e1sa,<\/li><li>Interakt\u00edv tesztek l\u00e9trehoz\u00e1sa, gyors szavaztat\u00e1s\/felm\u00e9r\u00e9s, feladat kioszt\u00e1sa \u00e9s beszed\u00e9se a tanul\u00f3kt\u00f3l egy kattint\u00e1ssal, e-tananyag k\u00e9sz\u00edt\u00e9se a k\u00e9perny\u0151felvev\u0151 eszk\u00f6zzel, multim\u00e9dia tartalom lej\u00e1tsz\u00e1sa a kijel\u00f6lt vagy \u00f6sszes tanul\u00f3n\u00e1l,<\/li><li>nem k\u00edv\u00e1natos honlapokhoz, alkalmaz\u00e1sokhoz, rendszerbe\u00e1ll\u00edt\u00e1sokhoz val\u00f3 hozz\u00e1f\u00e9r\u00e9s korl\u00e1toz\u00e1sa, nyomtat\u00e1s, USB-eszk\u00f6zh\u00f6z val\u00f3 hozz\u00e1f\u00e9r\u00e9s letilt\u00e1sa, sz\u00e1m\u00edt\u00f3g\u00e9pek be- \u00e9s kikapcsol\u00e1sa t\u00e1volr\u00f3l, f\u00e1jlok \u00e9s alkalmaz\u00e1sok kezel\u00e9se t\u00e1volr\u00f3l.<\/li><li>Tanul\u00f3i (kliens) munka val\u00f3s id\u0151ben val\u00f3 figyelemmel k\u00eds\u00e9r\u00e9se, seg\u00edts\u00e9gny\u00fajt\u00e1s t\u00e1volr\u00f3l, megl\u00e1togatott honlapok, felhaszn\u00e1lt alkalmaz\u00e1sok elemz\u00e9se. Sz\u00e1m\u00edt\u00f3g\u00e9p ideiglenes lez\u00e1r\u00e1sa, hogy a tanul\u00f3 figyelm\u00e9t fenntartsa a tan\u00e1r.<\/li><li>Lecke-terv l\u00e9trehoz\u00e1sa a be\u00e9p\u00edtett tervez\u0151vel, lecke (tan\u00f3ra) adatainak \u00e9s esem\u00e9nyeinek r\u00f6gz\u00edt\u00e9se napl\u00f3ban, tanul\u00f3k oszt\u00e1lyoz\u00e1sa, oszt\u00e1lyzat k\u00fcld\u00e9se \u00e9s megjelen\u00edt\u00e9se a tanul\u00f3i sz\u00e1m\u00edt\u00f3g\u00e9peken stb.<\/li><\/ul>\n\n\n\n<hr class=\"wp-block-separator\"\/>\n\n\n\n<div class=\"wp-block-buttons is-content-justification-center\">\n<div class=\"wp-block-button\"><a class=\"wp-block-button__link has-accent-1-background-color has-background\" href=\"https:\/\/www.faduwart.hu\/honlap\/szoftverek\/net-control-2\/netcontrol-2-smallclass-classroom-es-pro-osszehasonlitasa\/\">\u00d6sszes funkci\u00f3 &#8211; Verzi\u00f3k \u00f6sszehasonl\u00edt\u00e1sa<\/a><\/div>\n<\/div>\n\n\n\n<h5>Rendszerk\u00f6vetelm\u00e9nyek:<\/h5>\n\n\n\n<ul><li><strong>Oper\u00e1ci\u00f3s rendszer: <\/strong>Microsoft Windows 11, 10, 8, 7 (SP1). 64- vagy 32-bit; vagy Windows Server 2008R2 &#8211; 2019. Mac OS X 10.8 &#8211; 10.15 (Mountain Lion &#8211; Catalina).<\/li><li><strong>H\u00e1l\u00f3zat: <\/strong>TCP\/IP v4 helyi h\u00e1l\u00f3zat (vezet\u00e9kes vagy vezet\u00e9k n\u00e9lk\u00fcli). 100 MBit\/s vagy magasabb h\u00e1l\u00f3zati sebess\u00e9g. H\u00e1l\u00f3zati k\u00e9sleltet\u00e9s: max. 10ms<\/li><li><strong>S\u00e1vsz\u00e9less\u00e9g:<\/strong> 0.005-0.2 MBit\/s kliensenk\u00e9nt: alacsony forgalmi m\u0171k\u00f6d\u00e9s &#8211; 0.01 MBit\/s; k\u00f6zvetlen teljes k\u00e9perny\u0151s vez\u00e9rl\u00e9s billenty\u0171vel \u00e9s eg\u00e9rrel &#8211; 0.2 MBit\/s; tan\u00e1ri k\u00e9perny\u0151 k\u00f6zvet\u00edt\u00e9se a tanul\u00f3knak &#8211; 0.15 MBit\/s az \u00f6sszes fogad\u00f3n\u00e1l (Multicast t\u00e1mogatott) vagy kliensenk\u00e9nt.<\/li><li><strong>CPU:<\/strong> x86- or x86-64-kompatibilis CPU, Intel Atom 1.2 GHz vagy magasabb.<\/li><li><strong>RAM:<\/strong> Windows 10-7 32 bit: 2 GB; Windows 11-7 64 Bit, Windows Szerver: 4 GB.<\/li><li><strong>Szabad hely a merevlemezen: <\/strong>150 MB a szoftver sz\u00e1m\u00e1ra. Tov\u00e1bbi hely sz\u00fcks\u00e9ges a felhaszn\u00e1l\u00f3i f\u00e1jloknak (teszt, k\u00e9perny\u0151felv\u00e9tel, napl\u00f3 stb.)<\/li><\/ul>\n<\/div><\/div>\n<\/div><\/div>\n\n\n\n<h2 class=\"has-text-align-center\">30 vagy 45 napos pr\u00f3baverzi\u00f3 teljes funkcionalit\u00e1ssal oktat\u00e1si \u00e9s m\u00e1s int\u00e9zm\u00e9nyek sz\u00e1m\u00e1ra.<\/h2>\n\n\n\n<div class=\"wp-block-buttons is-content-justification-center\">\n<div class=\"wp-block-button\"><a class=\"wp-block-button__link has-accent-1-background-color has-background\" href=\"https:\/\/www.faduwart.hu\/honlap\/szoftverek\/net-control-2-osztalyterem-kezelo-szoftver\/net-control-2-osztalyterem-kezelo-szoftver-vegfelhasznaloi-licencszerzodese\/\">V\u00e9gfelhaszn\u00e1l\u00f3i licencszerz\u0151d\u00e9s<\/a><\/div>\n\n\n\n<div class=\"wp-block-button has-custom-width wp-block-button__width-25\"><a class=\"wp-block-button__link has-accent-1-background-color has-background\" href=\"https:\/\/www.faduwart.hu\/honlap\/szoftverek\/net-control-2-osztalyterem-kezelo-szoftver\/net-control-2-osztalyterem-kezelo-szoftver-frissitesenek-szabalyai\/\">Friss\u00edt\u00e9si szab\u00e1lyok<\/a><\/div>\n\n\n\n<div class=\"wp-block-button has-custom-width wp-block-button__width-25\"><a class=\"wp-block-button__link has-accent-1-background-color has-background\" href=\"https:\/\/www.faduwart.hu\/honlap\/szoftverek\/net-control-2-osztalyterem-kezelo-szoftver\/net-control-2-osztalyterem-kezelo-szoftverkiadasok-arai\/\">\u00c1rak<\/a><\/div>\n\n\n\n<div class=\"wp-block-button has-custom-width wp-block-button__width-25\"><a class=\"wp-block-button__link has-accent-1-background-color has-background\" href=\"https:\/\/www.faduwart.hu\/honlap\/szoftverek\/net-control-2\/netcontrol-2-probaverzio-demo-igenylese\/\">Let\u00f6lt\u00e9s<\/a><\/div>\n<\/div>\n","protected":false},"excerpt":{"rendered":"<p>30 vagy 45 napos pr\u00f3baverzi\u00f3 teljes funkcionalit\u00e1ssal oktat\u00e1si \u00e9s m\u00e1s int\u00e9zm\u00e9nyek sz\u00e1m\u00e1ra.<\/p>\n","protected":false},"author":2,"featured_media":518,"parent":517,"menu_order":1,"comment_status":"closed","ping_status":"closed","template":"","meta":[],"_links":{"self":[{"href":"https:\/\/www.faduwart.hu\/honlap\/wp-json\/wp\/v2\/pages\/596"}],"collection":[{"href":"https:\/\/www.faduwart.hu\/honlap\/wp-json\/wp\/v2\/pages"}],"about":[{"href":"https:\/\/www.faduwart.hu\/honlap\/wp-json\/wp\/v2\/types\/page"}],"author":[{"embeddable":true,"href":"https:\/\/www.faduwart.hu\/honlap\/wp-json\/wp\/v2\/users\/2"}],"replies":[{"embeddable":true,"href":"https:\/\/www.faduwart.hu\/honlap\/wp-json\/wp\/v2\/comments?post=596"}],"version-history":[{"count":9,"href":"https:\/\/www.faduwart.hu\/honlap\/wp-json\/wp\/v2\/pages\/596\/revisions"}],"predecessor-version":[{"id":797,"href":"https:\/\/www.faduwart.hu\/honlap\/wp-json\/wp\/v2\/pages\/596\/revisions\/797"}],"up":[{"embeddable":true,"href":"https:\/\/www.faduwart.hu\/honlap\/wp-json\/wp\/v2\/pages\/517"}],"wp:featuredmedia":[{"embeddable":true,"href":"https:\/\/www.faduwart.hu\/honlap\/wp-json\/wp\/v2\/media\/518"}],"wp:attachment":[{"href":"https:\/\/www.faduwart.hu\/honlap\/wp-json\/wp\/v2\/media?parent=596"}],"curies":[{"name":"wp","href":"https:\/\/api.w.org\/{rel}","templated":true}]}}