{"id":62,"date":"2021-07-25T21:47:59","date_gmt":"2021-07-25T21:47:59","guid":{"rendered":"https:\/\/faduwart.hu\/honlap\/?page_id=62"},"modified":"2022-09-23T17:45:51","modified_gmt":"2022-09-23T15:45:51","slug":"szolgaltatasok","status":"publish","type":"page","link":"https:\/\/www.faduwart.hu\/honlap\/szolgaltatasok\/","title":{"rendered":"Szolg\u00e1ltat\u00e1sok"},"content":{"rendered":"\n<div class=\"wp-block-group\"><div class=\"wp-block-group__inner-container\">\n<p>Ezen az oldalon az aktu\u00e1lis szolg\u00e1ltat\u00e1sainkr\u00f3l olvashat. Egyre n\u00e9pszer\u0171bbek a statikus pdf helyett a lapozhat\u00f3 kiadv\u00e1nyok. K\u00fcl\u00f6nleges effektusokkal is felruh\u00e1zhat\u00f3k, sz\u00ednes\u00edthet\u0151k. Leg\u00fajabb szolg\u00e1ltat\u00e1sunk az e-k\u00f6nyvek kiad\u00e1sa \u00e9s \u00e9rt\u00e9kes\u00edt\u00e9se, amit k\u00fcl\u00f6n\u00f6sk\u00e9ppen a fels\u0151oktat\u00e1si int\u00e9zm\u00e9nyeknek tudunk aj\u00e1nlani a tant\u00e1rgyhoz tartoz\u00f3 jegyzet \u00e9rt\u00e9kes\u00edt\u00e9s\u00e9hez. A <a href=\"http:\/\/www.e-tankonyvkiadas.hu\" data-type=\"URL\" data-id=\"www.e-tankonyvkiadas.hu\">www.e-tankonyvkiadas.hu<\/a> oldalon vannak a r\u00e9szletek. Szolg\u00e1ltat\u00e1sainkr\u00f3l k\u00fcl\u00f6n oldalt hoztunk l\u00e9tre j\u00f3 n\u00e9h\u00e1ny \u00e9vvel ezel\u0151tt, ami m\u00e9g egy r\u00e9gi megold\u00e1ssal k\u00e9sz\u00fclt. Esetleg \u00e9rdemes ott is k\u00f6r\u00fcln\u00e9zni: <a href=\"http:\/\/www.kkvszolgaltatasok.hu\" data-type=\"URL\" data-id=\"www.kkvszolgaltatasok.hu\">www.kkvszolgaltatasok.hu<\/a>. J\u00f3val b\u0151vebb (m\u00e9g&#8230;), valamint h\u00edrek, tan\u00e1csok is tal\u00e1lhat\u00f3k ott&#8230;<\/p>\n\n\n\n<p><\/p>\n\n\n\n<div class=\"wp-block-group\"><div class=\"wp-block-group__inner-container\">\n<h2><strong>Lapozhat\u00f3 e-kiadv\u00e1ny k\u00e9sz\u00edt\u00e9se<\/strong><\/h2>\n\n\n\n<div class=\"wp-block-media-text alignwide is-stacked-on-mobile\" style=\"grid-template-columns:28% auto\"><figure class=\"wp-block-media-text__media\"><a href=\"http:\/\/flippingbooks.e-publishinghouse.com\/books\/dbjx\/#p=10\"><img loading=\"lazy\" width=\"384\" height=\"288\" src=\"https:\/\/faduwart.hu\/honlap\/wp-content\/uploads\/2021\/07\/katalogus2.gif\" alt=\"lapoz\u00f3s anim\u00e1ci\u00f3\" class=\"wp-image-65 size-full\"\/><\/a><\/figure><div class=\"wp-block-media-text__content\">\n<p>PDF dokumentumb\u00f3l lapozhat\u00f3 e-katal\u00f3gust, bros\u00far\u00e1t, k\u00f6nyvet k\u00e9sz\u00edt\u00fcnk, amit megjelen\u00edthet a honlapj\u00e1n, vagy ak\u00e1r CD-n vagy m\u00e1s adathordoz\u00f3n terjeszthet (exe, html, Android app form\u00e1tumban). A kiadv\u00e1nyt a mi t\u00e1rhely\u00fcnk\u00f6n is elhelyezheti, \u00e9s a kiadv\u00e1nyhoz linket adhat meg vagy be\u00e1gyazhatja a saj\u00e1t honlapj\u00e1ba. Nagyobb mennyis\u00e9g\u0171 kiadv\u00e1nyhoz &#8220;k\u00f6nyvespolcot&#8221; is tudunk biztos\u00edtani.<br>A kiadv\u00e1nyban tov\u00e1bbi elemeket is el tudunk helyezni. Alakzatokat, be\u00e1gyazott Youtube vagy Vimeo vide\u00f3t, be\u00e1gyazott honlapot, zen\u00e9t, anim\u00e1ci\u00f3t, figyelemfelkelt\u0151 effektusokat, PayPal linket stb. A h\u00e1tt\u00e9r lehet b\u00e1rmilyen sz\u00edn\u0171 vagy anim\u00e1lt effektus vagy b\u00e1rmilyen k\u00e9p. A rendszerben megjelen\u00edthet\u0151 tartalomjegyz\u00e9k, hirdet\u00e9s, QR-k\u00f3d, log\u00f3 linkkel stb. <a href=\"https:\/\/faduwart.hu\/honlap\/lapozhato-e-kiadvany\/\" data-type=\"page\" data-id=\"282\">R\u00e9szletek&#8230;<\/a><\/p>\n<\/div><\/div>\n<\/div><\/div>\n<\/div><\/div>\n\n\n\n<h2><strong>Kiadv\u00e1nyok tervez\u00e9se \u00e9s k\u00e9sz\u00edt\u00e9se, nyomdai el\u0151k\u00e9sz\u00edt\u00e9s<\/strong><\/h2>\n\n\n\n<div class=\"wp-block-media-text alignwide is-stacked-on-mobile\" style=\"grid-template-columns:28% auto\"><figure class=\"wp-block-media-text__media\"><a href=\"http:\/\/flippingbooks.e-publishinghouse.com\/books\/smvb\/#p=B1\"><img loading=\"lazy\" width=\"1024\" height=\"683\" src=\"https:\/\/faduwart.hu\/honlap\/wp-content\/uploads\/2021\/07\/mbr-1920x1281-1-1024x683.jpeg\" alt=\"handwriting\" class=\"wp-image-68 size-full\" srcset=\"https:\/\/www.faduwart.hu\/honlap\/wp-content\/uploads\/2021\/07\/mbr-1920x1281-1-1024x683.jpeg 1024w, https:\/\/www.faduwart.hu\/honlap\/wp-content\/uploads\/2021\/07\/mbr-1920x1281-1-300x200.jpeg 300w, https:\/\/www.faduwart.hu\/honlap\/wp-content\/uploads\/2021\/07\/mbr-1920x1281-1-768x512.jpeg 768w, https:\/\/www.faduwart.hu\/honlap\/wp-content\/uploads\/2021\/07\/mbr-1920x1281-1-1536x1025.jpeg 1536w, https:\/\/www.faduwart.hu\/honlap\/wp-content\/uploads\/2021\/07\/mbr-1920x1281-1-450x300.jpeg 450w, https:\/\/www.faduwart.hu\/honlap\/wp-content\/uploads\/2021\/07\/mbr-1920x1281-1.jpeg 1920w\" sizes=\"(max-width: 1024px) 100vw, 1024px\" \/><\/a><\/figure><div class=\"wp-block-media-text__content\">\n<p>V\u00e1llaljuk pap\u00edr alap\u00fa k\u00f6nyvek, bros\u00far\u00e1k, \u00fajs\u00e1gok, sz\u00f3r\u00f3lapok megtervez\u00e9s\u00e9t \u00e9s kivitelez\u00e9s\u00e9t. A kiindul\u00e1si anyag lehet k\u00e9zirat vagy egy dokumentumf\u00e1jl is. Sz\u00fcks\u00e9g eset\u00e9n az \u00e1br\u00e1kat is elk\u00e9sz\u00edtj\u00fck v\u00e1zlatb\u00f3l vagy le\u00edr\u00e1s alapj\u00e1n.<br>A kivitelez\u00e9s t\u00f6rt\u00e9nhet az \u00d6n(\u00f6k) m\u0171szaki szerkeszt\u0151j\u00e9nek \u00fatmutat\u00e1sai alapj\u00e1n is. Az elk\u00e9sz\u00fclt anyagot pdf f\u00e1jlban tudjuk rendelkez\u00e9sre bocs\u00e1tani, illetve nyomdai kapcsolatainkat felhaszn\u00e1lva a megfelel\u0151 p\u00e9ld\u00e1nysz\u00e1mban kinyomtatjuk, bek\u00f6tj\u00fck \u00e9s eljuttatjuk \u00d6n\u00f6kh\u00f6z.<\/p>\n<\/div><\/div>\n\n\n\n<div class=\"wp-block-group\"><div class=\"wp-block-group__inner-container\">\n<h2><strong>Elektronikus kiadv\u00e1nyok, interakt\u00edv oktat\u00e1si anyagok, anim\u00e1ci\u00f3k tervez\u00e9se \u00e9s k\u00e9sz\u00edt\u00e9se<\/strong><\/h2>\n\n\n\n<div class=\"wp-block-media-text alignwide is-stacked-on-mobile\" style=\"grid-template-columns:28% auto\"><figure class=\"wp-block-media-text__media\"><a href=\"https:\/\/www.e-studymaterials.com\/MasterBudgeting\"><img loading=\"lazy\" width=\"320\" height=\"240\" src=\"https:\/\/faduwart.hu\/honlap\/wp-content\/uploads\/2021\/07\/studymaterial.gif\" alt=\"studymaterial\" class=\"wp-image-86 size-full\"\/><\/a><\/figure><div class=\"wp-block-media-text__content\">\n<p>Megl\u00e9v\u0151 pap\u00edr alap\u00fa k\u00f6nyv, katal\u00f3gus, \u00fajs\u00e1g, ppt bemutat\u00f3 stb. alapj\u00e1n elk\u00e9sz\u00edtj\u00fck annak elektronikus v\u00e1ltozat\u00e1t. Az elektronikus v\u00e1ltozat el\u0151nye, hogy az interakt\u00edv lehet, tartalmazhat vide\u00f3t, hangot, magyar\u00e1z\u00f3 sz\u00f6veget is, k\u00e9rd\u00e9seket lehet feltenni, a v\u00e1laszt pedig ellen\u0151rizni. Terjeszt\u00e9se, sokszoros\u00edt\u00e1sa sem okoz gondot, pont annyi p\u00e9ld\u00e1nyban lehet elk\u00e9sz\u00edteni, amennyire sz\u00fcks\u00e9g van. Csak egy CD-\u00edr\u00f3 kell hozz\u00e1 vagy Internet, de ak\u00e1r online is megjelen\u00edthet\u0151, jelsz\u00f3val lev\u00e9dhet\u0151.<\/p>\n\n\n\n<p>MP4 form\u00e1tumban magyar\u00e1z\u00f3 anim\u00e1ci\u00f3 is k\u00e9sz\u00edthet\u0151.<\/p>\n\n\n\n<p>Megl\u00e9v\u0151 tank\u00f6nyvh\u00f6z CD mell\u00e9kletet tudunk k\u00e9sz\u00edteni, vagy tan\u00e1roknak kivet\u00edthet\u0151 el\u0151ad\u00e1sanyagot (f\u00f3lia helyett), amit sz\u00ednes\u00edthet\u00fcnk vide\u00f3val, anim\u00e1ci\u00f3val, tesztekkel is, vagy hangal\u00e1mond\u00e1ssal \u00f6n\u00e1ll\u00f3an is haszn\u00e1lhatj\u00e1k a di\u00e1kok, tanul\u00f3k.<\/p>\n<\/div><\/div>\n<\/div><\/div>\n\n\n\n<h2><strong>Interakt\u00edv, tanul\u00e1st seg\u00edt\u0151 anyagok tervez\u00e9se \u00e9s k\u00e9sz\u00edt\u00e9se<\/strong><\/h2>\n\n\n\n<div class=\"wp-block-media-text alignwide is-stacked-on-mobile\" style=\"grid-template-columns:28% auto\"><figure class=\"wp-block-media-text__media\"><a href=\"http:\/\/www.e-studymaterials.com\/hu\/kmh-elemzes\/#!\/index\"><img loading=\"lazy\" width=\"480\" height=\"320\" src=\"https:\/\/faduwart.hu\/honlap\/wp-content\/uploads\/2021\/07\/e-tananyag.gif\" alt=\"e-tananyag\" class=\"wp-image-81 size-full\"\/><\/a><\/figure><div class=\"wp-block-media-text__content\">\n<p>Egyre n\u00e9pszer\u0171bbek az elektronikus, tanul\u00e1st seg\u00edt\u0151 anyagok, mivel az interneten vagy a bels\u0151 h\u00e1l\u00f3zaton lehet el\u00e9rhet\u0151v\u00e9 tenni, de ak\u00e1r CD-n is terjeszthet\u0151. Interakt\u00edv tulajdons\u00e1guk az \u00f6n\u00e1ll\u00f3 tanul\u00e1st is el\u0151seg\u00edti. T\u00e1voktat\u00e1shoz ide\u00e1lis.<\/p>\n<\/div><\/div>\n\n\n\n<h2>E-book k\u00e9sz\u00edt\u00e9se, kiad\u00e1sa, \u00e9rt\u00e9kes\u00edt\u00e9se<\/h2>\n\n\n\n<div class=\"wp-block-media-text alignwide is-stacked-on-mobile\" style=\"grid-template-columns:28% auto\"><figure class=\"wp-block-media-text__media\"><a href=\"https:\/\/www.e-publishinghouse.com\/\"><img loading=\"lazy\" width=\"1024\" height=\"950\" src=\"https:\/\/faduwart.hu\/honlap\/wp-content\/uploads\/2021\/07\/e-publishinghouse-screenshot-1024x950.jpg\" alt=\"e-publishinghouse-screenshot\" class=\"wp-image-96 size-full\" srcset=\"https:\/\/www.faduwart.hu\/honlap\/wp-content\/uploads\/2021\/07\/e-publishinghouse-screenshot-1024x950.jpg 1024w, https:\/\/www.faduwart.hu\/honlap\/wp-content\/uploads\/2021\/07\/e-publishinghouse-screenshot-300x278.jpg 300w, https:\/\/www.faduwart.hu\/honlap\/wp-content\/uploads\/2021\/07\/e-publishinghouse-screenshot-768x713.jpg 768w, https:\/\/www.faduwart.hu\/honlap\/wp-content\/uploads\/2021\/07\/e-publishinghouse-screenshot-323x300.jpg 323w, https:\/\/www.faduwart.hu\/honlap\/wp-content\/uploads\/2021\/07\/e-publishinghouse-screenshot.jpg 1167w\" sizes=\"(max-width: 1024px) 100vw, 1024px\" \/><\/a><\/figure><div class=\"wp-block-media-text__content\">\n<p>Az MS Word vagy pdf form\u00e1tum\u00fa kiadv\u00e1nyokat (k\u00f6nyveket, tank\u00f6nyveket, egyetemi jegyzeteket, oktat\u00e1si anyagokat) elektronikus form\u00e1tumba (epub, mobi, drmz) tudjuk konvert\u00e1lni, sz\u00fcks\u00e9g szerint ISBN sz\u00e1mot ig\u00e9nyelni hozz\u00e1, majd az <a href=\"https:\/\/www.e-publishinghouse.com\" data-type=\"URL\" data-id=\"https:\/\/www.e-publishinghouse.com\">e-publishinghouse.com<\/a> web\u00e1ruh\u00e1zban \u00e9rt\u00e9kes\u00edteni. Term\u00e9szetesen megl\u00e9v\u0151 e-bookok \u00e9rt\u00e9kes\u00edt\u00e9se is lehets\u00e9ges. Lehet\u0151s\u00e9g van a k\u00f6nyvet digit\u00e1lis v\u00e9delemmel is ell\u00e1tni, \u00edgy azt csak speci\u00e1lis olvas\u00f3val lehet megnyitni, online regisztr\u00e1ci\u00f3 ut\u00e1n.<\/p>\n<\/div><\/div>\n\n\n\n<h2>Bemutat\u00f3 vide\u00f3 k\u00e9sz\u00edt\u00e9se mesters\u00e9ges intelligencia felhaszn\u00e1l\u00e1s\u00e1val<\/h2>\n\n\n\n<div class=\"wp-block-media-text alignwide is-stacked-on-mobile\" style=\"grid-template-columns:28% auto\"><figure class=\"wp-block-media-text__media\"><video controls src=\"https:\/\/www.faduwart.hu\/honlap\/wp-content\/uploads\/2022\/09\/Project_3250_e41158f0-3f04-421e-b0ad-49070bc3ea39.mp4\"><\/video><\/figure><div class=\"wp-block-media-text__content\">\n<p>Sz\u00f6veg megad\u00e1s\u00e1val r\u00f6vid el\u0151ad\u00e1st, bemutat\u00f3t tudunk elk\u00e9sz\u00edteni mesters\u00e9ges intelligencia felhaszn\u00e1l\u00e1s\u00e1val ajakszinkroniz\u00e1l\u00e1ssal, k\u00fcl\u00f6nb\u00f6z\u0151 nyelveken. A h\u00e1tt\u00e9r, a szem\u00e9ly, a sz\u00f6veg \u00e9s a st\u00edlus is m\u00f3dos\u00edthat\u00f3. <\/p>\n<\/div><\/div>\n","protected":false},"excerpt":{"rendered":"<p>Kiadv\u00e1nyok tervez\u00e9se \u00e9s k\u00e9sz\u00edt\u00e9se, nyomdai el\u0151k\u00e9sz\u00edt\u00e9s V\u00e1llaljuk pap\u00edr alap\u00fa k\u00f6nyvek, bros\u00far\u00e1k, \u00fajs\u00e1gok, sz\u00f3r\u00f3lapok megtervez\u00e9s\u00e9t \u00e9s kivitelez\u00e9s\u00e9t. A kiindul\u00e1si anyag lehet k\u00e9zirat vagy egy dokumentumf\u00e1jl is. Sz\u00fcks\u00e9g eset\u00e9n az \u00e1br\u00e1kat is elk\u00e9sz\u00edtj\u00fck v\u00e1zlatb\u00f3l vagy le\u00edr\u00e1s alapj\u00e1n.A kivitelez\u00e9s t\u00f6rt\u00e9nhet az \u00d6n(\u00f6k) m\u0171szaki szerkeszt\u0151j\u00e9nek \u00fatmutat\u00e1sai alapj\u00e1n is. Az elk\u00e9sz\u00fclt anyagot pdf f\u00e1jlban tudjuk &hellip;<\/p>\n","protected":false},"author":2,"featured_media":102,"parent":0,"menu_order":0,"comment_status":"closed","ping_status":"closed","template":"","meta":[],"_links":{"self":[{"href":"https:\/\/www.faduwart.hu\/honlap\/wp-json\/wp\/v2\/pages\/62"}],"collection":[{"href":"https:\/\/www.faduwart.hu\/honlap\/wp-json\/wp\/v2\/pages"}],"about":[{"href":"https:\/\/www.faduwart.hu\/honlap\/wp-json\/wp\/v2\/types\/page"}],"author":[{"embeddable":true,"href":"https:\/\/www.faduwart.hu\/honlap\/wp-json\/wp\/v2\/users\/2"}],"replies":[{"embeddable":true,"href":"https:\/\/www.faduwart.hu\/honlap\/wp-json\/wp\/v2\/comments?post=62"}],"version-history":[{"count":22,"href":"https:\/\/www.faduwart.hu\/honlap\/wp-json\/wp\/v2\/pages\/62\/revisions"}],"predecessor-version":[{"id":841,"href":"https:\/\/www.faduwart.hu\/honlap\/wp-json\/wp\/v2\/pages\/62\/revisions\/841"}],"wp:featuredmedia":[{"embeddable":true,"href":"https:\/\/www.faduwart.hu\/honlap\/wp-json\/wp\/v2\/media\/102"}],"wp:attachment":[{"href":"https:\/\/www.faduwart.hu\/honlap\/wp-json\/wp\/v2\/media?parent=62"}],"curies":[{"name":"wp","href":"https:\/\/api.w.org\/{rel}","templated":true}]}}