{"id":739,"date":"2022-03-03T16:40:46","date_gmt":"2022-03-03T15:40:46","guid":{"rendered":"https:\/\/www.faduwart.hu\/honlap\/?page_id=739"},"modified":"2022-03-26T18:54:20","modified_gmt":"2022-03-26T17:54:20","slug":"net-control-2-osztalyterem-kezelo-szoftver-vegfelhasznaloi-licencszerzodese","status":"publish","type":"page","link":"https:\/\/www.faduwart.hu\/honlap\/szoftverek\/net-control-2\/net-control-2-osztalyterem-kezelo-szoftver-vegfelhasznaloi-licencszerzodese\/","title":{"rendered":"Net Control 2 oszt\u00e1lyterem-kezel\u0151 szoftver v\u00e9gfelhaszn\u00e1l\u00f3i licencszerz\u0151d\u00e9se"},"content":{"rendered":"\n<div class=\"wp-block-group\"><div class=\"wp-block-group__inner-container\">\n<div class=\"wp-block-group\"><div class=\"wp-block-group__inner-container\">\n<p><strong>A NET CONTROL 2 SZOFTVER HASZN\u00c1LATA EL\u0150TT FIGYELMESEN OLVASSA EL EZT A LICENCSZERZ\u0150D\u00c9ST.<\/strong><\/p>\n\n\n\n<p>A Net Control 2 szoftver (a tov\u00e1bbiakban: \u201eSzoftver\u201d) \u00e1tv\u00e9tel\u00e9vel \u00e9s\/vagy haszn\u00e1lat\u00e1val \u00d6n elfogadja \u00e9s mag\u00e1ra n\u00e9zve k\u00f6telez\u0151nek ismeri el az al\u00e1bbi Felhaszn\u00e1l\u00f3i Szerz\u0151d\u00e9st. Ez a meg\u00e1llapod\u00e1s k\u00f6telez\u0151 \u00e9rv\u00e9ny\u0171 jogi meg\u00e1llapod\u00e1s a Szoftver szerz\u0151je (a szerz\u0151i jog tulajdonosa) \u00e9s a szoftver v\u00e1s\u00e1rl\u00f3i, felhaszn\u00e1l\u00f3i vagy kipr\u00f3b\u00e1l\u00f3i k\u00f6z\u00f6tt. Ha nem fogadja el a jelen Meg\u00e1llapod\u00e1s \u00f6sszes felt\u00e9tel\u00e9t, vagy nem v\u00e1llalja mag\u00e1ra a jelen Szerz\u0151d\u00e9st, ne telep\u00edtse, illetve ha m\u00e1r telep\u00edtette, azonnal t\u00e1vol\u00edtsa el a Szoftvert a sz\u00e1m\u00edt\u00f3g\u00e9p\u00e9r\u0151l.<\/p>\n\n\n\n<p>Ez a meg\u00e1llapod\u00e1s le\u00edrja a feleknek a Szoftver \u00e9s a kapcsol\u00f3d\u00f3 anyagok telep\u00edt\u00e9s\u00e9b\u0151l \u00e9s \u00fczemeltet\u00e9s\u00e9b\u0151l ered\u0151 jogait \u00e9s k\u00f6telezetts\u00e9geit, de NEM alap\u00edt LICENC-et (enged\u00e9lyt) a Szoftver haszn\u00e1lat\u00e1ra (a 2.1. pontban le\u00edrt esetek kiv\u00e9tel\u00e9vel). A Szoftver haszn\u00e1lat\u00e1ra vonatkoz\u00f3 Regisztr\u00e1lt Felhaszn\u00e1l\u00f3i Licenc, amely le\u00edrja a Szoftver korl\u00e1tait \u00e9s felt\u00e9teleit \u2013 ide\u00e9rtve a regisztr\u00e1ci\u00f3s kulcsot is (a tov\u00e1bbiakban: \u201eLicenc\u201d), a Szerz\u0151i jogok tulajdonos\u00e1t\u00f3l vagy a Szerz\u0151i jogtulajdonos felhatalmazott partner\u00e9t\u0151l k\u00fcl\u00f6n szerezhet\u0151 meg. Az ilyen Licenc a jelen Szerz\u0151d\u00e9s kieg\u00e9sz\u00edt\u00e9se, \u00e9s nem hat\u00e1lytalan\u00edtja ezt, hanem kieg\u00e9sz\u00edti a felt\u00e9teleit.<\/p>\n\n\n\n<ol type=\"1\"><li><strong>A meg\u00e1llapod\u00e1s t\u00e1rgya<\/strong><\/li><\/ol>\n\n\n\n<p>A jelen Szerz\u0151d\u00e9s felt\u00e9teleinek megfelel\u0151en Vadim Parkhomchuk Ec., a szerz\u0151i jog tulajdonosa (a tov\u00e1bbiakban: \u201eLicencbe ad\u00f3\u201d) korl\u00e1tozott, nem kiz\u00e1r\u00f3lagos jogot biztos\u00edt \u00d6nnek, a Licencbe vev\u0151nek a Szoftver haszn\u00e1lat\u00e1ra vagy kipr\u00f3b\u00e1l\u00e1s\u00e1ra e meg\u00e1llapod\u00e1ssal \u00f6sszhangban. Ez mag\u00e1ban foglalja a Szoftver (vagy a Szoftver komponenseinek) t\u00f6bbsz\u00f6r\u00f6z\u00e9s\u00e9nek \u00e9s\/vagy telep\u00edt\u00e9s\u00e9nek jog\u00e1t az \u00d6n Regisztr\u00e1lt Felhaszn\u00e1l\u00f3i Licenc\u00e9ben meghat\u00e1rozott sz\u00e1m\u00fa sz\u00e1m\u00edt\u00f3g\u00e9pre; a Szoftver funkci\u00f3inak haszn\u00e1lat\u00e1nak joga a Szoftver c\u00e9lj\u00e1nak megfelel\u0151en \u00e9s a jelen Szerz\u0151d\u00e9sben meghat\u00e1rozott \u00f6sszes korl\u00e1toz\u00e1ssal. Az \u00d6nnek adott licenc nem ad\u00e1sv\u00e9tel.<\/p>\n\n\n\n<ol start=\"2\"><li><strong>Felhaszn\u00e1l\u00f3i szerz\u0151d\u00e9s<\/strong><\/li><\/ol>\n\n\n\n<p>Ez a szoftver nyilv\u00e1nos hozz\u00e1f\u00e9r\u00e9s\u0171 sz\u00e1m\u00edt\u00f3g\u00e9peken val\u00f3 haszn\u00e1latra k\u00e9sz\u00fclt. K\u00fcl\u00f6n\u00f6sen nem olyan sz\u00e1m\u00edt\u00f3g\u00e9pes rendszerekben val\u00f3 haszn\u00e1latra tervezt\u00e9k, amelyek bizalmas, z\u00e1rt vagy korl\u00e1tozott hozz\u00e1f\u00e9r\u00e9s\u0171 inform\u00e1ci\u00f3kat t\u00e1rolnak b\u00e1rmilyen adatv\u00e9delmi c\u00e9lb\u00f3l; ny\u00edlt h\u00e1l\u00f3zatokban, p\u00e9ld\u00e1ul interneten val\u00f3 haszn\u00e1latra tov\u00e1bbi biztons\u00e1gi int\u00e9zked\u00e9sek n\u00e9lk\u00fcl.<\/p>\n\n\n\n<p>2.1. <strong>DEMO verzi\u00f3.<\/strong> A \u201eNet Control 2 DEMO\u201d sz\u00e1m\u00edt\u00f3g\u00e9pes program (\u201eDem\u00f3 program\u201d) egy p\u00e9ld\u00e1nya telep\u00edthet\u0151 \u00e9s haszn\u00e1lhat\u00f3 egy sz\u00e1m\u00edt\u00f3g\u00e9pen a telep\u00edt\u00e9st\u0151l sz\u00e1m\u00edtott harminc napig (\u201eDem\u00f3 id\u0151szak\u201d). Sz\u00e1m\u00edt\u00f3g\u00e9penk\u00e9nt csak egy telep\u00edt\u00e9s megengedett. A Dem\u00f3 id\u0151szakban a Dem\u00f3 programot csak nem kereskedelmi c\u00e9lokra haszn\u00e1lhatja, \u00e9s kiz\u00e1r\u00f3lag a Dem\u00f3 program k\u00e9pess\u00e9geinek tesztel\u00e9se c\u00e9lj\u00e1b\u00f3l. A Dem\u00f3 id\u0151szak lej\u00e1rta vagy a tesztel\u00e9s v\u00e9g\u00e9n \u00d6n beleegyezik abba, hogy elt\u00e1vol\u00edtja a Szoftvert minden olyan sz\u00e1m\u00edt\u00f3g\u00e9pr\u0151l, amelyre az telep\u00edt\u00e9sre ker\u00fclt.<\/p>\n\n\n\n<p>2.2. <strong>Haszn\u00e1lat a Regisztr\u00e1lt felhaszn\u00e1l\u00f3i licenccel. <\/strong>Ez a licenc a Szoftver b\u00e1rmely regisztr\u00e1lt verzi\u00f3j\u00e1ra \u00e9s a Szoftver regisztr\u00e1lt m\u00e1solataira vonatkozik. A Szoftver nem regisztr\u00e1lt p\u00e9ld\u00e1nyai a Licencad\u00f3t\u00f3l vagy egy meghatalmazott viszontelad\u00f3t\u00f3l \/ forgalmaz\u00f3t\u00f3l \/ szerz\u0151i jog tulajdonos\u00e1t\u00f3l kapott szem\u00e9lyes regisztr\u00e1ci\u00f3s adatok (regisztr\u00e1ci\u00f3s kulcs) megad\u00e1s\u00e1val ker\u00fclnek nyilv\u00e1ntart\u00e1sba. A regisztr\u00e1ci\u00f3s adatokkal egy\u00fctt megkaphatja a regisztr\u00e1lt felhaszn\u00e1l\u00f3i licencszerz\u0151d\u00e9st, amely a jelen V\u00e9gfelhaszn\u00e1l\u00f3i licencszerz\u0151d\u00e9s kieg\u00e9sz\u00edt\u00e9sek\u00e9nt m\u0171k\u00f6dik. A Regisztr\u00e1lt felhaszn\u00e1l\u00f3i licencszerz\u0151d\u00e9s minden tov\u00e1bbi felt\u00e9tele a jelen V\u00e9gfelhaszn\u00e1l\u00f3i licencszerz\u0151d\u00e9s szerves r\u00e9sz\u00e9t k\u00e9pezi.<\/p>\n\n\n\n<p>A Regisztr\u00e1lt felhaszn\u00e1l\u00f3i licencszerz\u0151d\u00e9s vagy regisztr\u00e1ci\u00f3s inform\u00e1ci\u00f3 \/ kulcs, amelyet a Licencad\u00f3t\u00f3l vagy a hivatalos viszontelad\u00f3t\u00f3l \/ forgalmaz\u00f3t\u00f3l \/ szerz\u0151i jog tulajdonos\u00e1t\u00f3l szereztek be, meghat\u00e1rozza azon sz\u00e1m\u00edt\u00f3g\u00e9pek sz\u00e1m\u00e1t is, amelyeken a Szoftver haszn\u00e1lhat\u00f3. A Szoftver k\u00e9t k\u00fcl\u00f6n\u00e1ll\u00f3 r\u00e9szb\u0151l \u00e1ll: Tan\u00e1ri \u00e9s Tanul\u00f3i komponensekb\u0151l, amelyek k\u00fcl\u00f6n licenccel rendelkeznek. Minden olyan sz\u00e1m\u00edt\u00f3g\u00e9pet, kiszolg\u00e1l\u00f3t, kiszolg\u00e1l\u00f3 munkamenetet vagy virtu\u00e1lis g\u00e9pet, ahol a Szoftvert haszn\u00e1lni fogj\u00e1k, k\u00fcl\u00f6n kell licencelni. Nem enged\u00e9lyezheti m\u00e1soknak, hogy e Szoftver regisztr\u00e1lt p\u00e9ld\u00e1nyait haszn\u00e1lj\u00e1k, m\u00e1solj\u00e1k vagy kipr\u00f3b\u00e1lj\u00e1k.<\/p>\n\n\n\n<p>2.3. <strong>Haszn\u00e1lati korl\u00e1toz\u00e1sok<\/strong> \u2013 Ezt a Szoftvert az \u00f6sszes vonatkoz\u00f3 t\u00f6rv\u00e9nynek megfelel\u0151en kell haszn\u00e1lnia, \u00e9s nem szabad semmilyen t\u00f6rv\u00e9nytelen c\u00e9lra alkalmazni.<\/p>\n\n\n\n<p>Nem megengedett a Szoftvert m\u00f3dos\u00edtani, visszafejteni, visszaford\u00edtani vagy r\u00e9szeire bontani, vagy m\u00e1s m\u00f3don megszerezni a forr\u00e1sk\u00f3dot. A Licencad\u00f3 kifejezett \u00edr\u00e1sos enged\u00e9lye n\u00e9lk\u00fcl nem adapt\u00e1lhatja, m\u00f3dos\u00edthatja, ford\u00edthatja le, vagy abb\u00f3l sz\u00e1rmaz\u00e9kos munk\u00e1t (m\u00e1sik szoftvert) hozzon l\u00e9tre. Nem terjesztheti tov\u00e1bb, nem terhelheti meg, nem adhatja el vagy b\u00e9rbe, nem l\u00edzingelheti, nem adhatja tov\u00e1bb a Szoftver jogait, \u00e9s nem t\u00e1vol\u00edthatja el vagy m\u00f3dos\u00edthatja a Szoftverben tal\u00e1lhat\u00f3 v\u00e9djegyeket, log\u00f3kat, szerz\u0151i jogi vagy egy\u00e9b tulajdonjogi megjegyz\u00e9seket, jelk\u00e9peket, szimb\u00f3lumokat vagy c\u00edmk\u00e9ket. A Licencad\u00f3 \u00edr\u00e1sos enged\u00e9lye n\u00e9lk\u00fcl nem \u00e9p\u00edtheti be vagy integr\u00e1lhatja a Szoftvert vagy annak b\u00e1rmely r\u00e9sz\u00e9t semmilyen m\u00e1s szoftverbe, programba vagy term\u00e9kbe. Nem haszn\u00e1lhat harmadik f\u00e9lt\u0151l sz\u00e1rmaz\u00f3 programokat a Szoftverhez val\u00f3 csatlakoz\u00e1shoz vagy a Szoftver kapcsolatainak haszn\u00e1lat\u00e1hoz. \u00d6n v\u00e1llalja tov\u00e1bb\u00e1, hogy betartja a Szoftver \u00e9s a Szolg\u00e1ltat\u00e1s \u00d6n \u00e1ltali haszn\u00e1lat\u00e1ra vonatkoz\u00f3 \u00f6sszes hat\u00e1lyos t\u00f6rv\u00e9nyt \u00e9s el\u0151\u00edr\u00e1st, \u00e9s v\u00e1llalja, hogy k\u00e1rtalan\u00edtja a Licencad\u00f3t, annak tisztvisel\u0151it, \u00fcgyn\u00f6keit, alkalmazottait \u00e9s igazgat\u00f3it a jelen bekezd\u00e9s megs\u00e9rt\u00e9s\u00e9b\u0151l ered\u0151 k\u00e1rok\u00e9rt. V\u00e9gezet\u00fcl, nem hatalmazhat fel vagy seg\u00edthet harmadik feleknek az ebben a bekezd\u00e9sben le\u00edrt tev\u00e9kenys\u00e9gekben. \u00c9rtes\u00edtenie kell azon sz\u00e1m\u00edt\u00f3g\u00e9pek felhaszn\u00e1l\u00f3it, ahol a Szoftvert haszn\u00e1lni fogj\u00e1k az ezeken a sz\u00e1m\u00edt\u00f3g\u00e9peken tal\u00e1lhat\u00f3 inform\u00e1ci\u00f3khoz val\u00f3 hozz\u00e1f\u00e9r\u00e9s felt\u00e9teleir\u0151l.<\/p>\n\n\n\n<p>2.4. <strong>Szerz\u0151i jogi korl\u00e1toz\u00e1s<\/strong> \u2013 A Szoftver szerz\u0151i joggal v\u00e9dett anyagot tartalmaz.<\/p>\n\n\n\n<p>A Net Software, P.C. a Szoftver szerz\u0151i jog\u00e1nak tulajdonosa, \u00e9s fenntartja a Szoftverre vonatkoz\u00f3 \u00f6sszes jog, jogc\u00edm \u00e9s \u00e9rdekelts\u00e9g, valamint az ahhoz kapcsol\u00f3d\u00f3 szellemi tulajdonjogok egyed\u00fcli \u00e9s kiz\u00e1r\u00f3lagos tulajdonjog\u00e1t. A szerz\u0151i jog \u00e9s a nemzetk\u00f6zi szerz\u0151i jogi szerz\u0151d\u00e9s rendelkez\u00e9sei a Net Control 2 szoftver \u00e9s szolg\u00e1ltat\u00e1s minden r\u00e9sz\u00e9t v\u00e9dik. A felhaszn\u00e1l\u00f3 semmilyen programot, k\u00f3dot, r\u00e9szt, k\u00e9pet, hangmint\u00e1t vagy sz\u00f6veget nem m\u00e1solhat vagy haszn\u00e1lhat fel, kiv\u00e9ve az egyfelhaszn\u00e1l\u00f3s program keretein bel\u00fcl. Minden, az al\u00e1bbiakban nem kifejezetten biztos\u00edtott jog fenntartva.<\/p>\n\n\n\n<p><strong>2.5. Id\u0151tartam<\/strong> \u2013 Ez a Licenc a szoftver telep\u00edt\u00e9s\u00e9vel kezd\u0151dik, \u00e9s mindaddig \u00e9rv\u00e9nyes, am\u00edg a Szoftvert el nem t\u00e1vol\u00edtj\u00e1k minden egyes sz\u00e1m\u00edt\u00f3g\u00e9p\u00e9r\u0151l. Ez a Licenc automatikusan megsz\u0171nik a Licenctulajdonos \u00e9rtes\u00edt\u00e9se n\u00e9lk\u00fcl, ha \u00d6n nem tartja be a jelen Licenc b\u00e1rmely rendelkez\u00e9s\u00e9t. A felmond\u00e1st k\u00f6vet\u0151en \u00d6nnek el kell t\u00e1vol\u00edtania a Szoftvert a sz\u00e1m\u00edt\u00f3g\u00e9peir\u0151l. A jelen szerz\u0151d\u00e9sben tov\u00e1bbi m\u00f3dos\u00edt\u00e1sok nem hajthat\u00f3k v\u00e9gre, kiv\u00e9ve a Licencbe vev\u0151 \u00e9s a Licencbe ad\u00f3 \u00e1ltal al\u00e1\u00edrt \u00edr\u00e1sban. Ha az itt biztos\u00edtott licencet b\u00e1rmilyen okb\u00f3l felmondja, \u00d6n beleegyezik abba, hogy halad\u00e9ktalanul besz\u00fcnteti a Szoftver haszn\u00e1lat\u00e1t, \u00e9s megsemmis\u00edti a jelen Szerz\u0151d\u00e9s \u00e9rtelm\u00e9ben sz\u00e1ll\u00edtott Szoftver \u00f6sszes p\u00e9ld\u00e1ny\u00e1t. Az \u00d6nt terhel\u0151 p\u00e9nz\u00fcgyi k\u00f6telezetts\u00e9gek a jelen licenc lej\u00e1rta vagy megsz\u0171n\u00e9se ut\u00e1n is fennmaradnak.<\/p>\n\n\n\n<p>2.6. <strong>\u00c1thelyez\u00e9s<\/strong> \u2013 \u00d6n \u00e1thelyezheti a Szoftvert egyik sz\u00e1m\u00edt\u00f3g\u00e9p\u00e9r\u0151l egy m\u00e1sik (saj\u00e1t) sz\u00e1m\u00edt\u00f3g\u00e9pre, felt\u00e9ve, hogy a Szoftvert m\u00f3dos\u00edt\u00e1s n\u00e9lk\u00fcl helyezi \u00e1t. A szoftvert ellen\u00e9rt\u00e9k fej\u00e9ben vagy ideiglenes jelleggel nem ruh\u00e1zhatja \u00e1t, nem engedm\u00e9nyezheti, nem adhatja b\u00e9rbe, nem l\u00edzingelheti, nem adhatja el \u00e9s m\u00e1s m\u00f3don sem ruh\u00e1zhatja \u00e1t.<\/p>\n\n\n\n<ol start=\"3\"><li><strong>Korl\u00e1tozott garancia \u00e9s felel\u0151ss\u00e9g kiz\u00e1r\u00e1sa<\/strong><\/li><\/ol>\n\n\n\n<p>i. EZ A SZOFTVER \u00c9S A K\u00cdS\u00c9R\u0150 DOKUMENT\u00c1CI\u00d3K (A HASZN\u00c1LATI UTAS\u00cdT\u00c1ST IS BELE\u00c9RTVE) \u201eAHOGY VAN\u201d, MINDENF\u00c9LE GARANCIA N\u00c9LK\u00dcL VAN, A LICENCBE AD\u00d3 NEM NY\u00daJT GARANCI\u00c1T AZ ALKALMAZ\u00c1SHOZ \u00c9S A DOKUMENT\u00c1CI\u00d3KHOZ ANNAK HELYESS\u00c9GE, PONTOSS\u00c1GA, MEGB\u00cdZHAT\u00d3S\u00c1GA, AKTU\u00c1LISS\u00c1GA VAGY EGY\u00c9B M\u00d3DJ\u00c1T ILLET\u0150EN. A SZOFTVER HASZN\u00c1LAT\u00c1NAK EREDM\u00c9NYEIVEL \u00c9S TELJES\u00cdTM\u00c9NY\u00c9VEL KAPCSOLATOS KOCK\u00c1ZATOT TELJES M\u00c9RT\u00c9KBEN A FELHASZN\u00c1L\u00d3 V\u00c1LLALJA. HA A SZOFTVER VAGY AZ \u00cdR\u00c1SOS ANYAG HIB\u00c1S, \u00d6NNEK KELL V\u00c1LLALNIA AZ \u00d6SSZES SZ\u00dcKS\u00c9GES SZOLG\u00c1LTAT\u00c1S, JAV\u00cdT\u00c1S VAGY KORREKCI\u00d3 TELJES K\u00d6LTS\u00c9G\u00c9T A FELHASZN\u00c1L\u00d3I OLDALON, \u00c9S NEM A LICENCBE AD\u00d3NAK VAGY KERESKEDEL\u0150INEK, FORGALMAZ\u00d3INAK, \u00dcGYN\u00d6KEINEK VAGY ALKALMAZOTTAINAK.<\/p>\n\n\n\n<p>ii. A LICENCBE AD\u00d3 MINDEN EGY\u00c9B GARANCI\u00c1T, AK\u00c1R KIFEJEZETETT VAGY V\u00c9LT, BEVEZETETT, DE NEM KIZ\u00c1R\u00d3LAG AZ \u00c9RT\u00c9KES\u00cdTHET\u0150S\u00c9GRE \u00c9S A TERM\u00c9K HASZN\u00c1LHAT\u00d3S\u00c1G\u00c1RA VONATKOZ\u00d3 V\u00c9LEMEZTETT GARANCI\u00c1T ELUTAS\u00cdT. A LICENCBE AD\u00d3 VAGY KERESKEDEL\u0150I, FORGALMAZ\u00d3I, \u00dcGYN\u00d6KEI VAGY ALKALMAZOTTAI \u00c1LTAL ADOTT INFORM\u00c1CI\u00d3K VAGY TAN\u00c1CSOK NEM HOZNAK L\u00c9TRE GARANCI\u00c1T, ILLETVE SEMMILYEN M\u00d3DON TERJESZTIK KI A JELEN GARANCIA HAT\u00c1LY\u00c1T, \u00c9S \u00d6NNEK NEM SZ\u00dcKS\u00c9GES EZEKRE A TAN\u00c1CSOKRA VAGY INFORM\u00c1CI\u00d3KRA T\u00c1MASZKODNIA.<\/p>\n\n\n\n<p>iii. SEM A LICENCBE AD\u00d3, SEM SENKI M\u00c1S, AKIK R\u00c9SZT VESZNEK A TERM\u00c9K EL\u0150\u00c1LL\u00cdT\u00c1S\u00c1BAN, L\u00c9TREHOZ\u00c1S\u00c1BAN VAGY FORGALMAZ\u00c1S\u00c1BAN, NEM FELEL\u0150SEK SEMMILYEN K\u00d6ZVETLEN, K\u00d6ZVETETT, K\u00d6VETKEZM\u00c9NYES VAGY V\u00c9LETLEN K\u00c1ROK\u00c9RT (BELE\u00c9RTVE AZ \u00dcZLETI VESZTES\u00c9GEK, AZ \u00dcZLETI LE\u00c1LL\u00c1SA, \u00dcZLETI INFORM\u00c1CI\u00d3K ELVESZT\u00c9SE \u00c9S HASONL\u00d3 K\u00c1ROKAT), AMELYEK AZ ILYEN TERM\u00c9K HASZN\u00c1LAT\u00c1B\u00d3L VAGY HASZN\u00c1LAT\u00c1NAK K\u00c9PTELENS\u00c9G\u00c9B\u0150L ERED, M\u00c9G AKKOR SEM, HA A LICENCBE AD\u00d3T T\u00c1J\u00c9KOZTAT\u00c1K AZ ILYEN K\u00c1ROK LEHET\u0150S\u00c9G\u00c9R\u0150L.<\/p>\n\n\n\n<p>iv. AMENNYIBEN B\u00c1RMILYEN M\u00c1S GARANCIA FENN\u00c1LL, AZ A TERM\u00c9K LESZ\u00c1LL\u00cdT\u00c1S\u00c1NAK D\u00c1TUM\u00c1T K\u00d6VET\u0150 HARMINC (30) NAP ID\u0150TARTAM\u00c1BAN KORL\u00c1TOZOTT. A LICENCBE AD\u00d3 FELEL\u0150SS\u00c9GE SEMMILYEN M\u00c1S K\u00c1R\u00c9RT NEM VONHAT\u00d3 FELEL\u0150SS\u00c9GRE, AMI MEGHALADJA A SZOFTVER LICENC\u00c9NEK HASZN\u00c1LAT\u00c1RA KIFIZETETT \u00d6SSZEGET.<\/p>\n\n\n\n<ol start=\"4\"><li><strong>K\u00e1rtalan\u00edt\u00e1s<\/strong> \u2013 \u00d6n v\u00e1llalja, hogy k\u00e1rtalan\u00edtja, \u00e1rtalmatlan \u00e1llapotban tartja \u00e9s megv\u00e9di a Licencbe ad\u00f3t minden vesztes\u00e9gt\u0151l, k\u00e1rt\u00f3l, k\u00f6vetel\u00e9st\u0151l vagy pert\u0151l, bele\u00e9rtve az \u00fcgyv\u00e9di d\u00edjakat is, amelyek a Szoftver \u00e1ltal el\u0151\u00e1ll\u00edtott tartalom haszn\u00e1lat\u00e1b\u00f3l vagy terjeszt\u00e9s\u00e9b\u0151l sz\u00e1rmaznak vagy abb\u00f3l erednek.<\/li><\/ol>\n\n\n\n<ol start=\"5\"><li><strong>Adatv\u00e9delem<\/strong> \u2013 A licenc aktiv\u00e1l\u00e1si, ellen\u0151rz\u00e9si \u00e9s automatikus friss\u00edt\u00e9si elj\u00e1r\u00e1sok r\u00e9szek\u00e9nt a szoftver a k\u00f6vetkez\u0151 inform\u00e1ci\u00f3kat k\u00fcldheti \u00e9s fogadhatja internetkapcsolaton kereszt\u00fcl: regisztr\u00e1ci\u00f3s adatok (a regisztr\u00e1ci\u00f3s n\u00e9v \u00e9s k\u00f3d, ahogyan az \u00d6n Regisztr\u00e1lt Felhaszn\u00e1l\u00f3i Licenc\u00e9ben szerepel); a telep\u00edtett Net Control 2 szoftver verzi\u00f3ja; egy egyedi, nem visszafejthet\u0151 32 bites hardverk\u00f3d, amelyet a sz\u00e1m\u00edt\u00f3g\u00e9p hardverinform\u00e1ci\u00f3i alapj\u00e1n sz\u00e1m\u00edtanak ki. Az inform\u00e1ci\u00f3kat biztons\u00e1gos internetkapcsolaton kereszt\u00fcl \u00e9s\/vagy k\u00f3dolt form\u00e1ban ker\u00fclnek elk\u00fcld\u00e9sre vagy fogad\u00e1sra. Az inform\u00e1ci\u00f3 automatikusan elk\u00fcld\u00e9sre ker\u00fcl, amikor a szoftver v\u00e9grehajtja a megfelel\u0151 licencel\u00e9si elj\u00e1r\u00e1st. A meghat\u00e1rozott elj\u00e1r\u00e1sokhoz nem gy\u0171jtenek vagy k\u00fcldenek m\u00e1s inform\u00e1ci\u00f3t. Ha nem \u00e9rt egyet e bekezd\u00e9sben foglaltakkal, k\u00e9rj\u00fck, vegye fel vel\u00fcnk a kapcsolatot, miel\u0151tt megv\u00e1s\u00e1roln\u00e1 a szoftver olyan speci\u00e1lis verzi\u00f3j\u00e1t, amely nem haszn\u00e1l internetkapcsolatot a megadott elj\u00e1r\u00e1sokhoz.<br>M\u00e1s eszk\u00f6z\u00f6k \u00e9s szolg\u00e1ltat\u00e1sok, bele\u00e9rtve a manu\u00e1lis verzi\u00f3ellen\u0151rz\u00e9st, a kritikus hiba\u00fczenetek \u00e9s a visszajelz\u00e9sek k\u00fcld\u00e9s\u00e9t csak a felhaszn\u00e1l\u00f3 kifejezett meger\u0151s\u00edt\u00e9se ut\u00e1n ker\u00fclhetnek elk\u00fcld\u00e9sre, illetve fogad\u00e1sra az interneten kereszt\u00fcl a licencbe ad\u00f3 webszervereir\u0151l\/webszervereihez.<\/li><\/ol>\n\n\n\n<ol start=\"6\"><li><strong>Kieg\u00e9sz\u00edt\u0151 rendelkez\u00e9sek<\/strong> \u2013 Ha a Regisztr\u00e1lt Felhaszn\u00e1l\u00f3i Licencszerz\u0151d\u00e9s ennek ellenkez\u0151j\u00e9t nem \u00edrja el\u0151, a Szoftver a vil\u00e1g b\u00e1rmely ter\u00fclet\u00e9n haszn\u00e1lhat\u00f3.<\/li><li><strong>A licencbe ad\u00f3<\/strong> \u2013 A szerz\u0151 \u00e9s a szerz\u0151i jog tulajdonosa: IP Parkhomchuk V.A., (Vadim Parkhomchuk I.E.), UNP 290644951, Brest, Belarus.<\/li><li><strong>A magyar verzi\u00f3 ford\u00edt\u00e1sa <\/strong>\u2013 FaduwArt Bt. Minden jog fenntartva. A ford\u00edt\u00e1st, a magyar dokument\u00e1ci\u00f3t \u00e9s egy\u00e9b magyar nyelv\u0171 utas\u00edt\u00e1st tov\u00e1bbadni, m\u00e1s szoftverben felhaszn\u00e1lni, \u00e9rt\u00e9kes\u00edteni tilos.<\/li><\/ol>\n\n\n\n<hr class=\"wp-block-separator\"\/>\n\n\n\n<p>A v\u00e9gfelhaszn\u00e1l\u00f3i szerz\u0151d\u00e9s az eredeti angol nyelv\u0171 v\u00e1ltozat ford\u00edt\u00e1sa. Jogi szempontb\u00f3l az eredeti angol nyelv\u0171 verzi\u00f3 az ir\u00e1nyad\u00f3: <a href=\"https:\/\/www.netcontrol2.com\/privacy\">https:\/\/www.netcontrol2.com\/privacy<\/a> <\/p>\n<\/div><\/div>\n<\/div><\/div>\n","protected":false},"excerpt":{"rendered":"","protected":false},"author":2,"featured_media":518,"parent":517,"menu_order":10,"comment_status":"closed","ping_status":"closed","template":"","meta":[],"_links":{"self":[{"href":"https:\/\/www.faduwart.hu\/honlap\/wp-json\/wp\/v2\/pages\/739"}],"collection":[{"href":"https:\/\/www.faduwart.hu\/honlap\/wp-json\/wp\/v2\/pages"}],"about":[{"href":"https:\/\/www.faduwart.hu\/honlap\/wp-json\/wp\/v2\/types\/page"}],"author":[{"embeddable":true,"href":"https:\/\/www.faduwart.hu\/honlap\/wp-json\/wp\/v2\/users\/2"}],"replies":[{"embeddable":true,"href":"https:\/\/www.faduwart.hu\/honlap\/wp-json\/wp\/v2\/comments?post=739"}],"version-history":[{"count":5,"href":"https:\/\/www.faduwart.hu\/honlap\/wp-json\/wp\/v2\/pages\/739\/revisions"}],"predecessor-version":[{"id":772,"href":"https:\/\/www.faduwart.hu\/honlap\/wp-json\/wp\/v2\/pages\/739\/revisions\/772"}],"up":[{"embeddable":true,"href":"https:\/\/www.faduwart.hu\/honlap\/wp-json\/wp\/v2\/pages\/517"}],"wp:featuredmedia":[{"embeddable":true,"href":"https:\/\/www.faduwart.hu\/honlap\/wp-json\/wp\/v2\/media\/518"}],"wp:attachment":[{"href":"https:\/\/www.faduwart.hu\/honlap\/wp-json\/wp\/v2\/media?parent=739"}],"curies":[{"name":"wp","href":"https:\/\/api.w.org\/{rel}","templated":true}]}}