{"id":746,"date":"2022-03-03T17:29:34","date_gmt":"2022-03-03T16:29:34","guid":{"rendered":"https:\/\/www.faduwart.hu\/honlap\/?page_id=746"},"modified":"2022-03-26T18:55:08","modified_gmt":"2022-03-26T17:55:08","slug":"net-control-2-osztalyterem-kezelo-szoftver-frissitesenek-szabalyai","status":"publish","type":"page","link":"https:\/\/www.faduwart.hu\/honlap\/szoftverek\/net-control-2\/net-control-2-osztalyterem-kezelo-szoftver-frissitesenek-szabalyai\/","title":{"rendered":"Net Control 2 oszt\u00e1lyterem-kezel\u0151 szoftver friss\u00edt\u00e9s\u00e9nek szab\u00e1lyai"},"content":{"rendered":"\n<div class=\"wp-block-group\"><div class=\"wp-block-group__inner-container\">\n<div class=\"wp-block-group\"><div class=\"wp-block-group__inner-container\">\n<ol type=\"1\"><li>Minden megv\u00e1s\u00e1rolt \u00e9s fizetett friss\u00edt\u00e9si verzi\u00f3 24 h\u00f3napos ingyenes friss\u00edt\u00e9si id\u0151szakkal rendelkezik a Classroom \u00e9s PRO kiad\u00e1sok eset\u00e9n, \u00e9s 12 h\u00f3napos a SmallClass kiad\u00e1s eset\u00e9n a v\u00e1s\u00e1rl\u00e1s id\u0151pontj\u00e1t\u00f3l sz\u00e1m\u00edtva. <\/li><li>Az ingyenes friss\u00edt\u00e9si id\u0151szak alatt a saj\u00e1t verzi\u00f3j\u00e1t a szoftver legutols\u00f3 verzi\u00f3j\u00e1ra d\u00edjmentesen friss\u00edtheti. Ez az aj\u00e1nlat csak akkor \u00e9rv\u00e9nyes, ha az \u00d6n ingyenes friss\u00edt\u00e9si verzi\u00f3 ir\u00e1nti k\u00e9r\u00e9se az ingyenes id\u0151szak alatt \u00e9rkezik hozz\u00e1nk. Nem tudjuk az ingyenes friss\u00edt\u00e9st biztos\u00edtani, amennyiben az ingyenes friss\u00edt\u00e9si id\u0151szak m\u00e1r lej\u00e1rt, m\u00e9g akkor sem, ha lett volna az ingyenes friss\u00edt\u00e9si id\u0151szak alatt \u00fajabb verzi\u00f3.<\/li><li>A kor\u00e1bban v\u00e1s\u00e1rolt verzi\u00f3t a regisztr\u00e1lt felhaszn\u00e1l\u00f3k a v\u00e1s\u00e1rl\u00e1st\u00f3l sz\u00e1m\u00edtott 4 \u00e9ven bel\u00fcl 50% kedvezm\u00e9nnyel, 4 \u00e9s 6 \u00e9v k\u00f6z\u00f6tti v\u00e1s\u00e1rl\u00e1s eset\u00e9n 30% kedvezm\u00e9nnyel friss\u00edthetik a leg\u00fajabb verzi\u00f3ra. 6 \u00e9ven t\u00fal a teljes \u00e1rat kell fizetni az \u00fajabb verzi\u00f3 megv\u00e1s\u00e1rl\u00e1s\u00e1hoz.<\/li><li>A friss\u00edt\u00e9s csak ugyanazon kiad\u00e1s hat\u00e1rain bel\u00fcl lehets\u00e9ges, nem v\u00e1ltoztathatja meg a friss\u00edt\u00e9si verzi\u00f3 kiad\u00e1s\u00e1t. P\u00e9ld\u00e1ul nem friss\u00edtheti a NetControl2 SmallClass 19 verzi\u00f3t a NetControl2 PRO 21 verzi\u00f3ra k\u00f6zvetlen\u00fcl, de lehet\u0151s\u00e9g van a friss\u00edt\u00e9sre k\u00fcl\u00f6n-k\u00fcl\u00f6n.<\/li><li>A friss\u00edt\u00e9si licenc csak ugyanannyi sz\u00e1m\u00edt\u00f3g\u00e9pre \u00e9rv\u00e9nyes, mint amennyit kor\u00e1bban megv\u00e1s\u00e1rolt. P\u00e9ld\u00e1ul ha a NetControl2 Classroom kiad\u00e1st 1 tan\u00e1ri \u00e9s 20 tanul\u00f3i licenccel v\u00e1s\u00e1rolta meg, nem friss\u00edtheti kedvezm\u00e9nyesen 2 tan\u00e1ri \u00e9s 40 tanul\u00f3i licencre, hanem csak 1 tan\u00e1ri \u00e9s 30 tanul\u00f3i licencre, \u00e9s v\u00e1s\u00e1rolhat hozz\u00e1 teljes \u00e1ron \u00fajabb 1 tan\u00e1ri \u00e9s 20 tanul\u00f3i licencet.<\/li><li>Amennyiben szoftverkiad\u00e1st szeretne v\u00e1ltani magasabb verzi\u00f3ra ugyanolyan licencsz\u00e1mmal, akkor a kett\u0151 k\u00f6z\u00f6tti k\u00fcl\u00f6nbs\u00e9get kell kifizetnie.<\/li><li>Amennyiben a v\u00e1s\u00e1rl\u00e1s 6 \u00e9ven bel\u00fcl t\u00f6rt\u00e9nt, akkor \u00fajabb tan\u00e1ri \u00e9s\/vagy tanul\u00f3i licenceket lehet v\u00e1s\u00e1rolni a megl\u00e9v\u0151 licenchez a Classroom \u00e9s a PRO eset\u00e9ben.<\/li><\/ol>\n\n\n\n<p>A friss\u00edt\u00e9shez l\u00e9pjen kapcsolatba a disztrib\u00fatorral az info@faduwart.hu c\u00edmen, \u00e9s adja meg a v\u00e1s\u00e1rl\u00e1s\/licenc adatait. <\/p>\n\n\n\n<p>A megv\u00e1s\u00e1rolt licencek friss\u00edt\u00e9se nem k\u00f6telez\u0151, azokat id\u0151korl\u00e1t n\u00e9lk\u00fcl haszn\u00e1lhatj\u00e1k. Akkor kell \u00fajabb verzi\u00f3t v\u00e1s\u00e1rolni, ha olyan funkci\u00f3val b\u0151v\u00fclt, amit haszn\u00e1lni szeretne.<\/p>\n\n\n\n<hr class=\"wp-block-separator\"\/>\n\n\n\n<p><\/p>\n<\/div><\/div>\n<\/div><\/div>\n","protected":false},"excerpt":{"rendered":"","protected":false},"author":2,"featured_media":518,"parent":517,"menu_order":9,"comment_status":"closed","ping_status":"closed","template":"","meta":[],"_links":{"self":[{"href":"https:\/\/www.faduwart.hu\/honlap\/wp-json\/wp\/v2\/pages\/746"}],"collection":[{"href":"https:\/\/www.faduwart.hu\/honlap\/wp-json\/wp\/v2\/pages"}],"about":[{"href":"https:\/\/www.faduwart.hu\/honlap\/wp-json\/wp\/v2\/types\/page"}],"author":[{"embeddable":true,"href":"https:\/\/www.faduwart.hu\/honlap\/wp-json\/wp\/v2\/users\/2"}],"replies":[{"embeddable":true,"href":"https:\/\/www.faduwart.hu\/honlap\/wp-json\/wp\/v2\/comments?post=746"}],"version-history":[{"count":1,"href":"https:\/\/www.faduwart.hu\/honlap\/wp-json\/wp\/v2\/pages\/746\/revisions"}],"predecessor-version":[{"id":747,"href":"https:\/\/www.faduwart.hu\/honlap\/wp-json\/wp\/v2\/pages\/746\/revisions\/747"}],"up":[{"embeddable":true,"href":"https:\/\/www.faduwart.hu\/honlap\/wp-json\/wp\/v2\/pages\/517"}],"wp:featuredmedia":[{"embeddable":true,"href":"https:\/\/www.faduwart.hu\/honlap\/wp-json\/wp\/v2\/media\/518"}],"wp:attachment":[{"href":"https:\/\/www.faduwart.hu\/honlap\/wp-json\/wp\/v2\/media?parent=746"}],"curies":[{"name":"wp","href":"https:\/\/api.w.org\/{rel}","templated":true}]}}