{"id":749,"date":"2022-03-03T19:12:31","date_gmt":"2022-03-03T18:12:31","guid":{"rendered":"https:\/\/www.faduwart.hu\/honlap\/?page_id=749"},"modified":"2025-03-07T12:12:33","modified_gmt":"2025-03-07T11:12:33","slug":"net-control-2-osztalyterem-kezelo-szoftverkiadasok-arai","status":"publish","type":"page","link":"https:\/\/www.faduwart.hu\/honlap\/szoftverek\/net-control-2\/net-control-2-osztalyterem-kezelo-szoftverkiadasok-arai\/","title":{"rendered":"Net Control 2 oszt\u00e1lyterem-kezel\u0151 szoftverkiad\u00e1sok t\u00e1j\u00e9koztat\u00f3 \u00e1rai"},"content":{"rendered":"\n<div class=\"wp-block-group\"><div class=\"wp-block-group__inner-container\">\n<div class=\"wp-block-group\"><div class=\"wp-block-group__inner-container\">\n<p><strong><span style=\"color:#a3007b\" class=\"has-inline-color\">A FaduwArt Bt. \u00e1tt\u00e9rt az \u00e1famentes v\u00e1llalkoz\u00e1sra, mivel az \u00fcgyfelek t\u00f6bbs\u00e9ge mag\u00e1nszem\u00e9ly, illetve akkredit\u00e1lt oktat\u00e1si int\u00e9zm\u00e9nyek, \u00edgy a nett\u00f3 \u00e9s brutt\u00f3 \u00e1rak megegyeznek.<\/span><\/strong><\/p>\n\n\n\n<h3>NetControl2 SmallClass<\/h3>\n\n\n\n<p>A SmallClass licenc 1 tan\u00e1ri \u00e9s max. 20 tanul\u00f3i sz\u00e1m\u00edt\u00f3g\u00e9pre t\u00f6rt\u00e9n\u0151 telep\u00edt\u00e9st enged\u00e9lyez. A megv\u00e1s\u00e1rolt licenc id\u0151korl\u00e1t n\u00e9lk\u00fcli, \u00e9s 12 h\u00f3nap ingyenes friss\u00edt\u00e9st biztos\u00edt a v\u00e1s\u00e1rl\u00e1s id\u0151pontj\u00e1t\u00f3l sz\u00e1m\u00edtva. <a href=\"https:\/\/www.faduwart.hu\/honlap\/szoftverek\/net-control-2-osztalyterem-kezelo-szoftver\/net-control-2-osztalyterem-kezelo-szoftver-frissitesenek-szabalyai\/\">R\u00e9szletek a friss\u00edt\u00e9sr\u0151l&#8230;<\/a> <\/p>\n\n\n\n<figure class=\"wp-block-table is-style-stripes\"><table class=\"has-subtle-pale-green-background-color has-background\"><thead><tr><th class=\"has-text-align-center\" data-align=\"center\"><strong>Term\u00e9k neve<\/strong><\/th><th class=\"has-text-align-center\" data-align=\"center\"><strong>Licenc<\/strong><\/th><th class=\"has-text-align-center\" data-align=\"center\"><strong>Nett\u00f3 \u00e1r (Ft)<\/strong><\/th><th class=\"has-text-align-center\" data-align=\"center\"><strong>Brutt\u00f3 \u00e1r (Ft)<\/strong><\/th><\/tr><\/thead><tbody><tr><td class=\"has-text-align-center\" data-align=\"center\">NetControl2 Small Class<\/td><td class=\"has-text-align-center\" data-align=\"center\">1 tan\u00e1ri \u00e9s 20 tanul\u00f3i oszt\u00e1lyterem licenc<\/td><td class=\"has-text-align-center\" data-align=\"center\"><code>108,237<\/code><\/td><td class=\"has-text-align-center\" data-align=\"center\"><code>108,237<\/code><\/td><\/tr><\/tbody><\/table><figcaption>(Legal\u00e1bb 5 licenc egyszerre t\u00f6rt\u00e9n\u0151 v\u00e1s\u00e1rl\u00e1sa eset\u00e9n k\u00e9rjen \u00e1raj\u00e1nlatot!)<\/figcaption><\/figure>\n\n\n\n<h3>NetControl2 Classroom<\/h3>\n\n\n\n<p>A tan\u00e1ri \u00e9s a tanul\u00f3i licenceket k\u00fcl\u00f6n-k\u00fcl\u00f6n lehet megv\u00e1s\u00e1rolni, vagy korl\u00e1tlan sz\u00e1m\u00fa sz\u00e1m\u00edt\u00f3g\u00e9p licenc eset\u00e9n az egy \u00e9p\u00fcleten bel\u00fcl (egy IP-tartom\u00e1nyon bel\u00fcl) korl\u00e1tlan sz\u00e1m\u00fa sz\u00e1m\u00edt\u00f3g\u00e9pre lehet telep\u00edteni a tan\u00e1ri \u00e9s a tanul\u00f3i komponenseket. A megv\u00e1s\u00e1rolt licenc id\u0151korl\u00e1t n\u00e9lk\u00fcli, \u00e9s 24 h\u00f3nap ingyenes friss\u00edt\u00e9st biztos\u00edt a v\u00e1s\u00e1rl\u00e1s id\u0151pontj\u00e1t\u00f3l sz\u00e1m\u00edtva. <a href=\"https:\/\/www.faduwart.hu\/honlap\/szoftverek\/net-control-2-osztalyterem-kezelo-szoftver\/net-control-2-osztalyterem-kezelo-szoftver-frissitesenek-szabalyai\/\" data-type=\"page\" data-id=\"746\">R\u00e9szletek a friss\u00edt\u00e9sr\u0151l&#8230;<\/a><\/p>\n\n\n\n<figure class=\"wp-block-table is-style-stripes\"><table class=\"has-subtle-pale-green-background-color has-background\"><thead><tr><th class=\"has-text-align-center\" data-align=\"center\"><strong>Term\u00e9k neve<\/strong><\/th><th class=\"has-text-align-center\" data-align=\"center\"><strong>Licenc<\/strong><\/th><th class=\"has-text-align-center\" data-align=\"center\"><strong>Nett\u00f3 \u00e1r (Ft)<\/strong><\/th><th class=\"has-text-align-center\" data-align=\"center\"><strong>Brutt\u00f3 \u00e1r (Ft)<\/strong><\/th><\/tr><\/thead><tbody><tr><td class=\"has-text-align-center\" data-align=\"center\">NetControl2 Classroom<\/td><td class=\"has-text-align-center\" data-align=\"center\">1-5 tan\u00e1ri licenc<\/td><td class=\"has-text-align-center\" data-align=\"center\"><code>38,878<\/code><\/td><td class=\"has-text-align-center\" data-align=\"center\"><code>38,878<\/code><\/td><\/tr><tr><td class=\"has-text-align-center\" data-align=\"center\">NetControl2 Classroom<\/td><td class=\"has-text-align-center\" data-align=\"center\">6-10 tan\u00e1ri licenc<\/td><td class=\"has-text-align-center\" data-align=\"center\"><code>27,992<\/code><\/td><td class=\"has-text-align-center\" data-align=\"center\"><code>27,992<\/code><\/td><\/tr><tr><td class=\"has-text-align-center\" data-align=\"center\">NetControl2 Classroom<\/td><td class=\"has-text-align-center\" data-align=\"center\">11- tan\u00e1ri licenc<\/td><td class=\"has-text-align-center\" data-align=\"center\"><code>26,126<\/code><\/td><td class=\"has-text-align-center\" data-align=\"center\"><code>26,126<\/code><\/td><\/tr><tr><td class=\"has-text-align-center\" data-align=\"center\">NetControl2 Classroom<\/td><td class=\"has-text-align-center\" data-align=\"center\">5-50 tanul\u00f3i licenc<\/td><td class=\"has-text-align-center\" data-align=\"center\"><code>5,598<\/code><\/td><td class=\"has-text-align-center\" data-align=\"center\"><code>5,598<\/code><\/td><\/tr><tr><td class=\"has-text-align-center\" data-align=\"center\">NetControl2 Classroom<\/td><td class=\"has-text-align-center\" data-align=\"center\">51-100 tanul\u00f3i licenc<\/td><td class=\"has-text-align-center\" data-align=\"center\"><code>4,665<\/code><\/td><td class=\"has-text-align-center\" data-align=\"center\"><code>4,665<\/code><\/td><\/tr><tr><td class=\"has-text-align-center\" data-align=\"center\">NetControl2 Classroom<\/td><td class=\"has-text-align-center\" data-align=\"center\">101-500 tanul\u00f3i licenc<\/td><td class=\"has-text-align-center\" data-align=\"center\"><code>4,354<\/code><\/td><td class=\"has-text-align-center\" data-align=\"center\"><code>4,354<\/code><\/td><\/tr><tr><td class=\"has-text-align-center\" data-align=\"center\">NetControl2 Classroom<\/td><td class=\"has-text-align-center\" data-align=\"center\">501- tanul\u00f3i licenc<\/td><td class=\"has-text-align-center\" data-align=\"center\"><code>3,732<\/code><\/td><td class=\"has-text-align-center\" data-align=\"center\"><code>3,732<\/code><\/td><\/tr><tr><td class=\"has-text-align-center\" data-align=\"center\">NetControl2 Classroom<\/td><td class=\"has-text-align-center\" data-align=\"center\">korl\u00e1tlan oktat\u00e1si*<\/td><td class=\"has-text-align-center\" data-align=\"center\"><code>1,306,307<\/code><\/td><td class=\"has-text-align-center\" data-align=\"center\"><code>1,306,307<\/code><\/td><\/tr><tr><td class=\"has-text-align-center\" data-align=\"center\">NetControl2 Classroom<\/td><td class=\"has-text-align-center\" data-align=\"center\">korl\u00e1tlan kereskedelmi*<\/td><td class=\"has-text-align-center\" data-align=\"center\"><code>1,710,641<\/code><\/td><td class=\"has-text-align-center\" data-align=\"center\"><code>1,710,641<\/code><\/td><\/tr><\/tbody><\/table><figcaption>*egy \u00e9p\u00fcleten bel\u00fcl (egy IP-tartom\u00e1nyon bel\u00fcl)<\/figcaption><\/figure>\n\n\n\n<h3>NetControl2 PRO<\/h3>\n\n\n\n<p>A NetContro2 PRO licenchez tartozik egy szerver (kiszolg\u00e1l\u00f3) komponens, amelyet egy sz\u00e1m\u00edt\u00f3g\u00e9pre lehet telep\u00edteni. A tan\u00e1ri \u00e9s tanul\u00f3i komponensek b\u00e1rmilyen kombin\u00e1ci\u00f3ja lehets\u00e9ges a megadott licencsz\u00e1mokon bel\u00fcl, amelyek egy szervezethez (IP-tartom\u00e1nyhoz) tartoznak. A megv\u00e1s\u00e1rolt licenc id\u0151korl\u00e1t n\u00e9lk\u00fcli, \u00e9s 24 h\u00f3nap ingyenes friss\u00edt\u00e9st biztos\u00edt a v\u00e1s\u00e1rl\u00e1s id\u0151pontj\u00e1t\u00f3l sz\u00e1m\u00edtva. <a href=\"https:\/\/www.faduwart.hu\/honlap\/szoftverek\/net-control-2-osztalyterem-kezelo-szoftver\/net-control-2-osztalyterem-kezelo-szoftver-frissitesenek-szabalyai\/\">R\u00e9szletek a friss\u00edt\u00e9sr\u0151l&#8230;<\/a><\/p>\n\n\n\n<figure class=\"wp-block-table is-style-stripes\"><table class=\"has-subtle-pale-green-background-color has-background\"><thead><tr><th class=\"has-text-align-center\" data-align=\"center\"><strong>Term\u00e9k neve<\/strong><\/th><th class=\"has-text-align-center\" data-align=\"center\"><strong>Licenc<\/strong><\/th><th class=\"has-text-align-center\" data-align=\"center\"><strong>Nett\u00f3 \u00e1r (Ft)<\/strong><\/th><th class=\"has-text-align-center\" data-align=\"center\"><strong>Brutt\u00f3 \u00e1r (Ft)<\/strong><\/th><\/tr><\/thead><tbody><tr><td class=\"has-text-align-center\" data-align=\"center\">NetControl2 PRO<\/td><td class=\"has-text-align-center\" data-align=\"center\">100 sz\u00e1m\u00edt\u00f3g\u00e9p licenc<\/td><td class=\"has-text-align-center\" data-align=\"center\"><code>466,538<\/code><\/td><td class=\"has-text-align-center\" data-align=\"center\"><code>466,538<\/code><\/td><\/tr><tr><td class=\"has-text-align-center\" data-align=\"center\">NetControl2 PRO<\/td><td class=\"has-text-align-center\" data-align=\"center\">250 sz\u00e1m\u00edt\u00f3g\u00e9p licenc<\/td><td class=\"has-text-align-center\" data-align=\"center\"><code>671,815<\/code><\/td><td class=\"has-text-align-center\" data-align=\"center\"><code>671,815<\/code><\/td><\/tr><tr><td class=\"has-text-align-center\" data-align=\"center\">NetControl2 PRO<\/td><td class=\"has-text-align-center\" data-align=\"center\">500 sz\u00e1m\u00edt\u00f3g\u00e9p licenc<\/td><td class=\"has-text-align-center\" data-align=\"center\"><code>970,400<\/code><\/td><td class=\"has-text-align-center\" data-align=\"center\"><code>970,400<\/code><\/td><\/tr><tr><td class=\"has-text-align-center\" data-align=\"center\">NetControl2 PRO<\/td><td class=\"has-text-align-center\" data-align=\"center\">korl\u00e1tlan*<\/td><td class=\"has-text-align-center\" data-align=\"center\"><code>1,455,600<\/code><\/td><td class=\"has-text-align-center\" data-align=\"center\"><code>1,455,600<\/code><\/td><\/tr><\/tbody><\/table><figcaption>*egy \u00e9p\u00fcleten bel\u00fcl (egy IP-tartom\u00e1nyon bel\u00fcl)<\/figcaption><\/figure>\n\n\n\n<hr class=\"wp-block-separator\"\/>\n\n\n\n<p>A szoftverhez magyar \u00e9s angol nyelv\u0171 telep\u00edt\u00e9si \u00e9s konfigur\u00e1ci\u00f3s seg\u00e9dlet, valamint magyar nyelv\u0171 tan\u00e1ri \u00e9s tanul\u00f3i felhaszn\u00e1l\u00f3i k\u00e9zik\u00f6nyvek is tartoznak pdf form\u00e1tumban.<\/p>\n<\/div><\/div>\n<\/div><\/div>\n","protected":false},"excerpt":{"rendered":"","protected":false},"author":2,"featured_media":518,"parent":517,"menu_order":8,"comment_status":"closed","ping_status":"closed","template":"","meta":[],"_links":{"self":[{"href":"https:\/\/www.faduwart.hu\/honlap\/wp-json\/wp\/v2\/pages\/749"}],"collection":[{"href":"https:\/\/www.faduwart.hu\/honlap\/wp-json\/wp\/v2\/pages"}],"about":[{"href":"https:\/\/www.faduwart.hu\/honlap\/wp-json\/wp\/v2\/types\/page"}],"author":[{"embeddable":true,"href":"https:\/\/www.faduwart.hu\/honlap\/wp-json\/wp\/v2\/users\/2"}],"replies":[{"embeddable":true,"href":"https:\/\/www.faduwart.hu\/honlap\/wp-json\/wp\/v2\/comments?post=749"}],"version-history":[{"count":10,"href":"https:\/\/www.faduwart.hu\/honlap\/wp-json\/wp\/v2\/pages\/749\/revisions"}],"predecessor-version":[{"id":876,"href":"https:\/\/www.faduwart.hu\/honlap\/wp-json\/wp\/v2\/pages\/749\/revisions\/876"}],"up":[{"embeddable":true,"href":"https:\/\/www.faduwart.hu\/honlap\/wp-json\/wp\/v2\/pages\/517"}],"wp:featuredmedia":[{"embeddable":true,"href":"https:\/\/www.faduwart.hu\/honlap\/wp-json\/wp\/v2\/media\/518"}],"wp:attachment":[{"href":"https:\/\/www.faduwart.hu\/honlap\/wp-json\/wp\/v2\/media?parent=749"}],"curies":[{"name":"wp","href":"https:\/\/api.w.org\/{rel}","templated":true}]}}