{"id":776,"date":"2022-03-07T19:08:54","date_gmt":"2022-03-07T18:08:54","guid":{"rendered":"https:\/\/www.faduwart.hu\/honlap\/?page_id=776"},"modified":"2022-03-26T18:55:35","modified_gmt":"2022-03-26T17:55:35","slug":"netcontrol-2-probaverzio-demo-igenylese","status":"publish","type":"page","link":"https:\/\/www.faduwart.hu\/honlap\/szoftverek\/net-control-2\/netcontrol-2-probaverzio-demo-igenylese\/","title":{"rendered":"NetControl 2 pr\u00f3baverzi\u00f3 ig\u00e9nyl\u00e9se"},"content":{"rendered":"\n<div class=\"wp-block-group\"><div class=\"wp-block-group__inner-container\">\n<div class=\"wp-block-group\"><div class=\"wp-block-group__inner-container\">\n<p>A <strong>Net Control 2 Classroom, SmallClass \u00e9s PRO<\/strong> kiad\u00e1sok pr\u00f3baverzi\u00f3j\u00e1nak ig\u00e9nyl\u00e9se az al\u00e1bbi \u0171rlap kit\u00f6lt\u00e9s\u00e9vel lehets\u00e9ges.<\/p>\n\n\n\n<p>A korl\u00e1toz\u00e1s n\u00e9lk\u00fcli pr\u00f3baverzi\u00f3t 30 napig lehet haszn\u00e1lni, de k\u00e9r\u00e9sre 15 nappal meg lehet hosszabb\u00edtani. A Classroom \u00e9s PRO verzi\u00f3n\u00e1l a megjegyz\u00e9sben meg kell adni, hogy h\u00e1ny tan\u00e1ri \u00e9s tanul\u00f3i sz\u00e1m\u00edt\u00f3g\u00e9pre akarj\u00e1k telep\u00edteni.<\/p>\n\n\n\n<div class=\"wp-block-group alignfull has-background\" style=\"background-color:#dff5d2\"><div class=\"wp-block-group__inner-container\">\n<div class=\"wp-block-columns\">\n<div class=\"wp-block-column\">\n<div class=\"wp-block-columns\">\n<div class=\"wp-block-column\" style=\"flex-basis:15%\"><\/div>\n\n\n\n<div class=\"wp-block-column\" style=\"flex-basis:70%\">\n<div class=\"wp-block-contact-form-7-contact-form-selector\"><div role=\"form\" class=\"wpcf7\" id=\"wpcf7-f774-o1\" lang=\"hu-HU\" dir=\"ltr\">\n<div class=\"screen-reader-response\"><p role=\"status\" aria-live=\"polite\" aria-atomic=\"true\"><\/p> <ul><\/ul><\/div>\n<form action=\"\/honlap\/wp-json\/wp\/v2\/pages\/776#wpcf7-f774-o1\" method=\"post\" class=\"wpcf7-form init wpcf7-acceptance-as-validation\" novalidate=\"novalidate\" data-status=\"init\">\n<div style=\"display: none;\">\n<input type=\"hidden\" name=\"_wpcf7\" value=\"774\" \/>\n<input type=\"hidden\" name=\"_wpcf7_version\" value=\"5.5.6\" \/>\n<input type=\"hidden\" name=\"_wpcf7_locale\" value=\"hu_HU\" \/>\n<input type=\"hidden\" name=\"_wpcf7_unit_tag\" value=\"wpcf7-f774-o1\" \/>\n<input type=\"hidden\" name=\"_wpcf7_container_post\" value=\"0\" \/>\n<input type=\"hidden\" name=\"_wpcf7_posted_data_hash\" value=\"\" \/>\n<\/div>\n<p><label> N\u00e9v<br \/>\n    <span class=\"wpcf7-form-control-wrap felhasznalonev\"><input type=\"text\" name=\"felhasznalonev\" value=\"\" size=\"40\" class=\"wpcf7-form-control wpcf7-text wpcf7-validates-as-required\" aria-required=\"true\" aria-invalid=\"false\" \/><\/span> <\/label><\/p>\n<p><label> E-mail c\u00edm<br \/>\n    <span class=\"wpcf7-form-control-wrap emailcim\"><input type=\"email\" name=\"emailcim\" value=\"\" size=\"40\" class=\"wpcf7-form-control wpcf7-text wpcf7-email wpcf7-validates-as-required wpcf7-validates-as-email\" aria-required=\"true\" aria-invalid=\"false\" \/><\/span> <\/label><\/p>\n<p><label> Telefon (nem k\u00f6telez\u0151)<br \/>\n    <span class=\"wpcf7-form-control-wrap telefon\"><input type=\"tel\" name=\"telefon\" value=\"\" size=\"40\" class=\"wpcf7-form-control wpcf7-text wpcf7-tel wpcf7-validates-as-tel\" aria-invalid=\"false\" \/><\/span><\/label><\/p>\n<p><label> Szervezet<br \/>\n    <span class=\"wpcf7-form-control-wrap szervezet\"><input type=\"text\" name=\"szervezet\" value=\"\" size=\"40\" class=\"wpcf7-form-control wpcf7-text wpcf7-validates-as-required\" aria-required=\"true\" aria-invalid=\"false\" \/><\/span> <\/label><\/p>\n<p><label> C\u00edm<br \/>\n    <span class=\"wpcf7-form-control-wrap cim\"><input type=\"text\" name=\"cim\" value=\"\" size=\"40\" class=\"wpcf7-form-control wpcf7-text wpcf7-validates-as-required\" aria-required=\"true\" aria-invalid=\"false\" \/><\/span> <\/label><\/p>\n<p><label> Verzi\u00f3<br \/>\n    <span class=\"wpcf7-form-control-wrap verzio\"><select name=\"verzio\" class=\"wpcf7-form-control wpcf7-select wpcf7-validates-as-required\" aria-required=\"true\" aria-invalid=\"false\"><option value=\"Net Control 2 SmallClass - pr\u00f3baverzi\u00f3*\">Net Control 2 SmallClass - pr\u00f3baverzi\u00f3*<\/option><option value=\"Net Control 2 Classroom - pr\u00f3baverzi\u00f3*\">Net Control 2 Classroom - pr\u00f3baverzi\u00f3*<\/option><option value=\"Net Control 2 PRO - pr\u00f3baverzi\u00f3*\">Net Control 2 PRO - pr\u00f3baverzi\u00f3*<\/option><\/select><\/span> <\/label><br \/>\n<label> Megjegyz\u00e9s (tan\u00e1ri\/tanul\u00f3i modulok sz\u00e1ma)<br \/>\n    <span class=\"wpcf7-form-control-wrap megjegyzes\"><input type=\"text\" name=\"megjegyzes\" value=\"\" size=\"40\" class=\"wpcf7-form-control wpcf7-text\" aria-invalid=\"false\" \/><\/span> <\/label><br \/>\n<label><br \/>\nFIGYELEM! Nem fogadunk el n\u00e9vtelen vagy helytelen\u00fcl kit\u00f6lt\u00f6tt k\u00e9relmet. K\u00e9rj\u00fck, korrekt \u00e9s \u00e9rv\u00e9nyes adatokat adjon meg. K\u00f6sz\u00f6nj\u00fck.<br \/>\n* A korl\u00e1tlan funkci\u00f3kkal rendelkez\u0151 pr\u00f3baverzi\u00f3t (Classroom, SmallClass, PRO) csak hivatalos, \"c\u00e9ges\" e-mail c\u00edmre k\u00fcld\u00fcnk. Fenntartjuk a jogot, hogy amennyiben az adatok nem felelnek meg a k\u00f6vetelm\u00e9nynek, akkor nem k\u00fcldj\u00fck a pr\u00f3baverzi\u00f3t.<br \/>\n<\/label><br \/>\n<label><br \/>\nA K\u00fcld\u00e9s gombra kattintva elfogadja a <a href=\"https:\/\/www.faduwart.hu\/honlap\/szoftverek\/net-control-2-osztalyterem-kezelo-szoftver\/net-control-2-osztalyterem-kezelo-szoftver-vegfelhasznaloi-licencszerzodese\/\">V\u00e9gfelhaszn\u00e1l\u00f3i szerz\u0151d\u00e9st<\/a>, valamint hogy az itt megadott adatok tov\u00e1bb\u00edt\u00e1sra ker\u00fclnek a fejleszt\u0151 r\u00e9sz\u00e9re is.<br \/>\n<\/label><\/p>\n<p><span class=\"wpcf7-form-control-wrap your-consent\"><span class=\"wpcf7-form-control wpcf7-acceptance\"><span class=\"wpcf7-list-item\"><label><input type=\"checkbox\" name=\"your-consent\" value=\"1\" aria-invalid=\"false\" \/><span class=\"wpcf7-list-item-label\">Elfogadom a felt\u00e9teleket.<\/span><\/label><\/span><\/span><\/span><br \/>\n<input type=\"submit\" value=\"K\u00fcld\u00e9s\" class=\"wpcf7-form-control has-spinner wpcf7-submit\" \/><\/p>\n<div class=\"wpcf7-response-output\" aria-hidden=\"true\"><\/div><\/form><\/div><\/div>\n<\/div>\n\n\n\n<div class=\"wp-block-column\" style=\"flex-basis:15%\"><\/div>\n<\/div>\n<\/div>\n<\/div>\n<\/div><\/div>\n\n\n\n<h5>Rendszerk\u00f6vetelm\u00e9nyek:<\/h5>\n\n\n\n<ul><li><strong>Oper\u00e1ci\u00f3s rendszer: <\/strong>Microsoft Windows 11, 10, 8, 7 (SP1). 64- vagy 32-bit; vagy Windows Server 2008R2 &#8211; 2019. Mac OS X 10.8 &#8211; 10.15 (Mountain Lion &#8211; Catalina).<\/li><li><strong>H\u00e1l\u00f3zat: <\/strong>TCP\/IP v4 helyi h\u00e1l\u00f3zat (vezet\u00e9kes vagy vezet\u00e9k n\u00e9lk\u00fcli). 100 MBit\/s vagy magasabb h\u00e1l\u00f3zati sebess\u00e9g. H\u00e1l\u00f3zati k\u00e9sleltet\u00e9s: max. 10ms<\/li><li><strong>S\u00e1vsz\u00e9less\u00e9g:<\/strong> 0.005-0.2 MBit\/s kliensenk\u00e9nt: alacsony forgalmi m\u0171k\u00f6d\u00e9s &#8211; 0.01 MBit\/s; k\u00f6zvetlen teljes k\u00e9perny\u0151s vez\u00e9rl\u00e9s billenty\u0171vel \u00e9s eg\u00e9rrel &#8211; 0.2 MBit\/s; tan\u00e1ri k\u00e9perny\u0151 k\u00f6zvet\u00edt\u00e9se a tanul\u00f3knak &#8211; 0.15 MBit\/s az \u00f6sszes fogad\u00f3n\u00e1l (Multicast t\u00e1mogatott) vagy kliensenk\u00e9nt.<\/li><li><strong>CPU:<\/strong> x86- or x86-64-kompatibilis CPU, Intel Atom 1.2 GHz vagy magasabb.<\/li><li><strong>RAM:<\/strong> Windows 10-7 32 bit: 2 GB; Windows 11-7 64 Bit, Windows Szerver: 4 GB.<\/li><li><strong>Szabad hely a merevlemezen: <\/strong>150 MB a szoftver sz\u00e1m\u00e1ra. Tov\u00e1bbi hely sz\u00fcks\u00e9ges a felhaszn\u00e1l\u00f3i f\u00e1jloknak (teszt, k\u00e9perny\u0151felv\u00e9tel, napl\u00f3 stb.)<\/li><\/ul>\n<\/div><\/div>\n<\/div><\/div>\n\n\n\n<h2 class=\"has-text-align-center\">30 vagy 45 napos pr\u00f3baverzi\u00f3 teljes funkcionalit\u00e1ssal oktat\u00e1si \u00e9s m\u00e1s int\u00e9zm\u00e9nyek sz\u00e1m\u00e1ra.<\/h2>\n\n\n\n<div class=\"wp-block-buttons is-content-justification-center\">\n<div class=\"wp-block-button\"><a class=\"wp-block-button__link has-accent-1-background-color has-background\" href=\"https:\/\/www.faduwart.hu\/honlap\/szoftverek\/net-control-2-osztalyterem-kezelo-szoftver\/net-control-2-osztalyterem-kezelo-szoftver-vegfelhasznaloi-licencszerzodese\/\">V\u00e9gfelhaszn\u00e1l\u00f3i licencszerz\u0151d\u00e9s<\/a><\/div>\n\n\n\n<div class=\"wp-block-button has-custom-width wp-block-button__width-25\"><a class=\"wp-block-button__link has-accent-1-background-color has-background\" href=\"https:\/\/www.faduwart.hu\/honlap\/szoftverek\/net-control-2-osztalyterem-kezelo-szoftver\/net-control-2-osztalyterem-kezelo-szoftver-frissitesenek-szabalyai\/\">Friss\u00edt\u00e9si szab\u00e1lyok<\/a><\/div>\n\n\n\n<div class=\"wp-block-button has-custom-width wp-block-button__width-25\"><a class=\"wp-block-button__link has-accent-1-background-color has-background\" href=\"https:\/\/www.faduwart.hu\/honlap\/szoftverek\/net-control-2-osztalyterem-kezelo-szoftver\/net-control-2-osztalyterem-kezelo-szoftverkiadasok-arai\/\">\u00c1rak<\/a><\/div>\n<\/div>\n","protected":false},"excerpt":{"rendered":"<p>30 vagy 45 napos pr\u00f3baverzi\u00f3 teljes funkcionalit\u00e1ssal oktat\u00e1si \u00e9s m\u00e1s int\u00e9zm\u00e9nyek sz\u00e1m\u00e1ra.<\/p>\n","protected":false},"author":2,"featured_media":518,"parent":517,"menu_order":7,"comment_status":"closed","ping_status":"closed","template":"","meta":[],"_links":{"self":[{"href":"https:\/\/www.faduwart.hu\/honlap\/wp-json\/wp\/v2\/pages\/776"}],"collection":[{"href":"https:\/\/www.faduwart.hu\/honlap\/wp-json\/wp\/v2\/pages"}],"about":[{"href":"https:\/\/www.faduwart.hu\/honlap\/wp-json\/wp\/v2\/types\/page"}],"author":[{"embeddable":true,"href":"https:\/\/www.faduwart.hu\/honlap\/wp-json\/wp\/v2\/users\/2"}],"replies":[{"embeddable":true,"href":"https:\/\/www.faduwart.hu\/honlap\/wp-json\/wp\/v2\/comments?post=776"}],"version-history":[{"count":11,"href":"https:\/\/www.faduwart.hu\/honlap\/wp-json\/wp\/v2\/pages\/776\/revisions"}],"predecessor-version":[{"id":811,"href":"https:\/\/www.faduwart.hu\/honlap\/wp-json\/wp\/v2\/pages\/776\/revisions\/811"}],"up":[{"embeddable":true,"href":"https:\/\/www.faduwart.hu\/honlap\/wp-json\/wp\/v2\/pages\/517"}],"wp:featuredmedia":[{"embeddable":true,"href":"https:\/\/www.faduwart.hu\/honlap\/wp-json\/wp\/v2\/media\/518"}],"wp:attachment":[{"href":"https:\/\/www.faduwart.hu\/honlap\/wp-json\/wp\/v2\/media?parent=776"}],"curies":[{"name":"wp","href":"https:\/\/api.w.org\/{rel}","templated":true}]}}